{"id":28267,"date":"2024-04-09T21:22:28","date_gmt":"2024-04-09T21:22:28","guid":{"rendered":"https:\/\/cheveuxluxe.com\/index.php\/product\/sibel-brosse-pneumatique-classic-72\/"},"modified":"2024-04-13T14:23:37","modified_gmt":"2024-04-13T14:23:37","slug":"sibel-brosse-pneumatique-classic-72","status":"publish","type":"product","link":"https:\/\/cheveuxluxe.com\/index.php\/product\/sibel-brosse-pneumatique-classic-72\/","title":{"rendered":"Sibel Brosse pneumatique &#8211; Classic 72"},"content":{"rendered":"<div class=\"product-content_bottom\">\n<div class=\"pdp-info\">\n<div class=\"pdp-tabs tab-container\">\n<div class=\"tab js-tab\">\n<h3 class=\"tab-title pdp-tabs_title js-tab-mobile-title open\"><span>Points cl\u00e9s<\/span><\/h3>\n<div class=\"tab-description pdp-tabs_description js-tab-description open\" itemprop=\"description\">\n<ul>\n<li>Manche en ABS<\/li>\n<li>Soies de sanglier et nylon <\/li>\n<li>Sur 7 rang\u00e9es <\/li>\n<li>18,2cm<\/li>\n<\/ul>\n<\/div>\n<\/div>\n<div class=\"tab js-tab\">\n<h3 class=\"tab-title pdp-tabs_title js-tab-mobile-title\"><span>Description<\/span><\/h3>\n<div class=\"tab-description pdp-tabs_description js-tab-description\" itemprop=\"description\">La brosse ovale Classic associe 7 rang\u00e9es de soies de sanglier et de nylon extra-longues.<br \/>Les soies m\u00e9lang\u00e9es associent le meilleur : d\u00e9m\u00ealer des cheveux tout en ajoutant une brillance glossy gr\u00e2ce \u00e0 la r\u00e9partition des huiles naturelles dans la chevelure.<br \/>Le coussin s\u2019adapte \u00e0 la forme du cuir chevelu et r\u00e9duit ainsi les dommages au cuir chevelu ou la casse des cheveux.<br \/>Le manche est en ABS.<br \/>Cette petite version est recommand\u00e9e pour les cheveux plus courts.<br \/>18,2cm.<\/div>\n<\/div>\n<div class=\"tab js-tab\">\n<h3 class=\"tab-title pdp-tabs_title js-tab-mobile-title\"><span>Mode d&#8217;emploi<\/span><\/h3>\n<div class=\"tab-description pdp-tabs_description js-tab-description\">Avant de proc\u00e9der au shampoing, passez la brosse pneumatique Classic 72 de Sibel dans les cheveux secs. Commencez par d\u00e9m\u00ealer les pointes, puis partez des racines en exer\u00e7ant de petits massages circulaires sur le cuir chevelu.Vous pouvez \u00e9galement vous en servir pour lisser les cheveux fins et naturellement raides pendant le brushing.Une fois les cheveux s\u00e9ch\u00e9s, un dernier coup de brosse de haut en bas les fera briller de tout leur \u00e9clat.<\/div>\n<\/div>\n<div class=\"tab js-tab\">\n<h3 class=\"tab-title pdp-tabs_title js-tab-mobile-title\"><span>Livraison et stock<\/span><\/h3>\n<div class=\"tab-description pdp-tabs_description js-tab-description\">\n<div class=\"pdp-delivery_info\">\n<div class=\"content-asset\">Livraison et d\u00e9laisRetours et remboursements<\/div>\n<\/div>\n<\/div>\n<\/div>\n<div class=\"tab js-tab\">\n<h3 class=\"tab-title pdp-tabs_title js-tab-mobile-title\"><span>Pr\u00e9cautions d&#8217;emploi<\/span><\/h3>\n<div class=\"tab-description pdp-tabs_description js-tab-description\">Conserver hors de la port\u00e9e des enfants.<\/div>\n<\/div>\n<\/div>\n<\/div>\n<\/div>\n","protected":false},"excerpt":{"rendered":"<p>Points cl\u00e9s Manche en ABS Soies de sanglier et nylon Sur 7 rang\u00e9es 18,2cm Description&hellip;<\/p>\n","protected":false},"featured_media":18563,"comment_status":"open","ping_status":"closed","template":"","meta":[],"pwb-brand":[652],"product_cat":[612],"product_tag":[613,127,342],"class_list":{"0":"post-28267","1":"product","2":"type-product","3":"status-publish","4":"has-post-thumbnail","6":"pwb-brand-sibel","7":"product_cat-essentiels-coiffure-pour-etudiants","8":"product_tag-essentiels-coiffure-pour-etudiants","9":"product_tag-shampooing-et-coiffure","10":"product_tag-sibel","12":"first","13":"instock","14":"taxable","15":"shipping-taxable","16":"purchasable","17":"product-type-simple","18":"layout-style-3","19":"col-md-4 col-sm-4 col-xs-6","20":"col-lg-3","21":"product-has-gallery","22":"product-style-default"},"aioseo_notices":[],"brands":[{"id":652,"name":"Sibel","slug":"sibel"}],"_links":{"self":[{"href":"https:\/\/cheveuxluxe.com\/index.php\/wp-json\/wp\/v2\/product\/28267","targetHints":{"allow":["GET"]}}],"collection":[{"href":"https:\/\/cheveuxluxe.com\/index.php\/wp-json\/wp\/v2\/product"}],"about":[{"href":"https:\/\/cheveuxluxe.com\/index.php\/wp-json\/wp\/v2\/types\/product"}],"replies":[{"embeddable":true,"href":"https:\/\/cheveuxluxe.com\/index.php\/wp-json\/wp\/v2\/comments?post=28267"}],"version-history":[{"count":0,"href":"https:\/\/cheveuxluxe.com\/index.php\/wp-json\/wp\/v2\/product\/28267\/revisions"}],"wp:featuredmedia":[{"embeddable":true,"href":"https:\/\/cheveuxluxe.com\/index.php\/wp-json\/wp\/v2\/media\/18563"}],"wp:attachment":[{"href":"https:\/\/cheveuxluxe.com\/index.php\/wp-json\/wp\/v2\/media?parent=28267"}],"wp:term":[{"taxonomy":"pwb-brand","embeddable":true,"href":"https:\/\/cheveuxluxe.com\/index.php\/wp-json\/wp\/v2\/pwb-brand?post=28267"},{"taxonomy":"product_cat","embeddable":true,"href":"https:\/\/cheveuxluxe.com\/index.php\/wp-json\/wp\/v2\/product_cat?post=28267"},{"taxonomy":"product_tag","embeddable":true,"href":"https:\/\/cheveuxluxe.com\/index.php\/wp-json\/wp\/v2\/product_tag?post=28267"}],"curies":[{"name":"wp","href":"https:\/\/api.w.org\/{rel}","templated":true}]}}