{"id":28272,"date":"2024-04-09T21:22:34","date_gmt":"2024-04-09T21:22:34","guid":{"rendered":"https:\/\/cheveuxluxe.com\/index.php\/product\/sibel-peignoirs-jetables-lot-de-20\/"},"modified":"2024-04-13T13:54:07","modified_gmt":"2024-04-13T13:54:07","slug":"sibel-peignoirs-jetables-lot-de-20","status":"publish","type":"product","link":"https:\/\/cheveuxluxe.com\/index.php\/product\/sibel-peignoirs-jetables-lot-de-20\/","title":{"rendered":"Sibel Peignoirs Jetables, lot de 20"},"content":{"rendered":"<div class=\"product-content_bottom\">\n<div class=\"pdp-info\">\n<div class=\"pdp-tabs tab-container\">\n<div class=\"tab js-tab\">\n<h3 class=\"tab-title pdp-tabs_title js-tab-mobile-title open\"><span>Points cl\u00e9s<\/span><\/h3>\n<div class=\"tab-description pdp-tabs_description js-tab-description open\" itemprop=\"description\">\n<ul>\n<li> Cape jetable<\/li>\n<li>Plastique<\/li>\n<li>Usage unique<\/li>\n<li>Taille unique<\/li>\n<li>Protection coloration <\/li>\n<\/ul>\n<\/div>\n<\/div>\n<div class=\"tab js-tab\">\n<h3 class=\"tab-title pdp-tabs_title js-tab-mobile-title\"><span>Description<\/span><\/h3>\n<div class=\"tab-description pdp-tabs_description js-tab-description\" itemprop=\"description\">Il est indispensable de pr\u00e9server les capes et peignoirs en tissu ainsi que les v\u00eatements du client lors de l\u2019utilisation de produits colorants ou d\u00e9colorants. Le Peignoir de Teinture Jetable de Sibel est pr\u00e9vue pour vous pr\u00e9munir d\u2019\u00e9ventuels accidents de couleurs.En plastique transparent, cette cape \u00e9ph\u00e9m\u00e8re passe inaper\u00e7ue dans le salon. Pourtant ses qualit\u00e9s sont grandes.La cape poss\u00e8de des dimensions de 82 cm de large pour 88 cm de long \u00e0 partir du col, ce qui permet une couverture parfaite de la surface \u00e0 prot\u00e9ger contre les \u00e9claboussures intempestives et impr\u00e9visibles. Elle convient \u00e0 tous les types de profils physiques, petits ou grands.Le Peignoir s\u2019attache facilement derri\u00e8re le cou en nouant les deux lani\u00e8res pr\u00e9vues \u00e0 cet effet, et dispara\u00eet aussi rapidement \u00e0 la poubelle apr\u00e8s utilisation.Les Peignoirs sont vendues en lot de 20.<\/div>\n<\/div>\n<div class=\"tab js-tab\">\n<h3 class=\"tab-title pdp-tabs_title js-tab-mobile-title\"><span>Mode d&#8217;emploi<\/span><\/h3>\n<div class=\"tab-description pdp-tabs_description js-tab-description\">D\u00e9pliez enti\u00e8rement le Peignoir de Teinture Jetable de Sibel.D\u00e9posez-le directement sur la cape en textile ou le peignoir de coiffure de Sibel.Fermez-le en le nouant derri\u00e8re le cou.Pensez \u00e0 prot\u00e9ger vos v\u00eatements avec un tablier jetable de Sibel avant de commencer la coloration.<\/div>\n<\/div>\n<div class=\"tab js-tab\">\n<h3 class=\"tab-title pdp-tabs_title js-tab-mobile-title\"><span>Livraison et stock<\/span><\/h3>\n<div class=\"tab-description pdp-tabs_description js-tab-description\">\n<div class=\"pdp-delivery_info\">\n<div class=\"content-asset\">Livraison et d\u00e9laisRetours et remboursements<\/div>\n<\/div>\n<\/div>\n<\/div>\n<\/div>\n<\/div>\n<\/div>\n","protected":false},"excerpt":{"rendered":"<p>Points cl\u00e9s Cape jetable Plastique Usage unique Taille unique Protection coloration Description Il est indispensable&hellip;<\/p>\n","protected":false},"featured_media":20226,"comment_status":"open","ping_status":"closed","template":"","meta":[],"pwb-brand":[652],"product_cat":[567],"product_tag":[168,568,342],"class_list":{"0":"post-28272","1":"product","2":"type-product","3":"status-publish","4":"has-post-thumbnail","6":"pwb-brand-sibel","7":"product_cat-hygiene","8":"product_tag-equipement-de-salon","9":"product_tag-hygiene","10":"product_tag-sibel","12":"first","13":"instock","14":"taxable","15":"shipping-taxable","16":"purchasable","17":"product-type-simple","18":"layout-style-3","19":"col-md-4 col-sm-4 col-xs-6","20":"col-lg-3","21":"product-has-gallery","22":"product-style-default"},"aioseo_notices":[],"brands":[{"id":652,"name":"Sibel","slug":"sibel"}],"_links":{"self":[{"href":"https:\/\/cheveuxluxe.com\/index.php\/wp-json\/wp\/v2\/product\/28272","targetHints":{"allow":["GET"]}}],"collection":[{"href":"https:\/\/cheveuxluxe.com\/index.php\/wp-json\/wp\/v2\/product"}],"about":[{"href":"https:\/\/cheveuxluxe.com\/index.php\/wp-json\/wp\/v2\/types\/product"}],"replies":[{"embeddable":true,"href":"https:\/\/cheveuxluxe.com\/index.php\/wp-json\/wp\/v2\/comments?post=28272"}],"version-history":[{"count":0,"href":"https:\/\/cheveuxluxe.com\/index.php\/wp-json\/wp\/v2\/product\/28272\/revisions"}],"wp:featuredmedia":[{"embeddable":true,"href":"https:\/\/cheveuxluxe.com\/index.php\/wp-json\/wp\/v2\/media\/20226"}],"wp:attachment":[{"href":"https:\/\/cheveuxluxe.com\/index.php\/wp-json\/wp\/v2\/media?parent=28272"}],"wp:term":[{"taxonomy":"pwb-brand","embeddable":true,"href":"https:\/\/cheveuxluxe.com\/index.php\/wp-json\/wp\/v2\/pwb-brand?post=28272"},{"taxonomy":"product_cat","embeddable":true,"href":"https:\/\/cheveuxluxe.com\/index.php\/wp-json\/wp\/v2\/product_cat?post=28272"},{"taxonomy":"product_tag","embeddable":true,"href":"https:\/\/cheveuxluxe.com\/index.php\/wp-json\/wp\/v2\/product_tag?post=28272"}],"curies":[{"name":"wp","href":"https:\/\/api.w.org\/{rel}","templated":true}]}}