{"id":28289,"date":"2024-04-09T21:23:15","date_gmt":"2024-04-09T21:23:15","guid":{"rendered":"https:\/\/cheveuxluxe.com\/index.php\/product\/sibel-peigne-afro-noir\/"},"modified":"2024-04-13T14:16:48","modified_gmt":"2024-04-13T14:16:48","slug":"sibel-peigne-afro-noir","status":"publish","type":"product","link":"https:\/\/cheveuxluxe.com\/index.php\/product\/sibel-peigne-afro-noir\/","title":{"rendered":"Sibel Peigne Afro Noir"},"content":{"rendered":"<div class=\"product-content_bottom\">\n<div class=\"pdp-info\">\n<div class=\"pdp-tabs tab-container\">\n<div class=\"tab js-tab\">\n<h3 class=\"tab-title pdp-tabs_title js-tab-mobile-title open\"><span>Points cl\u00e9s<\/span><\/h3>\n<div class=\"tab-description pdp-tabs_description js-tab-description open\" itemprop=\"description\">\n<ul>\n<li> Peigne d\u00e9m\u00ealoir<\/li>\n<li>Coiffure afro<\/li>\n<li>Peigne cheveux fris\u00e9s<\/li>\n<li>Peigne \u00e0 longues dents<\/li>\n<li>D\u00e9m\u00ealage facile <\/li>\n<\/ul>\n<\/div>\n<\/div>\n<div class=\"tab js-tab\">\n<h3 class=\"tab-title pdp-tabs_title js-tab-mobile-title\"><span>Description<\/span><\/h3>\n<div class=\"tab-description pdp-tabs_description js-tab-description\" itemprop=\"description\">Les cheveux tr\u00e8s fris\u00e9s de type afro sont par nature plut\u00f4t secs, ce qui favorise l\u2019apparition des n\u0153uds. Il peut \u00eatre difficile, voire douloureux, de les remettre en place correctement. Avec le peigne Afro de Sibel, les chevelures aux boucles tr\u00e8s denses, voire cr\u00e9pues, seront coiff\u00e9es et d\u00e9m\u00eal\u00e9es ais\u00e9ment et sans douleur.Avec une prise en main facilit\u00e9e par sa largeur de 6 cm, ce peigne d\u00e9m\u00ealoir est \u00e9galement tr\u00e8s l\u00e9ger puisqu\u2019il est con\u00e7u en plastique. Ses dents longues de 14,7cm dot\u00e9es de bouts arrondis sont suffisamment espac\u00e9es pour p\u00e9n\u00e9trer en douceur et en profondeur dans la masse capillaire, sans irriter le cuir chevelu.Les boucles retrouvent une position correcte en un rien de temps, sans cr\u00eaper ni tirer le cheveu. Le coiffage est plus ais\u00e9, le cuir chevelu ne subit plus aucune griffure.<\/div>\n<\/div>\n<div class=\"tab js-tab\">\n<h3 class=\"tab-title pdp-tabs_title js-tab-mobile-title\"><span>Mode d&#8217;emploi<\/span><\/h3>\n<div class=\"tab-description pdp-tabs_description js-tab-description\">Glissez le peigne Afro de Sibel doucement dans les boucles pour les d\u00e9m\u00ealer.Sculptez la coiffure comme d\u00e9sir\u00e9e.Utilisez-le sur cheveux secs pour le coiffage, ou sur cheveux mouill\u00e9s pour le d\u00e9m\u00ealage pendant un soin capillaire.Les peignes Afro de Sibel existent aussi en version 100% bambou naturel.<\/div>\n<\/div>\n<div class=\"tab js-tab\">\n<h3 class=\"tab-title pdp-tabs_title js-tab-mobile-title\"><span>Livraison et stock<\/span><\/h3>\n<div class=\"tab-description pdp-tabs_description js-tab-description\">\n<div class=\"pdp-delivery_info\">\n<div class=\"content-asset\">Livraison et d\u00e9laisRetours et remboursements<\/div>\n<\/div>\n<\/div>\n<\/div>\n<\/div>\n<\/div>\n<\/div>\n","protected":false},"excerpt":{"rendered":"<p>Points cl\u00e9s Peigne d\u00e9m\u00ealoir Coiffure afro Peigne cheveux fris\u00e9s Peigne \u00e0 longues dents D\u00e9m\u00ealage facile&hellip;<\/p>\n","protected":false},"featured_media":17431,"comment_status":"open","ping_status":"closed","template":"","meta":[],"pwb-brand":[652],"product_cat":[605],"product_tag":[606,127,342],"class_list":{"0":"post-28289","1":"product","2":"type-product","3":"status-publish","4":"has-post-thumbnail","6":"pwb-brand-sibel","7":"product_cat-essentiels-de-cheveux","8":"product_tag-essentiels-de-cheveux","9":"product_tag-shampooing-et-coiffure","10":"product_tag-sibel","12":"first","13":"instock","14":"taxable","15":"shipping-taxable","16":"purchasable","17":"product-type-simple","18":"layout-style-3","19":"col-md-4 col-sm-4 col-xs-6","20":"col-lg-3","21":"product-style-default"},"aioseo_notices":[],"brands":[{"id":652,"name":"Sibel","slug":"sibel"}],"_links":{"self":[{"href":"https:\/\/cheveuxluxe.com\/index.php\/wp-json\/wp\/v2\/product\/28289","targetHints":{"allow":["GET"]}}],"collection":[{"href":"https:\/\/cheveuxluxe.com\/index.php\/wp-json\/wp\/v2\/product"}],"about":[{"href":"https:\/\/cheveuxluxe.com\/index.php\/wp-json\/wp\/v2\/types\/product"}],"replies":[{"embeddable":true,"href":"https:\/\/cheveuxluxe.com\/index.php\/wp-json\/wp\/v2\/comments?post=28289"}],"version-history":[{"count":0,"href":"https:\/\/cheveuxluxe.com\/index.php\/wp-json\/wp\/v2\/product\/28289\/revisions"}],"wp:featuredmedia":[{"embeddable":true,"href":"https:\/\/cheveuxluxe.com\/index.php\/wp-json\/wp\/v2\/media\/17431"}],"wp:attachment":[{"href":"https:\/\/cheveuxluxe.com\/index.php\/wp-json\/wp\/v2\/media?parent=28289"}],"wp:term":[{"taxonomy":"pwb-brand","embeddable":true,"href":"https:\/\/cheveuxluxe.com\/index.php\/wp-json\/wp\/v2\/pwb-brand?post=28289"},{"taxonomy":"product_cat","embeddable":true,"href":"https:\/\/cheveuxluxe.com\/index.php\/wp-json\/wp\/v2\/product_cat?post=28289"},{"taxonomy":"product_tag","embeddable":true,"href":"https:\/\/cheveuxluxe.com\/index.php\/wp-json\/wp\/v2\/product_tag?post=28289"}],"curies":[{"name":"wp","href":"https:\/\/api.w.org\/{rel}","templated":true}]}}