{"id":28302,"date":"2024-04-09T21:23:44","date_gmt":"2024-04-09T21:23:44","guid":{"rendered":"https:\/\/cheveuxluxe.com\/index.php\/product\/barnum-brosse-thermique-ysocel\/"},"modified":"2024-04-13T14:17:24","modified_gmt":"2024-04-13T14:17:24","slug":"barnum-brosse-thermique-ysocel","status":"publish","type":"product","link":"https:\/\/cheveuxluxe.com\/index.php\/product\/barnum-brosse-thermique-ysocel\/","title":{"rendered":"Barnum Brosse Thermique Ysocel"},"content":{"rendered":"<div class=\"product-content_bottom\">\n<div class=\"pdp-info\">\n<div class=\"pdp-tabs tab-container\">\n<div class=\"tab js-tab\">\n<h3 class=\"tab-title pdp-tabs_title js-tab-mobile-title open\"><span>Points cl\u00e9s<\/span><\/h3>\n<div class=\"tab-description pdp-tabs_description js-tab-description open\" itemprop=\"description\">\n<ul>\n<li>Une technique innovante de touffes de poils pour un style sans accroc et une brillance maximale<\/li>\n<li>Haute r\u00e9sistance \u00e0 la chaleur<\/li>\n<li>Mise en valeur de la brillance<\/li>\n<li>Doux pour les cheveux et le cuir chevelu<\/li>\n<li>Manche en bois pour une meilleure prise en main<\/li>\n<\/ul>\n<\/div>\n<\/div>\n<div class=\"tab js-tab\">\n<h3 class=\"tab-title pdp-tabs_title js-tab-mobile-title\"><span>Description<\/span><\/h3>\n<div class=\"tab-description pdp-tabs_description js-tab-description\" itemprop=\"description\">Pour un maximum de brillance.<br \/>Technologie &lsquo;Advanced Ysocel&rsquo; id\u00e9al pour lisser et contr\u00f4ler les cheveux boucl\u00e9s ou fris\u00e9s. Technique de &lsquo;poil touffet\u00e9 \u00e0 45\u00b0&rsquo; pour en coiffage ais\u00e9 et un maximum de brillance. Combinaison de poils de sanglier et de poils en nylon pour une prise optimale sur les cheveux. Poils infus\u00e9s en tourmaline pour \u00e9liminer les frisottis.<\/div>\n<\/div>\n<div class=\"tab js-tab\">\n<h3 class=\"tab-title pdp-tabs_title js-tab-mobile-title\"><span>Livraison et stock<\/span><\/h3>\n<div class=\"tab-description pdp-tabs_description js-tab-description\">\n<div class=\"pdp-delivery_info\">\n<div class=\"content-asset\">Livraison et d\u00e9laisRetours et remboursements<\/div>\n<\/div>\n<\/div>\n<\/div>\n<\/div>\n<\/div>\n<\/div>\n","protected":false},"excerpt":{"rendered":"<p>Points cl\u00e9s Une technique innovante de touffes de poils pour un style sans accroc et&hellip;<\/p>\n","protected":false},"featured_media":17392,"comment_status":"open","ping_status":"closed","template":"","meta":[],"pwb-brand":[633],"product_cat":[605],"product_tag":[420,606,127],"class_list":{"0":"post-28302","1":"product","2":"type-product","3":"status-publish","4":"has-post-thumbnail","6":"pwb-brand-barnum","7":"product_cat-essentiels-de-cheveux","8":"product_tag-barnum","9":"product_tag-essentiels-de-cheveux","10":"product_tag-shampooing-et-coiffure","12":"first","13":"instock","14":"taxable","15":"shipping-taxable","16":"purchasable","17":"product-type-simple","18":"layout-style-3","19":"col-md-4 col-sm-4 col-xs-6","20":"col-lg-3","21":"product-style-default"},"aioseo_notices":[],"brands":[{"id":633,"name":"Barnum","slug":"barnum"}],"_links":{"self":[{"href":"https:\/\/cheveuxluxe.com\/index.php\/wp-json\/wp\/v2\/product\/28302","targetHints":{"allow":["GET"]}}],"collection":[{"href":"https:\/\/cheveuxluxe.com\/index.php\/wp-json\/wp\/v2\/product"}],"about":[{"href":"https:\/\/cheveuxluxe.com\/index.php\/wp-json\/wp\/v2\/types\/product"}],"replies":[{"embeddable":true,"href":"https:\/\/cheveuxluxe.com\/index.php\/wp-json\/wp\/v2\/comments?post=28302"}],"version-history":[{"count":0,"href":"https:\/\/cheveuxluxe.com\/index.php\/wp-json\/wp\/v2\/product\/28302\/revisions"}],"wp:featuredmedia":[{"embeddable":true,"href":"https:\/\/cheveuxluxe.com\/index.php\/wp-json\/wp\/v2\/media\/17392"}],"wp:attachment":[{"href":"https:\/\/cheveuxluxe.com\/index.php\/wp-json\/wp\/v2\/media?parent=28302"}],"wp:term":[{"taxonomy":"pwb-brand","embeddable":true,"href":"https:\/\/cheveuxluxe.com\/index.php\/wp-json\/wp\/v2\/pwb-brand?post=28302"},{"taxonomy":"product_cat","embeddable":true,"href":"https:\/\/cheveuxluxe.com\/index.php\/wp-json\/wp\/v2\/product_cat?post=28302"},{"taxonomy":"product_tag","embeddable":true,"href":"https:\/\/cheveuxluxe.com\/index.php\/wp-json\/wp\/v2\/product_tag?post=28302"}],"curies":[{"name":"wp","href":"https:\/\/api.w.org\/{rel}","templated":true}]}}