{"id":28304,"date":"2024-04-09T21:23:52","date_gmt":"2024-04-09T21:23:52","guid":{"rendered":"https:\/\/cheveuxluxe.com\/index.php\/product\/sibel-lot-de-12-rouleaux-velcro-12-pcs-vert\/"},"modified":"2024-04-13T14:23:33","modified_gmt":"2024-04-13T14:23:33","slug":"sibel-lot-de-12-rouleaux-velcro-12-pcs-vert","status":"publish","type":"product","link":"https:\/\/cheveuxluxe.com\/index.php\/product\/sibel-lot-de-12-rouleaux-velcro-12-pcs-vert\/","title":{"rendered":"Sibel Lot de 12 rouleaux Velcro 12 pcs Vert"},"content":{"rendered":"<div class=\"product-content_bottom\">\n<div class=\"pdp-info\">\n<div class=\"pdp-tabs tab-container\">\n<div class=\"tab js-tab\">\n<h3 class=\"tab-title pdp-tabs_title js-tab-mobile-title open\"><span>Points cl\u00e9s<\/span><\/h3>\n<div class=\"tab-description pdp-tabs_description js-tab-description open\" itemprop=\"description\">\n<ul>\n<li>Rouleaux pour cheveux l\u00e9g\u00e8rement flexibles<\/li>\n<li>Recouverts d\u2019un velcro l\u00e9ger pour maintenir les cheveux en place<\/li>\n<li>Ils aident \u00e0 lisser la surface descheveux, donnent du volume et un look parfait aux cheveux<\/li>\n<\/ul>\n<\/div>\n<\/div>\n<div class=\"tab js-tab\">\n<h3 class=\"tab-title pdp-tabs_title js-tab-mobile-title\"><span>Description<\/span><\/h3>\n<div class=\"tab-description pdp-tabs_description js-tab-description\" itemprop=\"description\">Ces rouleaux pour cheveux l\u00e9g\u00e8rement flexibles sont recouverts d\u2019un velcro l\u00e9ger pour maintenir les cheveux en place. Ils aident \u00e0 lisser la surface des cheveux, donnent du volume et un look parfait \u00e0 vos cheveux avec une chaleur minimale.<\/div>\n<\/div>\n<div class=\"tab js-tab\">\n<h3 class=\"tab-title pdp-tabs_title js-tab-mobile-title\"><span>Mode d&#8217;emploi<\/span><\/h3>\n<div class=\"tab-description pdp-tabs_description js-tab-description\">\u2013\u00a0R\u00e9alisez la mise en plis en utilisant les rouleaux velcro 13\u00a0mm de Sibel sur cheveux mouill\u00e9s.\u2013\u00a0Si vous coiffez des cheveux tr\u00e8s longs, utilisez des pics pour les maintenir.Ces rouleaux velcro s\u2019utilisent aussi sur cheveux secs avec du produit fixant. Ils peuvent \u00eatre compl\u00e9t\u00e9s par les rouleaux de diff\u00e9rentes tailles de la m\u00eame gamme.<\/div>\n<\/div>\n<div class=\"tab js-tab\">\n<h3 class=\"tab-title pdp-tabs_title js-tab-mobile-title\"><span>Livraison et stock<\/span><\/h3>\n<div class=\"tab-description pdp-tabs_description js-tab-description\">\n<div class=\"pdp-delivery_info\">\n<div class=\"content-asset\">Livraison et d\u00e9laisRetours et remboursements<\/div>\n<\/div>\n<\/div>\n<\/div>\n<\/div>\n<\/div>\n<\/div>\n","protected":false},"excerpt":{"rendered":"<p>Points cl\u00e9s Rouleaux pour cheveux l\u00e9g\u00e8rement flexibles Recouverts d\u2019un velcro l\u00e9ger pour maintenir les cheveux&hellip;<\/p>\n","protected":false},"featured_media":28303,"comment_status":"open","ping_status":"closed","template":"","meta":[],"pwb-brand":[652],"product_cat":[612],"product_tag":[613,127,342],"class_list":{"0":"post-28304","1":"product","2":"type-product","3":"status-publish","4":"has-post-thumbnail","6":"pwb-brand-sibel","7":"product_cat-essentiels-coiffure-pour-etudiants","8":"product_tag-essentiels-coiffure-pour-etudiants","9":"product_tag-shampooing-et-coiffure","10":"product_tag-sibel","12":"first","13":"instock","14":"taxable","15":"shipping-taxable","16":"purchasable","17":"product-type-simple","18":"layout-style-3","19":"col-md-4 col-sm-4 col-xs-6","20":"col-lg-3","21":"product-style-default"},"aioseo_notices":[],"brands":[{"id":652,"name":"Sibel","slug":"sibel"}],"_links":{"self":[{"href":"https:\/\/cheveuxluxe.com\/index.php\/wp-json\/wp\/v2\/product\/28304","targetHints":{"allow":["GET"]}}],"collection":[{"href":"https:\/\/cheveuxluxe.com\/index.php\/wp-json\/wp\/v2\/product"}],"about":[{"href":"https:\/\/cheveuxluxe.com\/index.php\/wp-json\/wp\/v2\/types\/product"}],"replies":[{"embeddable":true,"href":"https:\/\/cheveuxluxe.com\/index.php\/wp-json\/wp\/v2\/comments?post=28304"}],"version-history":[{"count":0,"href":"https:\/\/cheveuxluxe.com\/index.php\/wp-json\/wp\/v2\/product\/28304\/revisions"}],"wp:featuredmedia":[{"embeddable":true,"href":"https:\/\/cheveuxluxe.com\/index.php\/wp-json\/wp\/v2\/media\/28303"}],"wp:attachment":[{"href":"https:\/\/cheveuxluxe.com\/index.php\/wp-json\/wp\/v2\/media?parent=28304"}],"wp:term":[{"taxonomy":"pwb-brand","embeddable":true,"href":"https:\/\/cheveuxluxe.com\/index.php\/wp-json\/wp\/v2\/pwb-brand?post=28304"},{"taxonomy":"product_cat","embeddable":true,"href":"https:\/\/cheveuxluxe.com\/index.php\/wp-json\/wp\/v2\/product_cat?post=28304"},{"taxonomy":"product_tag","embeddable":true,"href":"https:\/\/cheveuxluxe.com\/index.php\/wp-json\/wp\/v2\/product_tag?post=28304"}],"curies":[{"name":"wp","href":"https:\/\/api.w.org\/{rel}","templated":true}]}}