{"id":28307,"date":"2024-04-09T21:23:55","date_gmt":"2024-04-09T21:23:55","guid":{"rendered":"https:\/\/cheveuxluxe.com\/index.php\/product\/sibel-wrapix-papiers-meches-ecologiques-110x240mm-500pcs\/"},"modified":"2024-04-13T13:47:58","modified_gmt":"2024-04-13T13:47:58","slug":"sibel-wrapix-papiers-meches-ecologiques-110x240mm-500pcs","status":"publish","type":"product","link":"https:\/\/cheveuxluxe.com\/index.php\/product\/sibel-wrapix-papiers-meches-ecologiques-110x240mm-500pcs\/","title":{"rendered":"Sibel Wrapix Papiers M\u00e8ches \u00c9cologiques 110x240mm 500pcs"},"content":{"rendered":"<div class=\"product-content_bottom\">\n<div class=\"pdp-info\">\n<div class=\"pdp-tabs tab-container\">\n<div class=\"tab js-tab\">\n<h3 class=\"tab-title pdp-tabs_title js-tab-mobile-title open\"><span>Points cl\u00e9s<\/span><\/h3>\n<div class=\"tab-description pdp-tabs_description js-tab-description open\" itemprop=\"description\">\n<ul>\n<li>R\u00e9duction prouv\u00e9e : 5,3 x (81 %) moins d\u2019\u00e9missions carbone que les feuilles aluminium traditionnelles utilis\u00e9es par les professionnels<\/li>\n<li>Certification FSC\u00ae<\/li>\n<li>Emballage enti\u00e8rement recyclable<\/li>\n<li>L\u00e9g\u00e8ret\u00e9, tr\u00e8s confortable pour le client<\/li>\n<li>Retrait facile et indolore<\/li>\n<li>Convient \u00e0 toutes les techniques de m\u00e8ches et de coloration<\/li>\n<\/ul>\n<\/div>\n<\/div>\n<div class=\"tab js-tab\">\n<h3 class=\"tab-title pdp-tabs_title js-tab-mobile-title\"><span>Description<\/span><\/h3>\n<div class=\"tab-description pdp-tabs_description js-tab-description\" itemprop=\"description\">WRAPIX\u00ae vous aide \u00e0 laisser une empreinte durable sur votre client\u00e8le, pas sur la plan\u00e8te\u2026<\/p>\n<p>Le papier \u00e0 m\u00e8ches WRAPIX\u00ae, substitut \u00e9cologique parfaitement \u00e9prouv\u00e9 des feuilles d\u2019aluminium, aide \u00e0 r\u00e9duire l&#8217;empreinte carbone globale de votre salon.<br \/>MERCI d\u2019utiliser WRAPIX\u00ae!<\/div>\n<\/div>\n<div class=\"tab js-tab\">\n<h3 class=\"tab-title pdp-tabs_title js-tab-mobile-title\"><span>Livraison et stock<\/span><\/h3>\n<div class=\"tab-description pdp-tabs_description js-tab-description\">\n<div class=\"pdp-delivery_info\">\n<div class=\"content-asset\">Livraison et d\u00e9laisRetours et remboursements<\/div>\n<\/div>\n<\/div>\n<\/div>\n<\/div>\n<\/div>\n<\/div>\n","protected":false},"excerpt":{"rendered":"<p>Points cl\u00e9s R\u00e9duction prouv\u00e9e : 5,3 x (81 %) moins d\u2019\u00e9missions carbone que les feuilles&hellip;<\/p>\n","protected":false},"featured_media":28306,"comment_status":"open","ping_status":"closed","template":"","meta":[],"pwb-brand":[652],"product_cat":[503],"product_tag":[168,169,342],"class_list":{"0":"post-28307","1":"product","2":"type-product","3":"status-publish","4":"has-post-thumbnail","6":"pwb-brand-sibel","7":"product_cat-materiel-de-coiffure-equipement-de-salon-22","8":"product_tag-equipement-de-salon","9":"product_tag-materiel-de-coiffure","10":"product_tag-sibel","12":"first","13":"instock","14":"taxable","15":"shipping-taxable","16":"purchasable","17":"product-type-simple","18":"layout-style-3","19":"col-md-4 col-sm-4 col-xs-6","20":"col-lg-3","21":"product-style-default"},"aioseo_notices":[],"brands":[{"id":652,"name":"Sibel","slug":"sibel"}],"_links":{"self":[{"href":"https:\/\/cheveuxluxe.com\/index.php\/wp-json\/wp\/v2\/product\/28307","targetHints":{"allow":["GET"]}}],"collection":[{"href":"https:\/\/cheveuxluxe.com\/index.php\/wp-json\/wp\/v2\/product"}],"about":[{"href":"https:\/\/cheveuxluxe.com\/index.php\/wp-json\/wp\/v2\/types\/product"}],"replies":[{"embeddable":true,"href":"https:\/\/cheveuxluxe.com\/index.php\/wp-json\/wp\/v2\/comments?post=28307"}],"version-history":[{"count":0,"href":"https:\/\/cheveuxluxe.com\/index.php\/wp-json\/wp\/v2\/product\/28307\/revisions"}],"wp:featuredmedia":[{"embeddable":true,"href":"https:\/\/cheveuxluxe.com\/index.php\/wp-json\/wp\/v2\/media\/28306"}],"wp:attachment":[{"href":"https:\/\/cheveuxluxe.com\/index.php\/wp-json\/wp\/v2\/media?parent=28307"}],"wp:term":[{"taxonomy":"pwb-brand","embeddable":true,"href":"https:\/\/cheveuxluxe.com\/index.php\/wp-json\/wp\/v2\/pwb-brand?post=28307"},{"taxonomy":"product_cat","embeddable":true,"href":"https:\/\/cheveuxluxe.com\/index.php\/wp-json\/wp\/v2\/product_cat?post=28307"},{"taxonomy":"product_tag","embeddable":true,"href":"https:\/\/cheveuxluxe.com\/index.php\/wp-json\/wp\/v2\/product_tag?post=28307"}],"curies":[{"name":"wp","href":"https:\/\/api.w.org\/{rel}","templated":true}]}}