{"id":28321,"date":"2024-04-09T21:24:38","date_gmt":"2024-04-09T21:24:38","guid":{"rendered":"https:\/\/cheveuxluxe.com\/index.php\/product\/sibel-brosse-de-massage-en-plastique\/"},"modified":"2024-04-13T14:16:25","modified_gmt":"2024-04-13T14:16:25","slug":"sibel-brosse-de-massage-en-plastique","status":"publish","type":"product","link":"https:\/\/cheveuxluxe.com\/index.php\/product\/sibel-brosse-de-massage-en-plastique\/","title":{"rendered":"Sibel Brosse de Massage en Plastique"},"content":{"rendered":"<div class=\"product-content_bottom\">\n<div class=\"pdp-info\">\n<div class=\"pdp-tabs tab-container\">\n<div class=\"tab js-tab\">\n<h3 class=\"tab-title pdp-tabs_title js-tab-mobile-title open\"><span>Points cl\u00e9s<\/span><\/h3>\n<div class=\"tab-description pdp-tabs_description js-tab-description open\" itemprop=\"description\">\n<ul>\n<li> Pour une chevelure brillante<\/li>\n<li>Brosse ronde et plate en plastique<\/li>\n<li>Tous les types de cheveux<\/li>\n<li>Massage cuir chevelu<\/li>\n<li>Stimulation repousse cheveux <\/li>\n<\/ul>\n<\/div>\n<\/div>\n<div class=\"tab js-tab\">\n<h3 class=\"tab-title pdp-tabs_title js-tab-mobile-title\"><span>Description<\/span><\/h3>\n<div class=\"tab-description pdp-tabs_description js-tab-description\" itemprop=\"description\">L\u2019utilisation de la brosse de massage en plastique de Sibel favorise la repousse du cheveu tout en procurant une action apaisante au moment du shampoing. Elle est id\u00e9ale avant les traitements des cheveux sensibilis\u00e9s ou malmen\u00e9s.Les picots souples en plastique de la brosse caressent et assouplissent le cuir chevelu, favorisant l\u2019oxyg\u00e9nation du syst\u00e8me vasculaire et d\u00e9nouant les tensions.La forme ronde ergonomique et le diam\u00e8tre de 8,5\u00a0cm de la brosse assurent une grande aisance de manipulation, y compris au cours du shampoing. De plus, cette brosse enti\u00e8rement compos\u00e9e de plastique est adapt\u00e9e \u00e0 un usage sur cheveux mouill\u00e9s et m\u00eame sous le jet d\u2019eau du robinet.Vous pouvez \u00e9galement vous servir de cette brosse plate pour mieux distribuer baumes apr\u00e8s-shampoings, masques ou produits coiffants, en particulier sur les cheveux courts.Le massage du cuir chevelu est le secret d\u2019une chevelure brillante et pleine de tonus.<\/div>\n<\/div>\n<div class=\"tab js-tab\">\n<h3 class=\"tab-title pdp-tabs_title js-tab-mobile-title\"><span>Mode d&#8217;emploi<\/span><\/h3>\n<div class=\"tab-description pdp-tabs_description js-tab-description\">\u2013\u00a0Pendant le shampoing, servez-vous de la brosse de massage en plastique de Sibel pour masser le cuir chevelu en faisant des mouvements circulaires, sans appuyer.\u2013\u00a0Pour stimuler la pousse des cheveux, proc\u00e9dez de la base du cou et de la lisi\u00e8re du front et des tempes vers le centre de la t\u00eate. Pour une efficacit\u00e9 maximale, le cuir chevelu doit \u00eatre l\u00e9g\u00e8rement d\u00e9coll\u00e9 et non frott\u00e9.\u2013\u00a0Massez pendant environ cinq minutes, puis terminez le shampoing et proc\u00e9dez au rin\u00e7age.<\/div>\n<\/div>\n<div class=\"tab js-tab\">\n<h3 class=\"tab-title pdp-tabs_title js-tab-mobile-title\"><span>Livraison et stock<\/span><\/h3>\n<div class=\"tab-description pdp-tabs_description js-tab-description\">\n<div class=\"pdp-delivery_info\">\n<div class=\"content-asset\">Livraison et d\u00e9laisRetours et remboursements<\/div>\n<\/div>\n<\/div>\n<\/div>\n<\/div>\n<\/div>\n<\/div>\n","protected":false},"excerpt":{"rendered":"<p>Points cl\u00e9s Pour une chevelure brillante Brosse ronde et plate en plastique Tous les types&hellip;<\/p>\n","protected":false},"featured_media":20054,"comment_status":"open","ping_status":"closed","template":"","meta":[],"pwb-brand":[652],"product_cat":[605],"product_tag":[606,127,342],"class_list":{"0":"post-28321","1":"product","2":"type-product","3":"status-publish","4":"has-post-thumbnail","6":"pwb-brand-sibel","7":"product_cat-essentiels-de-cheveux","8":"product_tag-essentiels-de-cheveux","9":"product_tag-shampooing-et-coiffure","10":"product_tag-sibel","12":"first","13":"instock","14":"taxable","15":"shipping-taxable","16":"purchasable","17":"product-type-simple","18":"layout-style-3","19":"col-md-4 col-sm-4 col-xs-6","20":"col-lg-3","21":"product-has-gallery","22":"product-style-default"},"aioseo_notices":[],"brands":[{"id":652,"name":"Sibel","slug":"sibel"}],"_links":{"self":[{"href":"https:\/\/cheveuxluxe.com\/index.php\/wp-json\/wp\/v2\/product\/28321","targetHints":{"allow":["GET"]}}],"collection":[{"href":"https:\/\/cheveuxluxe.com\/index.php\/wp-json\/wp\/v2\/product"}],"about":[{"href":"https:\/\/cheveuxluxe.com\/index.php\/wp-json\/wp\/v2\/types\/product"}],"replies":[{"embeddable":true,"href":"https:\/\/cheveuxluxe.com\/index.php\/wp-json\/wp\/v2\/comments?post=28321"}],"version-history":[{"count":0,"href":"https:\/\/cheveuxluxe.com\/index.php\/wp-json\/wp\/v2\/product\/28321\/revisions"}],"wp:featuredmedia":[{"embeddable":true,"href":"https:\/\/cheveuxluxe.com\/index.php\/wp-json\/wp\/v2\/media\/20054"}],"wp:attachment":[{"href":"https:\/\/cheveuxluxe.com\/index.php\/wp-json\/wp\/v2\/media?parent=28321"}],"wp:term":[{"taxonomy":"pwb-brand","embeddable":true,"href":"https:\/\/cheveuxluxe.com\/index.php\/wp-json\/wp\/v2\/pwb-brand?post=28321"},{"taxonomy":"product_cat","embeddable":true,"href":"https:\/\/cheveuxluxe.com\/index.php\/wp-json\/wp\/v2\/product_cat?post=28321"},{"taxonomy":"product_tag","embeddable":true,"href":"https:\/\/cheveuxluxe.com\/index.php\/wp-json\/wp\/v2\/product_tag?post=28321"}],"curies":[{"name":"wp","href":"https:\/\/api.w.org\/{rel}","templated":true}]}}