{"id":28326,"date":"2024-04-09T21:24:40","date_gmt":"2024-04-09T21:24:40","guid":{"rendered":"https:\/\/cheveuxluxe.com\/index.php\/product\/sibel-trousse-belt-3-croco-noir\/"},"modified":"2024-04-13T14:23:04","modified_gmt":"2024-04-13T14:23:04","slug":"sibel-trousse-belt-3-croco-noir","status":"publish","type":"product","link":"https:\/\/cheveuxluxe.com\/index.php\/product\/sibel-trousse-belt-3-croco-noir\/","title":{"rendered":"Sibel Trousse Belt 3 Croco Noir"},"content":{"rendered":"<div class=\"product-content_bottom\">\n<div class=\"pdp-info\">\n<div class=\"pdp-tabs tab-container\">\n<div class=\"tab js-tab\">\n<h3 class=\"tab-title pdp-tabs_title js-tab-mobile-title open\"><span>Points cl\u00e9s<\/span><\/h3>\n<div class=\"tab-description pdp-tabs_description js-tab-description open\" itemprop=\"description\">\n<ul>\n<li> Rangement<\/li>\n<li>Trousse de ceinture<\/li>\n<li>Pochette \u00e0 ciseaux<\/li>\n<li>\u00c9tui en cuir<\/li>\n<li>Ajustable <\/li>\n<\/ul>\n<\/div>\n<\/div>\n<div class=\"tab js-tab\">\n<h3 class=\"tab-title pdp-tabs_title js-tab-mobile-title\"><span>Description<\/span><\/h3>\n<div class=\"tab-description pdp-tabs_description js-tab-description\" itemprop=\"description\">Avec la Belt 3 Croco Noir de Sibel comme alli\u00e9e, votre mat\u00e9riel vous suit partout. Pour \u00e9viter de poser votre brosse ou vos pinces directement sur une surface, de les perdre ou de les oublier, c\u2019est l\u2019\u00e9tui qu\u2019il vous faut.Dot\u00e9e de plusieurs poches, dont une ventrale avec fermeture zipp\u00e9e, la trousse contient jusqu\u2019\u00e0 3 paires de ciseaux. Vous pouvez \u00e9galement ranger vos \u00e9pingles ou vos peignes dans l\u2019un de ses nombreux compartiments. Gr\u00e2ce \u00e0 sa ceinture r\u00e9glable, elle s\u2019adapte \u00e0 tous les tours de hanches.Vous n\u2019aurez pas peur d\u2019ab\u00eemer la Belt 3 Croco Noir Sibel, qui r\u00e9v\u00e8le toute sa robustesse gr\u00e2ce \u00e0 sa confection en cuir. En plus d\u2019\u00eatre r\u00e9sistante, elle est \u00e9l\u00e9gante. Avec ses finitions en peau de crocodile, elle apporte une touche branch\u00e9e et chic \u00e0 votre tenue de professionnel.<\/div>\n<\/div>\n<div class=\"tab js-tab\">\n<h3 class=\"tab-title pdp-tabs_title js-tab-mobile-title\"><span>Mode d&#8217;emploi<\/span><\/h3>\n<div class=\"tab-description pdp-tabs_description js-tab-description\">Rangez vos diff\u00e9rents ustensiles de coiffure dans votre Belt 3 Croco Noir de Sibel.Fixez et ajustez la pochette autour de votre taille \u00e0 l&rsquo;aide de la ceinture.Dans un style diff\u00e9rent, mais tout aussi pratique, vous pouvez vous \u00e9quiper avec le holster Practical. Dot\u00e9 d\u2019une ceinture en toile, il est de plus petite taille.<\/div>\n<\/div>\n<div class=\"tab js-tab\">\n<h3 class=\"tab-title pdp-tabs_title js-tab-mobile-title\"><span>Livraison et stock<\/span><\/h3>\n<div class=\"tab-description pdp-tabs_description js-tab-description\">\n<div class=\"pdp-delivery_info\">\n<div class=\"content-asset\">Livraison et d\u00e9laisRetours et remboursements<\/div>\n<\/div>\n<\/div>\n<\/div>\n<\/div>\n<\/div>\n<\/div>\n","protected":false},"excerpt":{"rendered":"<p>Points cl\u00e9s Rangement Trousse de ceinture Pochette \u00e0 ciseaux \u00c9tui en cuir Ajustable Description Avec&hellip;<\/p>\n","protected":false},"featured_media":17263,"comment_status":"open","ping_status":"closed","template":"","meta":[],"pwb-brand":[652],"product_cat":[612],"product_tag":[613,127,342],"class_list":{"0":"post-28326","1":"product","2":"type-product","3":"status-publish","4":"has-post-thumbnail","6":"pwb-brand-sibel","7":"product_cat-essentiels-coiffure-pour-etudiants","8":"product_tag-essentiels-coiffure-pour-etudiants","9":"product_tag-shampooing-et-coiffure","10":"product_tag-sibel","12":"first","13":"instock","14":"taxable","15":"shipping-taxable","16":"purchasable","17":"product-type-simple","18":"layout-style-3","19":"col-md-4 col-sm-4 col-xs-6","20":"col-lg-3","21":"product-style-default"},"aioseo_notices":[],"brands":[{"id":652,"name":"Sibel","slug":"sibel"}],"_links":{"self":[{"href":"https:\/\/cheveuxluxe.com\/index.php\/wp-json\/wp\/v2\/product\/28326","targetHints":{"allow":["GET"]}}],"collection":[{"href":"https:\/\/cheveuxluxe.com\/index.php\/wp-json\/wp\/v2\/product"}],"about":[{"href":"https:\/\/cheveuxluxe.com\/index.php\/wp-json\/wp\/v2\/types\/product"}],"replies":[{"embeddable":true,"href":"https:\/\/cheveuxluxe.com\/index.php\/wp-json\/wp\/v2\/comments?post=28326"}],"version-history":[{"count":0,"href":"https:\/\/cheveuxluxe.com\/index.php\/wp-json\/wp\/v2\/product\/28326\/revisions"}],"wp:featuredmedia":[{"embeddable":true,"href":"https:\/\/cheveuxluxe.com\/index.php\/wp-json\/wp\/v2\/media\/17263"}],"wp:attachment":[{"href":"https:\/\/cheveuxluxe.com\/index.php\/wp-json\/wp\/v2\/media?parent=28326"}],"wp:term":[{"taxonomy":"pwb-brand","embeddable":true,"href":"https:\/\/cheveuxluxe.com\/index.php\/wp-json\/wp\/v2\/pwb-brand?post=28326"},{"taxonomy":"product_cat","embeddable":true,"href":"https:\/\/cheveuxluxe.com\/index.php\/wp-json\/wp\/v2\/product_cat?post=28326"},{"taxonomy":"product_tag","embeddable":true,"href":"https:\/\/cheveuxluxe.com\/index.php\/wp-json\/wp\/v2\/product_tag?post=28326"}],"curies":[{"name":"wp","href":"https:\/\/api.w.org\/{rel}","templated":true}]}}