{"id":28349,"date":"2024-04-09T21:25:06","date_gmt":"2024-04-09T21:25:06","guid":{"rendered":"https:\/\/cheveuxluxe.com\/index.php\/product\/s-pro-table-de-travail-colorado-noir\/"},"modified":"2024-04-13T13:53:32","modified_gmt":"2024-04-13T13:53:32","slug":"s-pro-table-de-travail-colorado-noir","status":"publish","type":"product","link":"https:\/\/cheveuxluxe.com\/index.php\/product\/s-pro-table-de-travail-colorado-noir\/","title":{"rendered":"S-PRO Table de Travail Colorado Noir"},"content":{"rendered":"<div class=\"product-content_bottom\">\n<div class=\"pdp-info\">\n<div class=\"pdp-tabs tab-container\">\n<div class=\"tab js-tab\">\n<h3 class=\"tab-title pdp-tabs_title js-tab-mobile-title open\"><span>Points cl\u00e9s<\/span><\/h3>\n<div class=\"tab-description pdp-tabs_description js-tab-description open\" itemprop=\"description\">\n<ul>\n<li>4 plateaux de rangement<\/li>\n<li>2 compartiments lat\u00e9raux<\/li>\n<li>Support de s\u00e8che-cheveux<\/li>\n<li>chrom\u00e9<\/li>\n<li>Supports de plateaux lat\u00e9raux<\/li>\n<li>Supports pour accessoires<\/li>\n<\/ul>\n<\/div>\n<\/div>\n<div class=\"tab js-tab\">\n<h3 class=\"tab-title pdp-tabs_title js-tab-mobile-title\"><span>Description<\/span><\/h3>\n<div class=\"tab-description pdp-tabs_description js-tab-description\" itemprop=\"description\">Dimensions:H: 88cmL: 43cmP: 38cmPoids: 6.4kgCapacit\u00e9 de poids: 10kg<\/div>\n<\/div>\n<div class=\"tab js-tab\">\n<h3 class=\"tab-title pdp-tabs_title js-tab-mobile-title\"><span>Livraison et stock<\/span><\/h3>\n<div class=\"tab-description pdp-tabs_description js-tab-description\">\n<div class=\"pdp-delivery_info\">\n<div class=\"content-asset\">Livraison et d\u00e9laisRetours et remboursements<\/div>\n<\/div>\n<\/div>\n<\/div>\n<\/div>\n<\/div>\n<\/div>\n","protected":false},"excerpt":{"rendered":"<p>Points cl\u00e9s 4 plateaux de rangement 2 compartiments lat\u00e9raux Support de s\u00e8che-cheveux chrom\u00e9 Supports de&hellip;<\/p>\n","protected":false},"featured_media":17425,"comment_status":"open","ping_status":"closed","template":"","meta":[],"pwb-brand":[653],"product_cat":[557],"product_tag":[200,168,347],"class_list":{"0":"post-28349","1":"product","2":"type-product","3":"status-publish","4":"has-post-thumbnail","6":"pwb-brand-s-pro","7":"product_cat-coiffure-et-beaute-a-domicile","8":"product_tag-coiffure-et-beaute-a-domicile","9":"product_tag-equipement-de-salon","10":"product_tag-s-pro","12":"first","13":"instock","14":"taxable","15":"shipping-taxable","16":"purchasable","17":"product-type-simple","18":"layout-style-3","19":"col-md-4 col-sm-4 col-xs-6","20":"col-lg-3","21":"product-has-gallery","22":"product-style-default"},"aioseo_notices":[],"brands":[{"id":653,"name":"S-PRO","slug":"s-pro"}],"_links":{"self":[{"href":"https:\/\/cheveuxluxe.com\/index.php\/wp-json\/wp\/v2\/product\/28349","targetHints":{"allow":["GET"]}}],"collection":[{"href":"https:\/\/cheveuxluxe.com\/index.php\/wp-json\/wp\/v2\/product"}],"about":[{"href":"https:\/\/cheveuxluxe.com\/index.php\/wp-json\/wp\/v2\/types\/product"}],"replies":[{"embeddable":true,"href":"https:\/\/cheveuxluxe.com\/index.php\/wp-json\/wp\/v2\/comments?post=28349"}],"version-history":[{"count":0,"href":"https:\/\/cheveuxluxe.com\/index.php\/wp-json\/wp\/v2\/product\/28349\/revisions"}],"wp:featuredmedia":[{"embeddable":true,"href":"https:\/\/cheveuxluxe.com\/index.php\/wp-json\/wp\/v2\/media\/17425"}],"wp:attachment":[{"href":"https:\/\/cheveuxluxe.com\/index.php\/wp-json\/wp\/v2\/media?parent=28349"}],"wp:term":[{"taxonomy":"pwb-brand","embeddable":true,"href":"https:\/\/cheveuxluxe.com\/index.php\/wp-json\/wp\/v2\/pwb-brand?post=28349"},{"taxonomy":"product_cat","embeddable":true,"href":"https:\/\/cheveuxluxe.com\/index.php\/wp-json\/wp\/v2\/product_cat?post=28349"},{"taxonomy":"product_tag","embeddable":true,"href":"https:\/\/cheveuxluxe.com\/index.php\/wp-json\/wp\/v2\/product_tag?post=28349"}],"curies":[{"name":"wp","href":"https:\/\/api.w.org\/{rel}","templated":true}]}}