{"id":28369,"date":"2024-04-09T21:25:44","date_gmt":"2024-04-09T21:25:44","guid":{"rendered":"https:\/\/cheveuxluxe.com\/index.php\/product\/s-pro-brosse-ceramique-ionique-34mm-noire\/"},"modified":"2024-04-13T14:22:53","modified_gmt":"2024-04-13T14:22:53","slug":"s-pro-brosse-ceramique-ionique-34mm-noire","status":"publish","type":"product","link":"https:\/\/cheveuxluxe.com\/index.php\/product\/s-pro-brosse-ceramique-ionique-34mm-noire\/","title":{"rendered":"S-PRO Brosse C\u00e9ramique Ionique 34mm Noire"},"content":{"rendered":"<div class=\"product-content_bottom\">\n<div class=\"pdp-info\">\n<div class=\"pdp-tabs tab-container\">\n<div class=\"tab js-tab\">\n<h3 class=\"tab-title pdp-tabs_title js-tab-mobile-title open\"><span>Points cl\u00e9s<\/span><\/h3>\n<div class=\"tab-description pdp-tabs_description js-tab-description open\" itemprop=\"description\">\n<ul>\n<li>Soies de nylon<\/li>\n<li>\u00d8 34mm<\/li>\n<li>Barillet \u00e0 rev\u00eatement en c\u00e9ramique <\/li>\n<li>Temp\u00e9rature maximale d\u2019exposition de la brosse: 150\u00b0C<\/li>\n<li>Pic de section amovible<\/li>\n<\/ul>\n<\/div>\n<\/div>\n<div class=\"tab js-tab\">\n<h3 class=\"tab-title pdp-tabs_title js-tab-mobile-title\"><span>Description<\/span><\/h3>\n<div class=\"tab-description pdp-tabs_description js-tab-description\" itemprop=\"description\">Brosse c\u00e9ramique ionique.<br \/>Barillet \u00e0 rev\u00eatement en c\u00e9ramique et picots en nylon, convient \u00e0 tout type de cheveux.<br \/>Les picots en nylon ionis\u00e9s am\u00e9liorent la douceur du cheveu tout en \u00e9vitant de le rendre cassant et fourchu.<br \/>Manche antid\u00e9rapant doux pour une prise en main optimale.<br \/>Pic de section amovible.<\/div>\n<\/div>\n<div class=\"tab js-tab\">\n<h3 class=\"tab-title pdp-tabs_title js-tab-mobile-title\"><span>Livraison et stock<\/span><\/h3>\n<div class=\"tab-description pdp-tabs_description js-tab-description\">\n<div class=\"pdp-delivery_info\">\n<div class=\"content-asset\">Livraison et d\u00e9laisRetours et remboursements<\/div>\n<\/div>\n<\/div>\n<\/div>\n<div class=\"tab js-tab\">\n<h3 class=\"tab-title pdp-tabs_title js-tab-mobile-title\"><span>Pr\u00e9cautions d&#8217;emploi<\/span><\/h3>\n<div class=\"tab-description pdp-tabs_description js-tab-description\">Utiliser avec pr\u00e9caution.<br \/>Le barillet en m\u00e9tal peut chauffer en cours d\u2019utilisation.<br \/>\u00c9viter tout contact avec la peau.<br \/>Temp\u00e9rature maximale d\u2019exposition de la brosse: 150\u00b0C.<br \/>Ne pas exposer la brosse \u00e0 une source directe de chaleur pendant une p\u00e9riode prolong\u00e9e.<br \/>Une trop longue exposition \u00e0 la chaleur peut endommager la brosse et les picots.<br \/>Tenir hors de port\u00e9e des enfants.<\/div>\n<\/div>\n<\/div>\n<\/div>\n<\/div>\n","protected":false},"excerpt":{"rendered":"<p>Points cl\u00e9s Soies de nylon \u00d8 34mm Barillet \u00e0 rev\u00eatement en c\u00e9ramique Temp\u00e9rature maximale d\u2019exposition&hellip;<\/p>\n","protected":false},"featured_media":17123,"comment_status":"open","ping_status":"closed","template":"","meta":[],"pwb-brand":[653],"product_cat":[612],"product_tag":[613,347,127],"class_list":{"0":"post-28369","1":"product","2":"type-product","3":"status-publish","4":"has-post-thumbnail","6":"pwb-brand-s-pro","7":"product_cat-essentiels-coiffure-pour-etudiants","8":"product_tag-essentiels-coiffure-pour-etudiants","9":"product_tag-s-pro","10":"product_tag-shampooing-et-coiffure","12":"first","13":"instock","14":"taxable","15":"shipping-taxable","16":"purchasable","17":"product-type-simple","18":"layout-style-3","19":"col-md-4 col-sm-4 col-xs-6","20":"col-lg-3","21":"product-style-default"},"aioseo_notices":[],"brands":[{"id":653,"name":"S-PRO","slug":"s-pro"}],"_links":{"self":[{"href":"https:\/\/cheveuxluxe.com\/index.php\/wp-json\/wp\/v2\/product\/28369","targetHints":{"allow":["GET"]}}],"collection":[{"href":"https:\/\/cheveuxluxe.com\/index.php\/wp-json\/wp\/v2\/product"}],"about":[{"href":"https:\/\/cheveuxluxe.com\/index.php\/wp-json\/wp\/v2\/types\/product"}],"replies":[{"embeddable":true,"href":"https:\/\/cheveuxluxe.com\/index.php\/wp-json\/wp\/v2\/comments?post=28369"}],"version-history":[{"count":0,"href":"https:\/\/cheveuxluxe.com\/index.php\/wp-json\/wp\/v2\/product\/28369\/revisions"}],"wp:featuredmedia":[{"embeddable":true,"href":"https:\/\/cheveuxluxe.com\/index.php\/wp-json\/wp\/v2\/media\/17123"}],"wp:attachment":[{"href":"https:\/\/cheveuxluxe.com\/index.php\/wp-json\/wp\/v2\/media?parent=28369"}],"wp:term":[{"taxonomy":"pwb-brand","embeddable":true,"href":"https:\/\/cheveuxluxe.com\/index.php\/wp-json\/wp\/v2\/pwb-brand?post=28369"},{"taxonomy":"product_cat","embeddable":true,"href":"https:\/\/cheveuxluxe.com\/index.php\/wp-json\/wp\/v2\/product_cat?post=28369"},{"taxonomy":"product_tag","embeddable":true,"href":"https:\/\/cheveuxluxe.com\/index.php\/wp-json\/wp\/v2\/product_tag?post=28369"}],"curies":[{"name":"wp","href":"https:\/\/api.w.org\/{rel}","templated":true}]}}