{"id":28375,"date":"2024-04-09T21:25:49","date_gmt":"2024-04-09T21:25:49","guid":{"rendered":"https:\/\/cheveuxluxe.com\/index.php\/product\/framar-kolor-killer-lingettes-x100\/"},"modified":"2024-04-13T13:48:41","modified_gmt":"2024-04-13T13:48:41","slug":"framar-kolor-killer-lingettes-x100","status":"publish","type":"product","link":"https:\/\/cheveuxluxe.com\/index.php\/product\/framar-kolor-killer-lingettes-x100\/","title":{"rendered":"Framar Kolor Killer Lingettes x100"},"content":{"rendered":"<div class=\"product-content_bottom\">\n<div class=\"pdp-info\">\n<div class=\"pdp-tabs tab-container\">\n<div class=\"tab js-tab\">\n<h3 class=\"tab-title pdp-tabs_title js-tab-mobile-title open\"><span>Points cl\u00e9s<\/span><\/h3>\n<div class=\"tab-description pdp-tabs_description js-tab-description open\" itemprop=\"description\">\n<ul>\n<li>100 lingettes<\/li>\n<li>Parfum frais<\/li>\n<li>\u00c9limine facilement les taches de couleur<\/li>\n<li>Nettoie rapidement tout en \u00e9tant doux pour la peau<\/li>\n<\/ul>\n<\/div>\n<\/div>\n<div class=\"tab js-tab\">\n<h3 class=\"tab-title pdp-tabs_title js-tab-mobile-title\"><span>Description<\/span><\/h3>\n<div class=\"tab-description pdp-tabs_description js-tab-description\" itemprop=\"description\">Faites sauter le dessus et les taches de teinture capillaire difficiles \u00e0 enlever ne sont plus un probl\u00e8me. \u00c9limine facilement les taches de couleur des cheveux sur les mains, le cou et le visage. Parfum frais et propre vous laissant, \u00e0 vous et \u00e0 votre client, une odeur fantastique. Nettoie rapidement tout en \u00e9tant doux pour la peau. 100 lingettes par bo\u00eete.<\/div>\n<\/div>\n<div class=\"tab js-tab\">\n<h3 class=\"tab-title pdp-tabs_title js-tab-mobile-title\"><span>Livraison et stock<\/span><\/h3>\n<div class=\"tab-description pdp-tabs_description js-tab-description\">\n<div class=\"pdp-delivery_info\">\n<div class=\"content-asset\">Livraison et d\u00e9laisRetours et remboursements<\/div>\n<\/div>\n<\/div>\n<\/div>\n<\/div>\n<\/div>\n<\/div>\n","protected":false},"excerpt":{"rendered":"<p>Points cl\u00e9s 100 lingettes Parfum frais \u00c9limine facilement les taches de couleur Nettoie rapidement tout&hellip;<\/p>\n","protected":false},"featured_media":18312,"comment_status":"open","ping_status":"closed","template":"","meta":[],"pwb-brand":[690],"product_cat":[503],"product_tag":[168,486,169],"class_list":{"0":"post-28375","1":"product","2":"type-product","3":"status-publish","4":"has-post-thumbnail","6":"pwb-brand-framar","7":"product_cat-materiel-de-coiffure-equipement-de-salon-22","8":"product_tag-equipement-de-salon","9":"product_tag-framar","10":"product_tag-materiel-de-coiffure","12":"first","13":"instock","14":"taxable","15":"shipping-taxable","16":"purchasable","17":"product-type-simple","18":"layout-style-3","19":"col-md-4 col-sm-4 col-xs-6","20":"col-lg-3","21":"product-has-gallery","22":"product-style-default"},"aioseo_notices":[],"brands":[{"id":690,"name":"Framar","slug":"framar"}],"_links":{"self":[{"href":"https:\/\/cheveuxluxe.com\/index.php\/wp-json\/wp\/v2\/product\/28375","targetHints":{"allow":["GET"]}}],"collection":[{"href":"https:\/\/cheveuxluxe.com\/index.php\/wp-json\/wp\/v2\/product"}],"about":[{"href":"https:\/\/cheveuxluxe.com\/index.php\/wp-json\/wp\/v2\/types\/product"}],"replies":[{"embeddable":true,"href":"https:\/\/cheveuxluxe.com\/index.php\/wp-json\/wp\/v2\/comments?post=28375"}],"version-history":[{"count":0,"href":"https:\/\/cheveuxluxe.com\/index.php\/wp-json\/wp\/v2\/product\/28375\/revisions"}],"wp:featuredmedia":[{"embeddable":true,"href":"https:\/\/cheveuxluxe.com\/index.php\/wp-json\/wp\/v2\/media\/18312"}],"wp:attachment":[{"href":"https:\/\/cheveuxluxe.com\/index.php\/wp-json\/wp\/v2\/media?parent=28375"}],"wp:term":[{"taxonomy":"pwb-brand","embeddable":true,"href":"https:\/\/cheveuxluxe.com\/index.php\/wp-json\/wp\/v2\/pwb-brand?post=28375"},{"taxonomy":"product_cat","embeddable":true,"href":"https:\/\/cheveuxluxe.com\/index.php\/wp-json\/wp\/v2\/product_cat?post=28375"},{"taxonomy":"product_tag","embeddable":true,"href":"https:\/\/cheveuxluxe.com\/index.php\/wp-json\/wp\/v2\/product_tag?post=28375"}],"curies":[{"name":"wp","href":"https:\/\/api.w.org\/{rel}","templated":true}]}}