{"id":28411,"date":"2024-04-09T21:26:57","date_gmt":"2024-04-09T21:26:57","guid":{"rendered":"https:\/\/cheveuxluxe.com\/index.php\/product\/sibel-cape-flexi-2-velcro-grise\/"},"modified":"2024-04-13T13:49:02","modified_gmt":"2024-04-13T13:49:02","slug":"sibel-cape-flexi-2-velcro-grise","status":"publish","type":"product","link":"https:\/\/cheveuxluxe.com\/index.php\/product\/sibel-cape-flexi-2-velcro-grise\/","title":{"rendered":"Sibel Cape Flexi 2 Velcro Grise"},"content":{"rendered":"<div class=\"product-content_bottom\">\n<div class=\"pdp-info\">\n<div class=\"pdp-tabs tab-container\">\n<div class=\"tab js-tab\">\n<h3 class=\"tab-title pdp-tabs_title js-tab-mobile-title open\"><span>Points cl\u00e9s<\/span><\/h3>\n<div class=\"tab-description pdp-tabs_description js-tab-description open\" itemprop=\"description\">\n<ul>\n<li> Antistatique<\/li>\n<li>\u00c9tanche<\/li>\n<li>Sans repassage<\/li>\n<li>Protection<\/li>\n<li>Cape longue <\/li>\n<\/ul>\n<\/div>\n<\/div>\n<div class=\"tab js-tab\">\n<h3 class=\"tab-title pdp-tabs_title js-tab-mobile-title\"><span>Description<\/span><\/h3>\n<div class=\"tab-description pdp-tabs_description js-tab-description\" itemprop=\"description\">Avec la Cape Flexi 2 Velcro de Sibel, vos clients b\u00e9n\u00e9ficieront d\u2019une protection compl\u00e8te lors de la coupe.Cette cape a \u00e9t\u00e9 sp\u00e9cialement con\u00e7ue pour couvrir toutes les zones du corps o\u00f9 les cheveux peuvent tomber lors de la coupe. Elle permet ainsi d\u2019\u00e9viter efficacement tout contact entre les cheveux coup\u00e9s et les v\u00eatements, ce qui limite les d\u00e9sagr\u00e9ments et \u00e9ventuelles d\u00e9mangeaisons. Une fois la coupe finie, il suffit de secouer la cape pour se d\u00e9barrasser des cheveux coup\u00e9s.Cette cape s\u2019attache tr\u00e8s facilement gr\u00e2ce \u00e0 un velcro au niveau de la nuque. Sa coupe fluide est agr\u00e9able \u00e0 porter et ne n\u00e9cessite aucun repassage. Elle est \u00e9galement \u00e9tanche, ce qui permet d\u2019\u00e9viter de mouiller ou salir les v\u00eatements lors de l\u2019application des produits coiffants.Ses dimensions sont de 110 cm de longueur par 126 cm de largeur \u00e0 l\u2019avant, et 28 cm de longueur pour la m\u00eame largeur au dos.<\/div>\n<\/div>\n<div class=\"tab js-tab\">\n<h3 class=\"tab-title pdp-tabs_title js-tab-mobile-title\"><span>Mode d&#8217;emploi<\/span><\/h3>\n<div class=\"tab-description pdp-tabs_description js-tab-description\">Passez la Cape Flexi 2 Velcro de Sibel autour du cou du client.Attachez la cape \u00e0 l\u2019aide du velcro \u00e0 l\u2019arri\u00e8re de la nuque.Ajustez si n\u00e9cessaire la cape pour que la partie longue soit bien sur l\u2019avant.Pour nettoyer la cape, utilisez de pr\u00e9f\u00e9rence un adoucissant antistatique pour conserver ses propri\u00e9t\u00e9s antistatiques.Ne n\u00e9cessite aucun repassage.<\/div>\n<\/div>\n<div class=\"tab js-tab\">\n<h3 class=\"tab-title pdp-tabs_title js-tab-mobile-title\"><span>Livraison et stock<\/span><\/h3>\n<div class=\"tab-description pdp-tabs_description js-tab-description\">\n<div class=\"pdp-delivery_info\">\n<div class=\"content-asset\">Livraison et d\u00e9laisRetours et remboursements<\/div>\n<\/div>\n<\/div>\n<\/div>\n<\/div>\n<\/div>\n<\/div>\n","protected":false},"excerpt":{"rendered":"<p>Points cl\u00e9s Antistatique \u00c9tanche Sans repassage Protection Cape longue Description Avec la Cape Flexi 2&hellip;<\/p>\n","protected":false},"featured_media":17967,"comment_status":"open","ping_status":"closed","template":"","meta":[],"pwb-brand":[652],"product_cat":[503],"product_tag":[168,169,342],"class_list":{"0":"post-28411","1":"product","2":"type-product","3":"status-publish","4":"has-post-thumbnail","6":"pwb-brand-sibel","7":"product_cat-materiel-de-coiffure-equipement-de-salon-22","8":"product_tag-equipement-de-salon","9":"product_tag-materiel-de-coiffure","10":"product_tag-sibel","12":"first","13":"instock","14":"taxable","15":"shipping-taxable","16":"purchasable","17":"product-type-simple","18":"layout-style-3","19":"col-md-4 col-sm-4 col-xs-6","20":"col-lg-3","21":"product-style-default"},"aioseo_notices":[],"brands":[{"id":652,"name":"Sibel","slug":"sibel"}],"_links":{"self":[{"href":"https:\/\/cheveuxluxe.com\/index.php\/wp-json\/wp\/v2\/product\/28411","targetHints":{"allow":["GET"]}}],"collection":[{"href":"https:\/\/cheveuxluxe.com\/index.php\/wp-json\/wp\/v2\/product"}],"about":[{"href":"https:\/\/cheveuxluxe.com\/index.php\/wp-json\/wp\/v2\/types\/product"}],"replies":[{"embeddable":true,"href":"https:\/\/cheveuxluxe.com\/index.php\/wp-json\/wp\/v2\/comments?post=28411"}],"version-history":[{"count":0,"href":"https:\/\/cheveuxluxe.com\/index.php\/wp-json\/wp\/v2\/product\/28411\/revisions"}],"wp:featuredmedia":[{"embeddable":true,"href":"https:\/\/cheveuxluxe.com\/index.php\/wp-json\/wp\/v2\/media\/17967"}],"wp:attachment":[{"href":"https:\/\/cheveuxluxe.com\/index.php\/wp-json\/wp\/v2\/media?parent=28411"}],"wp:term":[{"taxonomy":"pwb-brand","embeddable":true,"href":"https:\/\/cheveuxluxe.com\/index.php\/wp-json\/wp\/v2\/pwb-brand?post=28411"},{"taxonomy":"product_cat","embeddable":true,"href":"https:\/\/cheveuxluxe.com\/index.php\/wp-json\/wp\/v2\/product_cat?post=28411"},{"taxonomy":"product_tag","embeddable":true,"href":"https:\/\/cheveuxluxe.com\/index.php\/wp-json\/wp\/v2\/product_tag?post=28411"}],"curies":[{"name":"wp","href":"https:\/\/api.w.org\/{rel}","templated":true}]}}