{"id":28420,"date":"2024-04-09T21:27:07","date_gmt":"2024-04-09T21:27:07","guid":{"rendered":"https:\/\/cheveuxluxe.com\/index.php\/product\/olivia-garden-essential-careexpert-care-golden-nylon-brush\/"},"modified":"2024-04-13T13:49:29","modified_gmt":"2024-04-13T13:49:29","slug":"olivia-garden-essential-careexpert-care-golden-nylon-brush","status":"publish","type":"product","link":"https:\/\/cheveuxluxe.com\/index.php\/product\/olivia-garden-essential-careexpert-care-golden-nylon-brush\/","title":{"rendered":"Olivia Garden Essential CareExpert Care Golden Nylon Brush"},"content":{"rendered":"<div class=\"product-content_bottom\">\n<div class=\"pdp-info\">\n<div class=\"pdp-tabs tab-container\">\n<div class=\"tab js-tab\">\n<h3 class=\"tab-title pdp-tabs_title js-tab-mobile-title open\"><span>Points cl\u00e9s<\/span><\/h3>\n<div class=\"tab-description pdp-tabs_description js-tab-description open\" itemprop=\"description\">\n<ul>\n<li>Confort d\u00e9m\u00ealant luxueux<\/li>\n<li>Brossage de haute qualit\u00e9<\/li>\n<li>Look lisse et poli<\/li>\n<li>Antistatique, lisse et g\u00e9rable<\/li>\n<li>Effet de massage<\/li>\n<li>N\u0153uds liss\u00e9s<\/li>\n<li>Pas de casse<\/li>\n<\/ul>\n<\/div>\n<\/div>\n<div class=\"tab js-tab\">\n<h3 class=\"tab-title pdp-tabs_title js-tab-mobile-title\"><span>Description<\/span><\/h3>\n<div class=\"tab-description pdp-tabs_description js-tab-description\" itemprop=\"description\">\n<p>L\u2019Expert Care Rectangular et ses poils en nylon sont parfaits pour d\u00e9m\u00ealer les cheveux et en prendre soin. Son coussin doux et ses gros embouts \u00e0 bille donnent au cuir chevelu et aux cheveux un massage bien-\u00eatre qui favorise la croissance des cheveux!<\/p>\n<\/div>\n<\/div>\n<div class=\"tab js-tab\">\n<h3 class=\"tab-title pdp-tabs_title js-tab-mobile-title\"><span>Livraison et stock<\/span><\/h3>\n<div class=\"tab-description pdp-tabs_description js-tab-description\">\n<div class=\"pdp-delivery_info\">\n<div class=\"content-asset\">Livraison et d\u00e9laisRetours et remboursements<\/div>\n<\/div>\n<\/div>\n<\/div>\n<\/div>\n<\/div>\n<\/div>\n","protected":false},"excerpt":{"rendered":"<p>Points cl\u00e9s Confort d\u00e9m\u00ealant luxueux Brossage de haute qualit\u00e9 Look lisse et poli Antistatique, lisse&hellip;<\/p>\n","protected":false},"featured_media":28418,"comment_status":"open","ping_status":"closed","template":"","meta":[],"pwb-brand":[689],"product_cat":[503],"product_tag":[168,169,484],"class_list":{"0":"post-28420","1":"product","2":"type-product","3":"status-publish","4":"has-post-thumbnail","6":"pwb-brand-olivia-garden","7":"product_cat-materiel-de-coiffure-equipement-de-salon-22","8":"product_tag-equipement-de-salon","9":"product_tag-materiel-de-coiffure","10":"product_tag-olivia-garden","12":"first","13":"instock","14":"taxable","15":"shipping-taxable","16":"purchasable","17":"product-type-simple","18":"layout-style-3","19":"col-md-4 col-sm-4 col-xs-6","20":"col-lg-3","21":"product-has-gallery","22":"product-style-default"},"aioseo_notices":[],"brands":[{"id":689,"name":"Olivia Garden","slug":"olivia-garden"}],"_links":{"self":[{"href":"https:\/\/cheveuxluxe.com\/index.php\/wp-json\/wp\/v2\/product\/28420","targetHints":{"allow":["GET"]}}],"collection":[{"href":"https:\/\/cheveuxluxe.com\/index.php\/wp-json\/wp\/v2\/product"}],"about":[{"href":"https:\/\/cheveuxluxe.com\/index.php\/wp-json\/wp\/v2\/types\/product"}],"replies":[{"embeddable":true,"href":"https:\/\/cheveuxluxe.com\/index.php\/wp-json\/wp\/v2\/comments?post=28420"}],"version-history":[{"count":0,"href":"https:\/\/cheveuxluxe.com\/index.php\/wp-json\/wp\/v2\/product\/28420\/revisions"}],"wp:featuredmedia":[{"embeddable":true,"href":"https:\/\/cheveuxluxe.com\/index.php\/wp-json\/wp\/v2\/media\/28418"}],"wp:attachment":[{"href":"https:\/\/cheveuxluxe.com\/index.php\/wp-json\/wp\/v2\/media?parent=28420"}],"wp:term":[{"taxonomy":"pwb-brand","embeddable":true,"href":"https:\/\/cheveuxluxe.com\/index.php\/wp-json\/wp\/v2\/pwb-brand?post=28420"},{"taxonomy":"product_cat","embeddable":true,"href":"https:\/\/cheveuxluxe.com\/index.php\/wp-json\/wp\/v2\/product_cat?post=28420"},{"taxonomy":"product_tag","embeddable":true,"href":"https:\/\/cheveuxluxe.com\/index.php\/wp-json\/wp\/v2\/product_tag?post=28420"}],"curies":[{"name":"wp","href":"https:\/\/api.w.org\/{rel}","templated":true}]}}