{"id":28425,"date":"2024-04-09T21:27:09","date_gmt":"2024-04-09T21:27:09","guid":{"rendered":"https:\/\/cheveuxluxe.com\/index.php\/product\/babyliss-pro-4-artists-seche-cheveux-digital-or\/"},"modified":"2024-04-13T16:19:50","modified_gmt":"2024-04-13T16:19:50","slug":"babyliss-pro-4-artists-seche-cheveux-digital-or","status":"publish","type":"product","link":"https:\/\/cheveuxluxe.com\/index.php\/product\/babyliss-pro-4-artists-seche-cheveux-digital-or\/","title":{"rendered":"BaByliss PRO 4 Artists S\u00e8che-Cheveux Digital Or"},"content":{"rendered":"<div class=\"product-content_bottom\">\n<div class=\"pdp-info\">\n<div class=\"pdp-tabs tab-container\">\n<div class=\"tab js-tab\">\n<h3 class=\"tab-title pdp-tabs_title js-tab-mobile-title open\"><span>Points cl\u00e9s<\/span><\/h3>\n<div class=\"tab-description pdp-tabs_description js-tab-description open\" itemprop=\"description\">\n<ul>\n<li>Puissant 2200 Watts<\/li>\n<li>L\u00e9ger 420 g<\/li>\n<li>Longue dur\u00e9e de vie jusqu\u2019\u00e0 10 000 heures<\/li>\n<li>D\u00e9bit d\u2019air : 73 m3\/h<\/li>\n<li>Coefficient de s\u00e9chage : 6.1grammes d\u2019eau s\u00e9ch\u00e9e par minute<\/li>\n<li>Fonction turbo<\/li>\n<li>3 embouts concentrateurs + 1 embout peigne<\/li>\n<\/ul>\n<\/div>\n<\/div>\n<div class=\"tab js-tab\">\n<h3 class=\"tab-title pdp-tabs_title js-tab-mobile-title\"><span>Description<\/span><\/h3>\n<div class=\"tab-description pdp-tabs_description js-tab-description\" itemprop=\"description\">Parce qu\u2019il est \u00e9quip\u00e9 d\u2019un moteur DIGITAL, la dur\u00e9e de vie du GOLDFX est multipli\u00e9e par 10 compar\u00e9e \u00e0 celle des s\u00e8che-cheveux traditionnels. Ce moteur est g\u00e9r\u00e9 par \u00e9lectronique pour un rendement optimal. Le flux et la vitesse d\u2019air sont contr\u00f4l\u00e9s en permanence pour une stabilit\u00e9 maximale. Il n\u2019y a pas de baisse de puissance, ni de performance. Les vibrations sont consid\u00e9rablement r\u00e9duites. Le moteur digital te garantit, gr\u00e2ce \u00e0 cette fonctionnalit\u00e9 exclusive, une efficacit\u00e9 optimale, les meilleurs r\u00e9sultats et le plus grand respect de la fibre capillaire.<\/p>\n<p>Fonction turbo, acc\u00e9l\u00e9ratrice de puissance et de protection<br \/>La fonction turbo a le double avantage d\u2019accroitre la vitesse et le d\u00e9bit d\u2019air sans augmentation de temp\u00e9rature. Elle permet de donner un coup d\u2019acc\u00e9l\u00e9rateur lors du s\u00e9chage ou d\u2019insister sur certaines m\u00e8ches plus difficiles lors du brushing sans compromettre la protection du cheveu. Le GOLDFX dispose de 2 niveaux de vitesse et de 2 niveaux de temp\u00e9rature qui lui donnent une flexibilit\u00e9 maximale et un bouton d\u2019air froid lui permet de fixer le r\u00e9sultat final.<\/p>\n<p>Technologie ionique<br \/>Son g\u00e9n\u00e9rateur ionique performant, en dissipant la tension \u00e0 leur surface, rend les cheveux plus faciles \u00e0 s\u00e9cher et \u00e0 coiffer et leur donne douceur et brillance.<\/p>\n<p>Design ergonomique et \u00e9quilibre parfait<br \/>Le GOLDFX p\u00e8se seulement 420 grammes. Sa poign\u00e9e m\u00e9tallique, longue, textur\u00e9e pour assurer une prise anti-d\u00e9rapante, parfaitement situ\u00e9e dans l\u2019axe du centre de gravit\u00e9 del\u2019appareil, garantit une prise en main \u00e9quilibr\u00e9e, confortable.<\/p>\n<p>Accessoires<br \/>Le s\u00e8che-cheveux GOLDFX est livr\u00e9 avec trois embouts concentrateurs : un embout droit, \u00e9troit, de 6mm x 60 mm qui convient id\u00e9alement pour un lissage, car il permet d\u2019obtenir<br \/>La tension n\u00e9cessaire sur le cheveu.<br \/>Un embout ultra fin de 4mm x 70mm pour une pression d\u2019air optimale parfaitement contr\u00f4l\u00e9e et encore plus d\u2019efficacit\u00e9.<br \/>Un embout de 6 x 75 mm, biseaut\u00e9 pour un styling plus doux ; sa forme est l\u00e9g\u00e8rement diagonale et \u00e9pouse la forme de la brosse parfaitement. Un peigne est pr\u00e9vu pour venir se fixer sur cet embout pour permettre le s\u00e9chage et la mise en forme de la barbe.<br \/>Nous recommandons de r\u00e9gler le s\u00e8che-cheveux sur le niveau de temp\u00e9rature I et le niveau de vitesse I (ou vitesse II pour diminuer encore la temp\u00e9rature) avec ou sans turbo pour l\u2019entretien de la barbe avec l\u2019embout peigne.<br \/>Le GOLDFX est \u00e9galement livr\u00e9 avec un silencieux pour toujours plus de confort en utilisation pour toi et tes clients et un diffuseur pour le s\u00e9chage des cheveux fris\u00e9s et boucl\u00e9s quand on ne veut pas leur donner davantage de volume.<\/div>\n<\/div>\n<div class=\"tab js-tab\">\n<h3 class=\"tab-title pdp-tabs_title js-tab-mobile-title\"><span>Mode d&#8217;emploi<\/span><\/h3>\n<div class=\"tab-description pdp-tabs_description js-tab-description\">1. Laver les cheveux au shampoing et \u00e9ventuellement appliquer un soin conditionneur. Rincer abondamment et essorer les cheveux \u00e0 la serviette. Diviser les cheveux en sections. \u00c0 l\u2019aide du s\u00e8checheveux et d\u2019une brosse, diriger l\u2019air chaud le long de chaque section, une section apr\u00e8s l\u2019autre. L\u2019air chaud doit passer \u00e0 travers la m\u00e8che de cheveux. Prendre soin de diriger le flux d\u2019air vers les cheveux, non vers le cuir chevelu.<br \/>2. Pendant le s\u00e9chage, veiller \u00e0 maintenir les entr\u00e9es d\u2019air nonobstru\u00e9es et d\u00e9gag\u00e9es de tout cheveu.<br \/>3. Pour \u00e9viter toute surchauffe et d\u2019\u00e9ventuels dommages aux cheveux ou \u00e0 la peau, \u00e9viter de concentrer la chaleur sur une seule section de cheveux pendant un trop long moment. Garder le s\u00e8che-cheveux en mouvement pendant la mise en forme des cheveux.<br \/>4. Lorsque le s\u00e8che-cheveux est utilis\u00e9 pour cr\u00e9er des boucles et des ondulations, s\u00e9cher les cheveux quasi totalement en utilisant une temp\u00e9rature de s\u00e9chage plus \u00e9lev\u00e9e, fixer ensuite la coiffure \u00e0 l\u2019aide de la touche air froid.<br \/>5. Ce s\u00e8che-cheveux est livr\u00e9 avec des embouts concentrateurs. Utiliser ces accessoires lorsqu\u2019il est n\u00e9cessaire de concentrer la puissance de s\u00e9chage sur une petite surface (comme une boucle ou une ondulation) ou pour assouplir des cheveux boucl\u00e9s.<\/p>\n<p>SECHAGE ET COIFFAGE DE LA BARBE<br \/>Un peigne est pr\u00e9vu pour venir se fixer sur l\u2019embout 6 x 75mm pour permettre le s\u00e9chage et la mise en forme de la barbe. Nous recommandons de r\u00e9gler le s\u00e8checheveux sur le niveau de temp\u00e9rature I et le niveau de vitesse I (ou vitesse II pour diminuer encore la temp\u00e9rature) avec ou sans turbo pour l\u2019entretien de la barbe avec l\u2019embout peigne.<\/div>\n<\/div>\n<div class=\"tab js-tab\">\n<h3 class=\"tab-title pdp-tabs_title js-tab-mobile-title\"><span>Livraison et stock<\/span><\/h3>\n<div class=\"tab-description pdp-tabs_description js-tab-description\">\n<div class=\"pdp-delivery_info\">\n<div class=\"content-asset\">Livraison et d\u00e9laisRetours et remboursements<\/div>\n<\/div>\n<\/div>\n<\/div>\n<\/div>\n<\/div>\n<\/div>\n","protected":false},"excerpt":{"rendered":"<p>Points cl\u00e9s Puissant 2200 Watts L\u00e9ger 420 g Longue dur\u00e9e de vie jusqu\u2019\u00e0 10 000&hellip;<\/p>\n","protected":false},"featured_media":18272,"comment_status":"open","ping_status":"closed","template":"","meta":[],"pwb-brand":[629],"product_cat":[503],"product_tag":[405,168,169],"class_list":{"0":"post-28425","1":"product","2":"type-product","3":"status-publish","4":"has-post-thumbnail","6":"pwb-brand-babyliss-pro","7":"product_cat-materiel-de-coiffure-equipement-de-salon-22","8":"product_tag-babyliss-pro","9":"product_tag-equipement-de-salon","10":"product_tag-materiel-de-coiffure","12":"first","13":"instock","14":"taxable","15":"shipping-taxable","16":"purchasable","17":"product-type-simple","18":"layout-style-3","19":"col-md-4 col-sm-4 col-xs-6","20":"col-lg-3","21":"product-has-gallery","22":"product-style-default"},"aioseo_notices":[],"brands":[{"id":629,"name":"BaByliss PRO","slug":"babyliss-pro"}],"_links":{"self":[{"href":"https:\/\/cheveuxluxe.com\/index.php\/wp-json\/wp\/v2\/product\/28425","targetHints":{"allow":["GET"]}}],"collection":[{"href":"https:\/\/cheveuxluxe.com\/index.php\/wp-json\/wp\/v2\/product"}],"about":[{"href":"https:\/\/cheveuxluxe.com\/index.php\/wp-json\/wp\/v2\/types\/product"}],"replies":[{"embeddable":true,"href":"https:\/\/cheveuxluxe.com\/index.php\/wp-json\/wp\/v2\/comments?post=28425"}],"version-history":[{"count":0,"href":"https:\/\/cheveuxluxe.com\/index.php\/wp-json\/wp\/v2\/product\/28425\/revisions"}],"wp:featuredmedia":[{"embeddable":true,"href":"https:\/\/cheveuxluxe.com\/index.php\/wp-json\/wp\/v2\/media\/18272"}],"wp:attachment":[{"href":"https:\/\/cheveuxluxe.com\/index.php\/wp-json\/wp\/v2\/media?parent=28425"}],"wp:term":[{"taxonomy":"pwb-brand","embeddable":true,"href":"https:\/\/cheveuxluxe.com\/index.php\/wp-json\/wp\/v2\/pwb-brand?post=28425"},{"taxonomy":"product_cat","embeddable":true,"href":"https:\/\/cheveuxluxe.com\/index.php\/wp-json\/wp\/v2\/product_cat?post=28425"},{"taxonomy":"product_tag","embeddable":true,"href":"https:\/\/cheveuxluxe.com\/index.php\/wp-json\/wp\/v2\/product_tag?post=28425"}],"curies":[{"name":"wp","href":"https:\/\/api.w.org\/{rel}","templated":true}]}}