{"id":28443,"date":"2024-04-09T21:27:40","date_gmt":"2024-04-09T21:27:40","guid":{"rendered":"https:\/\/cheveuxluxe.com\/index.php\/product\/framar-pop-up-feuilles-aluminium-big-poppa-x250\/"},"modified":"2024-04-13T13:49:48","modified_gmt":"2024-04-13T13:49:48","slug":"framar-pop-up-feuilles-aluminium-big-poppa-x250","status":"publish","type":"product","link":"https:\/\/cheveuxluxe.com\/index.php\/product\/framar-pop-up-feuilles-aluminium-big-poppa-x250\/","title":{"rendered":"Framar Pop Up Feuilles Aluminium Big Poppa x250"},"content":{"rendered":"<div class=\"product-content_bottom\">\n<div class=\"pdp-info\">\n<div class=\"pdp-tabs tab-container\">\n<div class=\"tab js-tab\">\n<h3 class=\"tab-title pdp-tabs_title js-tab-mobile-title open\"><span>Points cl\u00e9s<\/span><\/h3>\n<div class=\"tab-description pdp-tabs_description js-tab-description open\" itemprop=\"description\">\n<ul>\n<li>250 feuilles<\/li>\n<li>Feuille pr\u00e9d\u00e9coup\u00e9e 10&#215;14&Prime;<\/li>\n<li>Extra-large<\/li>\n<li>Aucune pr\u00e9paration n\u00e9cessaire<\/li>\n<li>Texture en relief<\/li>\n<\/ul>\n<\/div>\n<\/div>\n<div class=\"tab js-tab\">\n<h3 class=\"tab-title pdp-tabs_title js-tab-mobile-title\"><span>Description<\/span><\/h3>\n<div class=\"tab-description pdp-tabs_description js-tab-description\" itemprop=\"description\">Extra-large, aucune feuille antid\u00e9rapante. Une feuille argent\u00e9e deux fois plus large que nos feuilles pop-up r\u00e9guli\u00e8res pour une couverture suppl\u00e9mentaire. Des feuilles pr\u00e9d\u00e9coup\u00e9es qui sont pr\u00eates quand vous l&rsquo;\u00eates. Pas de pr\u00e9paration n\u00e9cessaire ! La texture en relief emp\u00eache les feuilles de glisser afin que vous puissiez passer \u00e0 travers n&rsquo;importe quel service. Les feuilles sont extra-larges pour que vous puissiez peindre de grandes sections de cheveux \u00e0 la fois.<\/div>\n<\/div>\n<div class=\"tab js-tab\">\n<h3 class=\"tab-title pdp-tabs_title js-tab-mobile-title\"><span>Livraison et stock<\/span><\/h3>\n<div class=\"tab-description pdp-tabs_description js-tab-description\">\n<div class=\"pdp-delivery_info\">\n<div class=\"content-asset\">Livraison et d\u00e9laisRetours et remboursements<\/div>\n<\/div>\n<\/div>\n<\/div>\n<\/div>\n<\/div>\n<\/div>\n","protected":false},"excerpt":{"rendered":"<p>Points cl\u00e9s 250 feuilles Feuille pr\u00e9d\u00e9coup\u00e9e 10&#215;14&Prime; Extra-large Aucune pr\u00e9paration n\u00e9cessaire Texture en relief Description&hellip;<\/p>\n","protected":false},"featured_media":18202,"comment_status":"open","ping_status":"closed","template":"","meta":[],"pwb-brand":[690],"product_cat":[503],"product_tag":[168,486,169],"class_list":{"0":"post-28443","1":"product","2":"type-product","3":"status-publish","4":"has-post-thumbnail","6":"pwb-brand-framar","7":"product_cat-materiel-de-coiffure-equipement-de-salon-22","8":"product_tag-equipement-de-salon","9":"product_tag-framar","10":"product_tag-materiel-de-coiffure","12":"first","13":"instock","14":"taxable","15":"shipping-taxable","16":"purchasable","17":"product-type-simple","18":"layout-style-3","19":"col-md-4 col-sm-4 col-xs-6","20":"col-lg-3","21":"product-has-gallery","22":"product-style-default"},"aioseo_notices":[],"brands":[{"id":690,"name":"Framar","slug":"framar"}],"_links":{"self":[{"href":"https:\/\/cheveuxluxe.com\/index.php\/wp-json\/wp\/v2\/product\/28443","targetHints":{"allow":["GET"]}}],"collection":[{"href":"https:\/\/cheveuxluxe.com\/index.php\/wp-json\/wp\/v2\/product"}],"about":[{"href":"https:\/\/cheveuxluxe.com\/index.php\/wp-json\/wp\/v2\/types\/product"}],"replies":[{"embeddable":true,"href":"https:\/\/cheveuxluxe.com\/index.php\/wp-json\/wp\/v2\/comments?post=28443"}],"version-history":[{"count":0,"href":"https:\/\/cheveuxluxe.com\/index.php\/wp-json\/wp\/v2\/product\/28443\/revisions"}],"wp:featuredmedia":[{"embeddable":true,"href":"https:\/\/cheveuxluxe.com\/index.php\/wp-json\/wp\/v2\/media\/18202"}],"wp:attachment":[{"href":"https:\/\/cheveuxluxe.com\/index.php\/wp-json\/wp\/v2\/media?parent=28443"}],"wp:term":[{"taxonomy":"pwb-brand","embeddable":true,"href":"https:\/\/cheveuxluxe.com\/index.php\/wp-json\/wp\/v2\/pwb-brand?post=28443"},{"taxonomy":"product_cat","embeddable":true,"href":"https:\/\/cheveuxluxe.com\/index.php\/wp-json\/wp\/v2\/product_cat?post=28443"},{"taxonomy":"product_tag","embeddable":true,"href":"https:\/\/cheveuxluxe.com\/index.php\/wp-json\/wp\/v2\/product_tag?post=28443"}],"curies":[{"name":"wp","href":"https:\/\/api.w.org\/{rel}","templated":true}]}}