{"id":28444,"date":"2024-04-09T21:27:40","date_gmt":"2024-04-09T21:27:40","guid":{"rendered":"https:\/\/cheveuxluxe.com\/index.php\/product\/cricket-brosse-anti-statique-volumizer\/"},"modified":"2024-04-13T14:17:12","modified_gmt":"2024-04-13T14:17:12","slug":"cricket-brosse-anti-statique-volumizer","status":"publish","type":"product","link":"https:\/\/cheveuxluxe.com\/index.php\/product\/cricket-brosse-anti-statique-volumizer\/","title":{"rendered":"Cricket Brosse Anti-Statique Volumizer"},"content":{"rendered":"<div class=\"product-content_bottom\">\n<div class=\"pdp-info\">\n<div class=\"pdp-tabs tab-container\">\n<div class=\"tab js-tab\">\n<h3 class=\"tab-title pdp-tabs_title js-tab-mobile-title open\"><span>Points cl\u00e9s<\/span><\/h3>\n<div class=\"tab-description pdp-tabs_description js-tab-description open\" itemprop=\"description\">\n<ul>\n<li> Brosse antistatique<\/li>\n<li>Picots crois\u00e9s<\/li>\n<li>Manche antid\u00e9rapant<\/li>\n<li>Embouts renforc\u00e9s<\/li>\n<li>Effet volumateur <\/li>\n<\/ul>\n<\/div>\n<\/div>\n<div class=\"tab js-tab\">\n<h3 class=\"tab-title pdp-tabs_title js-tab-mobile-title\"><span>Description<\/span><\/h3>\n<div class=\"tab-description pdp-tabs_description js-tab-description\" itemprop=\"description\">Pour coiffer les cheveux fins, plats et sensibles \u00e0 l&rsquo;\u00e9lectricit\u00e9 statique, utilisez la Brosse Static Free Volumizer de Cricket.Con\u00e7ue pour \u00eatre utilis\u00e9e avec un s\u00e8che-cheveux, la brosse pr\u00e9sente un design a\u00e9r\u00e9 pour un s\u00e9chage plus rapide. Pour apporter du volume aux cheveux fins et rehausser la chevelure, Cricket a dot\u00e9 la brosse de picots crois\u00e9s et les a \u00e9quip\u00e9s d\u2019embouts renforc\u00e9s.La technologie Static Free de Cricket permet d\u2019\u00e9viter les m\u00e8ches volantes et facilite le coiffage. Id\u00e9ale pour tous les types de cheveux, lisses comme fris\u00e9s, elle vous sera d\u2019une grande utilit\u00e9 pour d\u00e9m\u00ealer les n\u0153uds avant de r\u00e9aliser une coiffure.Le confort de travail n\u2019est pas en reste avec un manche \u00e9quip\u00e9 d\u2019un rev\u00eatement en caoutchouc antid\u00e9rapant procurant une tr\u00e8s bonne prise en main.<\/div>\n<\/div>\n<div class=\"tab js-tab\">\n<h3 class=\"tab-title pdp-tabs_title js-tab-mobile-title\"><span>Mode d&#8217;emploi<\/span><\/h3>\n<div class=\"tab-description pdp-tabs_description js-tab-description\">Pensez \u00e0 bien nettoyer votre Brosse Static Free Volumizer de Cricket \u00e0 l\u2019eau chaude et au savon pour \u00e9viter la prolif\u00e9ration des bact\u00e9ries. S\u00e9chez-la avec le s\u00e8che-cheveux avant de la ranger.Pour r\u00e9pondre \u00e0 tous vos besoins de coiffage n\u00e9cessitant d\u2019\u00e9liminer l\u2019\u00e9lectricit\u00e9 statique, Cricket a con\u00e7u une large gamme de brosses antistatiques. N\u2019h\u00e9sitez pas \u00e0 vous procurer les autres mod\u00e8les.<\/div>\n<\/div>\n<div class=\"tab js-tab\">\n<h3 class=\"tab-title pdp-tabs_title js-tab-mobile-title\"><span>Livraison et stock<\/span><\/h3>\n<div class=\"tab-description pdp-tabs_description js-tab-description\">\n<div class=\"pdp-delivery_info\">\n<div class=\"content-asset\">Livraison et d\u00e9laisRetours et remboursements<\/div>\n<\/div>\n<\/div>\n<\/div>\n<\/div>\n<\/div>\n<\/div>\n","protected":false},"excerpt":{"rendered":"<p>Points cl\u00e9s Brosse antistatique Picots crois\u00e9s Manche antid\u00e9rapant Embouts renforc\u00e9s Effet volumateur Description Pour coiffer&hellip;<\/p>\n","protected":false},"featured_media":17680,"comment_status":"open","ping_status":"closed","template":"","meta":[],"pwb-brand":[695],"product_cat":[605],"product_tag":[521,606,127],"class_list":{"0":"post-28444","1":"product","2":"type-product","3":"status-publish","4":"has-post-thumbnail","6":"pwb-brand-cricket","7":"product_cat-essentiels-de-cheveux","8":"product_tag-cricket","9":"product_tag-essentiels-de-cheveux","10":"product_tag-shampooing-et-coiffure","12":"first","13":"instock","14":"taxable","15":"shipping-taxable","16":"purchasable","17":"product-type-simple","18":"layout-style-3","19":"col-md-4 col-sm-4 col-xs-6","20":"col-lg-3","21":"product-has-gallery","22":"product-style-default"},"aioseo_notices":[],"brands":[{"id":695,"name":"Cricket","slug":"cricket"}],"_links":{"self":[{"href":"https:\/\/cheveuxluxe.com\/index.php\/wp-json\/wp\/v2\/product\/28444","targetHints":{"allow":["GET"]}}],"collection":[{"href":"https:\/\/cheveuxluxe.com\/index.php\/wp-json\/wp\/v2\/product"}],"about":[{"href":"https:\/\/cheveuxluxe.com\/index.php\/wp-json\/wp\/v2\/types\/product"}],"replies":[{"embeddable":true,"href":"https:\/\/cheveuxluxe.com\/index.php\/wp-json\/wp\/v2\/comments?post=28444"}],"version-history":[{"count":0,"href":"https:\/\/cheveuxluxe.com\/index.php\/wp-json\/wp\/v2\/product\/28444\/revisions"}],"wp:featuredmedia":[{"embeddable":true,"href":"https:\/\/cheveuxluxe.com\/index.php\/wp-json\/wp\/v2\/media\/17680"}],"wp:attachment":[{"href":"https:\/\/cheveuxluxe.com\/index.php\/wp-json\/wp\/v2\/media?parent=28444"}],"wp:term":[{"taxonomy":"pwb-brand","embeddable":true,"href":"https:\/\/cheveuxluxe.com\/index.php\/wp-json\/wp\/v2\/pwb-brand?post=28444"},{"taxonomy":"product_cat","embeddable":true,"href":"https:\/\/cheveuxluxe.com\/index.php\/wp-json\/wp\/v2\/product_cat?post=28444"},{"taxonomy":"product_tag","embeddable":true,"href":"https:\/\/cheveuxluxe.com\/index.php\/wp-json\/wp\/v2\/product_tag?post=28444"}],"curies":[{"name":"wp","href":"https:\/\/api.w.org\/{rel}","templated":true}]}}