{"id":28449,"date":"2024-04-09T21:27:46","date_gmt":"2024-04-09T21:27:46","guid":{"rendered":"https:\/\/cheveuxluxe.com\/index.php\/product\/hercules-peigne-664-8-326-8\/"},"modified":"2024-04-13T14:16:59","modified_gmt":"2024-04-13T14:16:59","slug":"hercules-peigne-664-8-326-8","status":"publish","type":"product","link":"https:\/\/cheveuxluxe.com\/index.php\/product\/hercules-peigne-664-8-326-8\/","title":{"rendered":"Hercules Peigne 664\/8-326\/8"},"content":{"rendered":"<div class=\"product-content_bottom\">\n<div class=\"pdp-info\">\n<div class=\"pdp-tabs tab-container\">\n<div class=\"tab js-tab\">\n<h3 class=\"tab-title pdp-tabs_title js-tab-mobile-title open\"><span>Points cl\u00e9s<\/span><\/h3>\n<div class=\"tab-description pdp-tabs_description js-tab-description open\" itemprop=\"description\">\n<ul>\n<li> Fait main <\/li>\n<li>D\u00e9m\u00ealant<\/li>\n<li>100% caoutchouc naturel<\/li>\n<li>Peigne double<\/li>\n<li>R\u00e9sistant chaleur et produits chimiques <\/li>\n<\/ul>\n<\/div>\n<\/div>\n<div class=\"tab js-tab\">\n<h3 class=\"tab-title pdp-tabs_title js-tab-mobile-title\"><span>Description<\/span><\/h3>\n<div class=\"tab-description pdp-tabs_description js-tab-description\" itemprop=\"description\">Fabriqu\u00e9 en caoutchouc naturel, le Peigne 664\/8-326\/8 de Hercules d\u00e9m\u00eale en douceur la chevelure. On aime l\u2018absence d\u2019asp\u00e9rit\u00e9s entre les dents de ce peigne et sa longueur de 20.4 cm qui assurent une bonne prise en main et un coiffage facile. Sp\u00e9cialement destin\u00e9 au d\u00e9m\u00ealage, il est incontournable dans le travail quotidien des coiffeurs.Les deux types de dents -espac\u00e9es ou resserr\u00e9es- conviennent aussi bien aux cheveux \u00e9pais ou fins. La conception particuli\u00e8rement solide de ce peigne permet un usage sur la dur\u00e9e, et sa r\u00e9sistance \u00e0 la chaleur et aux produits chimiques en fait un outil de premier choix. L\u2019absence d\u2019ar\u00eates a \u00e9t\u00e9 \u00e9tudi\u00e9e pour le respect des textures fragiles, et pour \u00e9viter d\u2019accrocher les m\u00e8ches ou les boucles tout en restant doux pour le cuir chevelu.V\u00e9ritable r\u00e9f\u00e9rence des professionnels, la marque Hercules propose une large gamme de peignes enti\u00e8rement faits main.<\/div>\n<\/div>\n<div class=\"tab js-tab\">\n<h3 class=\"tab-title pdp-tabs_title js-tab-mobile-title\"><span>Mode d&#8217;emploi<\/span><\/h3>\n<div class=\"tab-description pdp-tabs_description js-tab-description\">Coiffez les cheveux en choisissant le type de dents \u00e0 utiliser selon l\u2019\u00e9paisseur de la chevelureNettoyez r\u00e9guli\u00e8rement le peigne \u00e0 l\u2019eau ti\u00e8de additionn\u00e9e d\u2019une noisette de shampoing<\/div>\n<\/div>\n<div class=\"tab js-tab\">\n<h3 class=\"tab-title pdp-tabs_title js-tab-mobile-title\"><span>Ingr\u00e9dients<\/span><\/h3>\n<div class=\"tab-description pdp-tabs_description js-tab-description\">Naturkautschuk<\/div>\n<\/div>\n<div class=\"tab js-tab\">\n<h3 class=\"tab-title pdp-tabs_title js-tab-mobile-title\"><span>Livraison et stock<\/span><\/h3>\n<div class=\"tab-description pdp-tabs_description js-tab-description\">\n<div class=\"pdp-delivery_info\">\n<div class=\"content-asset\">Livraison et d\u00e9laisRetours et remboursements<\/div>\n<\/div>\n<\/div>\n<\/div>\n<\/div>\n<\/div>\n<\/div>\n","protected":false},"excerpt":{"rendered":"<p>Points cl\u00e9s Fait main D\u00e9m\u00ealant 100% caoutchouc naturel Peigne double R\u00e9sistant chaleur et produits chimiques&hellip;<\/p>\n","protected":false},"featured_media":17052,"comment_status":"open","ping_status":"closed","template":"","meta":[],"pwb-brand":[675],"product_cat":[605],"product_tag":[606,430,127],"class_list":{"0":"post-28449","1":"product","2":"type-product","3":"status-publish","4":"has-post-thumbnail","6":"pwb-brand-hercules","7":"product_cat-essentiels-de-cheveux","8":"product_tag-essentiels-de-cheveux","9":"product_tag-hercules","10":"product_tag-shampooing-et-coiffure","12":"first","13":"instock","14":"taxable","15":"shipping-taxable","16":"purchasable","17":"product-type-simple","18":"layout-style-3","19":"col-md-4 col-sm-4 col-xs-6","20":"col-lg-3","21":"product-style-default"},"aioseo_notices":[],"brands":[{"id":675,"name":"Hercules","slug":"hercules"}],"_links":{"self":[{"href":"https:\/\/cheveuxluxe.com\/index.php\/wp-json\/wp\/v2\/product\/28449","targetHints":{"allow":["GET"]}}],"collection":[{"href":"https:\/\/cheveuxluxe.com\/index.php\/wp-json\/wp\/v2\/product"}],"about":[{"href":"https:\/\/cheveuxluxe.com\/index.php\/wp-json\/wp\/v2\/types\/product"}],"replies":[{"embeddable":true,"href":"https:\/\/cheveuxluxe.com\/index.php\/wp-json\/wp\/v2\/comments?post=28449"}],"version-history":[{"count":0,"href":"https:\/\/cheveuxluxe.com\/index.php\/wp-json\/wp\/v2\/product\/28449\/revisions"}],"wp:featuredmedia":[{"embeddable":true,"href":"https:\/\/cheveuxluxe.com\/index.php\/wp-json\/wp\/v2\/media\/17052"}],"wp:attachment":[{"href":"https:\/\/cheveuxluxe.com\/index.php\/wp-json\/wp\/v2\/media?parent=28449"}],"wp:term":[{"taxonomy":"pwb-brand","embeddable":true,"href":"https:\/\/cheveuxluxe.com\/index.php\/wp-json\/wp\/v2\/pwb-brand?post=28449"},{"taxonomy":"product_cat","embeddable":true,"href":"https:\/\/cheveuxluxe.com\/index.php\/wp-json\/wp\/v2\/product_cat?post=28449"},{"taxonomy":"product_tag","embeddable":true,"href":"https:\/\/cheveuxluxe.com\/index.php\/wp-json\/wp\/v2\/product_tag?post=28449"}],"curies":[{"name":"wp","href":"https:\/\/api.w.org\/{rel}","templated":true}]}}