{"id":28450,"date":"2024-04-09T21:27:46","date_gmt":"2024-04-09T21:27:46","guid":{"rendered":"https:\/\/cheveuxluxe.com\/index.php\/product\/sibel-rouleaux-mise-en-plis-plastique-long\/"},"modified":"2024-04-13T14:23:28","modified_gmt":"2024-04-13T14:23:28","slug":"sibel-rouleaux-mise-en-plis-plastique-long","status":"publish","type":"product","link":"https:\/\/cheveuxluxe.com\/index.php\/product\/sibel-rouleaux-mise-en-plis-plastique-long\/","title":{"rendered":"Sibel Rouleaux Mise en Plis Plastique Long"},"content":{"rendered":"<div class=\"product-content_bottom\">\n<div class=\"pdp-info\">\n<div class=\"pdp-tabs tab-container\">\n<div class=\"tab js-tab\">\n<h3 class=\"tab-title pdp-tabs_title js-tab-mobile-title open\"><span>Points cl\u00e9s<\/span><\/h3>\n<div class=\"tab-description pdp-tabs_description js-tab-description open\" itemprop=\"description\">\n<ul>\n<li>Rouleaux de mise en plis classiques <\/li>\n<li>Mati\u00e8re plastique durable <\/li>\n<li>Paquet de 10 pi\u00e8ces <\/li>\n<li>Incl. 10 \u00e9pingles assorties\/paquet<\/li>\n<\/ul>\n<\/div>\n<\/div>\n<div class=\"tab js-tab\">\n<h3 class=\"tab-title pdp-tabs_title js-tab-mobile-title\"><span>Description<\/span><\/h3>\n<div class=\"tab-description pdp-tabs_description js-tab-description\" itemprop=\"description\">Ces rouleaux de mise en plis classiques sont fabriqu\u00e9s en mati\u00e8re plastique durable et r\u00e9sistante \u00e0 l&rsquo;alcool.<br \/>Ils sont disponibles en 8 tailles diff\u00e9rentes pour cr\u00e9er tout type de boucles serr\u00e9es ou de ondes douces.<br \/>Les \u00e9pingles assorti\u00e9s sont incluses dans chaque paquet.<\/div>\n<\/div>\n<div class=\"tab js-tab\">\n<h3 class=\"tab-title pdp-tabs_title js-tab-mobile-title\"><span>Livraison et stock<\/span><\/h3>\n<div class=\"tab-description pdp-tabs_description js-tab-description\">\n<div class=\"pdp-delivery_info\">\n<div class=\"content-asset\">Livraison et d\u00e9laisRetours et remboursements<\/div>\n<\/div>\n<\/div>\n<\/div>\n<\/div>\n<\/div>\n<\/div>\n","protected":false},"excerpt":{"rendered":"<p>Points cl\u00e9s Rouleaux de mise en plis classiques Mati\u00e8re plastique durable Paquet de 10 pi\u00e8ces&hellip;<\/p>\n","protected":false},"featured_media":0,"comment_status":"open","ping_status":"closed","template":"","meta":[],"pwb-brand":[652],"product_cat":[612],"product_tag":[613,127,342],"class_list":{"0":"post-28450","1":"product","2":"type-product","3":"status-publish","5":"pwb-brand-sibel","6":"product_cat-essentiels-coiffure-pour-etudiants","7":"product_tag-essentiels-coiffure-pour-etudiants","8":"product_tag-shampooing-et-coiffure","9":"product_tag-sibel","11":"first","12":"instock","13":"taxable","14":"shipping-taxable","15":"purchasable","16":"product-type-simple","17":"layout-style-3","18":"col-md-4 col-sm-4 col-xs-6","19":"col-lg-3","20":"product-style-default"},"aioseo_notices":[],"brands":[{"id":652,"name":"Sibel","slug":"sibel"}],"_links":{"self":[{"href":"https:\/\/cheveuxluxe.com\/index.php\/wp-json\/wp\/v2\/product\/28450","targetHints":{"allow":["GET"]}}],"collection":[{"href":"https:\/\/cheveuxluxe.com\/index.php\/wp-json\/wp\/v2\/product"}],"about":[{"href":"https:\/\/cheveuxluxe.com\/index.php\/wp-json\/wp\/v2\/types\/product"}],"replies":[{"embeddable":true,"href":"https:\/\/cheveuxluxe.com\/index.php\/wp-json\/wp\/v2\/comments?post=28450"}],"version-history":[{"count":0,"href":"https:\/\/cheveuxluxe.com\/index.php\/wp-json\/wp\/v2\/product\/28450\/revisions"}],"wp:attachment":[{"href":"https:\/\/cheveuxluxe.com\/index.php\/wp-json\/wp\/v2\/media?parent=28450"}],"wp:term":[{"taxonomy":"pwb-brand","embeddable":true,"href":"https:\/\/cheveuxluxe.com\/index.php\/wp-json\/wp\/v2\/pwb-brand?post=28450"},{"taxonomy":"product_cat","embeddable":true,"href":"https:\/\/cheveuxluxe.com\/index.php\/wp-json\/wp\/v2\/product_cat?post=28450"},{"taxonomy":"product_tag","embeddable":true,"href":"https:\/\/cheveuxluxe.com\/index.php\/wp-json\/wp\/v2\/product_tag?post=28450"}],"curies":[{"name":"wp","href":"https:\/\/api.w.org\/{rel}","templated":true}]}}