{"id":28456,"date":"2024-04-09T21:27:54","date_gmt":"2024-04-09T21:27:54","guid":{"rendered":"https:\/\/cheveuxluxe.com\/index.php\/product\/barburys-blaireau-code-cherry\/"},"modified":"2024-04-13T14:17:24","modified_gmt":"2024-04-13T14:17:24","slug":"barburys-blaireau-code-cherry","status":"publish","type":"product","link":"https:\/\/cheveuxluxe.com\/index.php\/product\/barburys-blaireau-code-cherry\/","title":{"rendered":"Barburys Blaireau Code Cherry"},"content":{"rendered":"<div class=\"product-content_bottom\">\n<div class=\"pdp-info\">\n<div class=\"pdp-tabs tab-container\">\n<div class=\"tab js-tab\">\n<h3 class=\"tab-title pdp-tabs_title js-tab-mobile-title open\"><span>Points cl\u00e9s<\/span><\/h3>\n<div class=\"tab-description pdp-tabs_description js-tab-description open\" itemprop=\"description\">\n<ul>\n<li> Soie 100 % naturelle<\/li>\n<li>Poils de sanglier <\/li>\n<li>Design ergonomique <\/li>\n<li>Pose optimale de la mousse <\/li>\n<\/ul>\n<\/div>\n<\/div>\n<div class=\"tab js-tab\">\n<h3 class=\"tab-title pdp-tabs_title js-tab-mobile-title\"><span>Description<\/span><\/h3>\n<div class=\"tab-description pdp-tabs_description js-tab-description\" itemprop=\"description\">Un rasage r\u00e9ussi commence par de bons outils ! Pens\u00e9e par les professionnels, pour les professionnels, la gamme Barburys\u00ae vous propose des accessoires haut de gamme, au service de rasages alliant pr\u00e9cision et confort.Afin d\u2019obtenir une mousse de rasage impeccable, ce blaireau professionnel est fabriqu\u00e9 avec une soie 100 % naturelle en poils de sanglier, une fibre de qualit\u00e9 qui assure une bonne absorption de l\u2019eau et du produit. C\u2019est \u00e9galement une mati\u00e8re au contact d\u00e9licat avec la peau et le poil. Pour un confort d\u2019utilisation au quotidien, tous les blaireaux de Barburys\u00ae affichent un diam\u00e8tre de plus de 21 mm.On aime : gr\u00e2ce \u00e0 sa poign\u00e9e ergonomique et design, ce blaireau vous assure confort et pr\u00e9cisions de mouvements.<\/div>\n<\/div>\n<div class=\"tab js-tab\">\n<h3 class=\"tab-title pdp-tabs_title js-tab-mobile-title\"><span>Mode d&#8217;emploi<\/span><\/h3>\n<div class=\"tab-description pdp-tabs_description js-tab-description\">Humidifiez l\u00e9g\u00e8rement la soie en la passant sous l\u2019eau chaude, avant de d\u00e9poser une noisette de cr\u00e8me sur la garniture du blaireau. Effectuez des mouvements circulaires dans le bol \u00e0 raser avec le blaireau pour \u00e9mulsionner la cr\u00e8me, avant de la d\u00e9poser sur la barbe.Le conseil de pro : votre cr\u00e8me de rasage est assez consistante si cette derni\u00e8re reste en place sur la soie du blaireau.<\/div>\n<\/div>\n<div class=\"tab js-tab\">\n<h3 class=\"tab-title pdp-tabs_title js-tab-mobile-title\"><span>Ingr\u00e9dients<\/span><\/h3>\n<div class=\"tab-description pdp-tabs_description js-tab-description\">Wood, pig hair.<\/div>\n<\/div>\n<div class=\"tab js-tab\">\n<h3 class=\"tab-title pdp-tabs_title js-tab-mobile-title\"><span>Livraison et stock<\/span><\/h3>\n<div class=\"tab-description pdp-tabs_description js-tab-description\">\n<div class=\"pdp-delivery_info\">\n<div class=\"content-asset\">Livraison et d\u00e9laisRetours et remboursements<\/div>\n<\/div>\n<\/div>\n<\/div>\n<\/div>\n<\/div>\n<\/div>\n","protected":false},"excerpt":{"rendered":"<p>Points cl\u00e9s Soie 100 % naturelle Poils de sanglier Design ergonomique Pose optimale de la&hellip;<\/p>\n","protected":false},"featured_media":17253,"comment_status":"open","ping_status":"closed","template":"","meta":[],"pwb-brand":[632],"product_cat":[605],"product_tag":[429,606,127],"class_list":{"0":"post-28456","1":"product","2":"type-product","3":"status-publish","4":"has-post-thumbnail","6":"pwb-brand-barburys","7":"product_cat-essentiels-de-cheveux","8":"product_tag-barburys","9":"product_tag-essentiels-de-cheveux","10":"product_tag-shampooing-et-coiffure","12":"first","13":"instock","14":"taxable","15":"shipping-taxable","16":"purchasable","17":"product-type-simple","18":"layout-style-3","19":"col-md-4 col-sm-4 col-xs-6","20":"col-lg-3","21":"product-style-default"},"aioseo_notices":[],"brands":[{"id":632,"name":"Barburys","slug":"barburys"}],"_links":{"self":[{"href":"https:\/\/cheveuxluxe.com\/index.php\/wp-json\/wp\/v2\/product\/28456","targetHints":{"allow":["GET"]}}],"collection":[{"href":"https:\/\/cheveuxluxe.com\/index.php\/wp-json\/wp\/v2\/product"}],"about":[{"href":"https:\/\/cheveuxluxe.com\/index.php\/wp-json\/wp\/v2\/types\/product"}],"replies":[{"embeddable":true,"href":"https:\/\/cheveuxluxe.com\/index.php\/wp-json\/wp\/v2\/comments?post=28456"}],"version-history":[{"count":0,"href":"https:\/\/cheveuxluxe.com\/index.php\/wp-json\/wp\/v2\/product\/28456\/revisions"}],"wp:featuredmedia":[{"embeddable":true,"href":"https:\/\/cheveuxluxe.com\/index.php\/wp-json\/wp\/v2\/media\/17253"}],"wp:attachment":[{"href":"https:\/\/cheveuxluxe.com\/index.php\/wp-json\/wp\/v2\/media?parent=28456"}],"wp:term":[{"taxonomy":"pwb-brand","embeddable":true,"href":"https:\/\/cheveuxluxe.com\/index.php\/wp-json\/wp\/v2\/pwb-brand?post=28456"},{"taxonomy":"product_cat","embeddable":true,"href":"https:\/\/cheveuxluxe.com\/index.php\/wp-json\/wp\/v2\/product_cat?post=28456"},{"taxonomy":"product_tag","embeddable":true,"href":"https:\/\/cheveuxluxe.com\/index.php\/wp-json\/wp\/v2\/product_tag?post=28456"}],"curies":[{"name":"wp","href":"https:\/\/api.w.org\/{rel}","templated":true}]}}