{"id":28486,"date":"2024-04-09T21:28:25","date_gmt":"2024-04-09T21:28:25","guid":{"rendered":"https:\/\/cheveuxluxe.com\/index.php\/product\/olivia-garden-expert-blowout-grip-wavy-bristles-35mm\/"},"modified":"2024-04-13T13:50:14","modified_gmt":"2024-04-13T13:50:14","slug":"olivia-garden-expert-blowout-grip-wavy-bristles-35mm","status":"publish","type":"product","link":"https:\/\/cheveuxluxe.com\/index.php\/product\/olivia-garden-expert-blowout-grip-wavy-bristles-35mm\/","title":{"rendered":"Olivia Garden Expert Blowout Grip Wavy Bristles 35mm"},"content":{"rendered":"<div class=\"product-content_bottom\">\n<div class=\"pdp-info\">\n<div class=\"pdp-tabs tab-container\">\n<div class=\"tab js-tab\">\n<h3 class=\"tab-title pdp-tabs_title js-tab-mobile-title\"><span>Description<\/span><\/h3>\n<div class=\"tab-description pdp-tabs_description js-tab-description\" itemprop=\"description\">Expert Blowout Grip Wavy Bristles &#8211; L&rsquo;Expert Blowout Grip est la brosse ronde parfaite pour obtenir un brushing extra lisse et brillant sur les cheveux \u00e9pais et textur\u00e9s ! Son barillet ondul\u00e9 unique et ses poils fermes assurent une bonne prise et une bonne tension dans les cheveux, des cuticules jusqu&rsquo;aux pointes. De plus, son manche vous offre une excellente prise en main. Vous aurez compris, l&rsquo;Expert Blowout Grip est la brosse qui ajoutera un peu plus de douceur pour travailler les cheveux rebels lorsque vous avez du mal \u00e0 les saisir et qu&rsquo;ils ont tendance \u00e0 frisotter ou \u00e0 s&rsquo;\u00e9chapper de la brosse !<\/div>\n<\/div>\n<div class=\"tab js-tab\">\n<h3 class=\"tab-title pdp-tabs_title js-tab-mobile-title\"><span>Livraison et stock<\/span><\/h3>\n<div class=\"tab-description pdp-tabs_description js-tab-description\">\n<div class=\"pdp-delivery_info\">\n<div class=\"content-asset\">Livraison et d\u00e9laisRetours et remboursements<\/div>\n<\/div>\n<\/div>\n<\/div>\n<\/div>\n<\/div>\n<\/div>\n","protected":false},"excerpt":{"rendered":"<p>Description Expert Blowout Grip Wavy Bristles &#8211; L&rsquo;Expert Blowout Grip est la brosse ronde parfaite&hellip;<\/p>\n","protected":false},"featured_media":28484,"comment_status":"open","ping_status":"closed","template":"","meta":[],"pwb-brand":[689],"product_cat":[503],"product_tag":[168,169,484],"class_list":{"0":"post-28486","1":"product","2":"type-product","3":"status-publish","4":"has-post-thumbnail","6":"pwb-brand-olivia-garden","7":"product_cat-materiel-de-coiffure-equipement-de-salon-22","8":"product_tag-equipement-de-salon","9":"product_tag-materiel-de-coiffure","10":"product_tag-olivia-garden","12":"first","13":"instock","14":"taxable","15":"shipping-taxable","16":"purchasable","17":"product-type-simple","18":"layout-style-3","19":"col-md-4 col-sm-4 col-xs-6","20":"col-lg-3","21":"product-has-gallery","22":"product-style-default"},"aioseo_notices":[],"brands":[{"id":689,"name":"Olivia Garden","slug":"olivia-garden"}],"_links":{"self":[{"href":"https:\/\/cheveuxluxe.com\/index.php\/wp-json\/wp\/v2\/product\/28486","targetHints":{"allow":["GET"]}}],"collection":[{"href":"https:\/\/cheveuxluxe.com\/index.php\/wp-json\/wp\/v2\/product"}],"about":[{"href":"https:\/\/cheveuxluxe.com\/index.php\/wp-json\/wp\/v2\/types\/product"}],"replies":[{"embeddable":true,"href":"https:\/\/cheveuxluxe.com\/index.php\/wp-json\/wp\/v2\/comments?post=28486"}],"version-history":[{"count":0,"href":"https:\/\/cheveuxluxe.com\/index.php\/wp-json\/wp\/v2\/product\/28486\/revisions"}],"wp:featuredmedia":[{"embeddable":true,"href":"https:\/\/cheveuxluxe.com\/index.php\/wp-json\/wp\/v2\/media\/28484"}],"wp:attachment":[{"href":"https:\/\/cheveuxluxe.com\/index.php\/wp-json\/wp\/v2\/media?parent=28486"}],"wp:term":[{"taxonomy":"pwb-brand","embeddable":true,"href":"https:\/\/cheveuxluxe.com\/index.php\/wp-json\/wp\/v2\/pwb-brand?post=28486"},{"taxonomy":"product_cat","embeddable":true,"href":"https:\/\/cheveuxluxe.com\/index.php\/wp-json\/wp\/v2\/product_cat?post=28486"},{"taxonomy":"product_tag","embeddable":true,"href":"https:\/\/cheveuxluxe.com\/index.php\/wp-json\/wp\/v2\/product_tag?post=28486"}],"curies":[{"name":"wp","href":"https:\/\/api.w.org\/{rel}","templated":true}]}}