{"id":28493,"date":"2024-04-09T21:28:40","date_gmt":"2024-04-09T21:28:40","guid":{"rendered":"https:\/\/cheveuxluxe.com\/index.php\/product\/hercules-peigne-4930-styling-star\/"},"modified":"2024-04-13T14:16:57","modified_gmt":"2024-04-13T14:16:57","slug":"hercules-peigne-4930-styling-star","status":"publish","type":"product","link":"https:\/\/cheveuxluxe.com\/index.php\/product\/hercules-peigne-4930-styling-star\/","title":{"rendered":"Hercules Peigne 4930 Styling Star"},"content":{"rendered":"<div class=\"product-content_bottom\">\n<div class=\"pdp-info\">\n<div class=\"pdp-tabs tab-container\">\n<div class=\"tab js-tab\">\n<h3 class=\"tab-title pdp-tabs_title js-tab-mobile-title open\"><span>Points cl\u00e9s<\/span><\/h3>\n<div class=\"tab-description pdp-tabs_description js-tab-description open\" itemprop=\"description\">\n<ul>\n<li> Peigne flexible<\/li>\n<li>Durable<\/li>\n<li>R\u00e9sistant<\/li>\n<li>Dents fines<\/li>\n<li>Tout type de cheveux <\/li>\n<\/ul>\n<\/div>\n<\/div>\n<div class=\"tab js-tab\">\n<h3 class=\"tab-title pdp-tabs_title js-tab-mobile-title\"><span>Description<\/span><\/h3>\n<div class=\"tab-description pdp-tabs_description js-tab-description\" itemprop=\"description\">Avec une largeur de 19 cm, le Peigne Hercules 4930 Styling Star est facile \u00e0 emporter partout avec vous, tout en permettant un coiffage simple et rapide. Pratique, il tient dans une pochette ou une trousse, et se sort instantan\u00e9ment pour aider le professionnel \u00e0 appliquer les produits de permanente, en \u00e0 peine quelques passages.Ses dents \u00e9tendues, aux espacements gradu\u00e9s et fines s\u2019adaptent \u00e0 tous les types de cheveux et sont id\u00e9ales pour \u00e9taler la mati\u00e8re des racines aux pointes. Flexible gr\u00e2ce \u00e0 sa composition en caoutchouc, cet outil de qualit\u00e9 r\u00e9siste \u00e0 toutes les \u00e9preuves et ne craint ni la chaleur ni les colorations chimiques.Le Peigne Hercules 4930 Styling Star n\u2019en reste pas moins doux avec la chevelure. Il s\u2019y glisse facilement tout en permettant une application facile des soins. Con\u00e7u sp\u00e9cifiquement pour les professionnels, il vous garantit une efficacit\u00e9 qui ne diminue pas, m\u00eame apr\u00e8s de nombreuses utilisations.<\/div>\n<\/div>\n<div class=\"tab js-tab\">\n<h3 class=\"tab-title pdp-tabs_title js-tab-mobile-title\"><span>Mode d&#8217;emploi<\/span><\/h3>\n<div class=\"tab-description pdp-tabs_description js-tab-description\">Une fois le produit sur le cuir chevelu, \u00e9talez \u00e0 l&rsquo;aide du peigne en le glissant des racines aux pointes.Il vous est \u00e9galement possible d&rsquo;utiliser le Peigne 600\/5-602\/5 pour appliquer vos produits.<\/div>\n<\/div>\n<div class=\"tab js-tab\">\n<h3 class=\"tab-title pdp-tabs_title js-tab-mobile-title\"><span>Ingr\u00e9dients<\/span><\/h3>\n<div class=\"tab-description pdp-tabs_description js-tab-description\">Naturkautschuk<\/div>\n<\/div>\n<div class=\"tab js-tab\">\n<h3 class=\"tab-title pdp-tabs_title js-tab-mobile-title\"><span>Livraison et stock<\/span><\/h3>\n<div class=\"tab-description pdp-tabs_description js-tab-description\">\n<div class=\"pdp-delivery_info\">\n<div class=\"content-asset\">Livraison et d\u00e9laisRetours et remboursements<\/div>\n<\/div>\n<\/div>\n<\/div>\n<\/div>\n<\/div>\n<\/div>\n","protected":false},"excerpt":{"rendered":"<p>Points cl\u00e9s Peigne flexible Durable R\u00e9sistant Dents fines Tout type de cheveux Description Avec une&hellip;<\/p>\n","protected":false},"featured_media":17048,"comment_status":"open","ping_status":"closed","template":"","meta":[],"pwb-brand":[675],"product_cat":[605],"product_tag":[606,430,127],"class_list":{"0":"post-28493","1":"product","2":"type-product","3":"status-publish","4":"has-post-thumbnail","6":"pwb-brand-hercules","7":"product_cat-essentiels-de-cheveux","8":"product_tag-essentiels-de-cheveux","9":"product_tag-hercules","10":"product_tag-shampooing-et-coiffure","12":"first","13":"instock","14":"taxable","15":"shipping-taxable","16":"purchasable","17":"product-type-simple","18":"layout-style-3","19":"col-md-4 col-sm-4 col-xs-6","20":"col-lg-3","21":"product-style-default"},"aioseo_notices":[],"brands":[{"id":675,"name":"Hercules","slug":"hercules"}],"_links":{"self":[{"href":"https:\/\/cheveuxluxe.com\/index.php\/wp-json\/wp\/v2\/product\/28493","targetHints":{"allow":["GET"]}}],"collection":[{"href":"https:\/\/cheveuxluxe.com\/index.php\/wp-json\/wp\/v2\/product"}],"about":[{"href":"https:\/\/cheveuxluxe.com\/index.php\/wp-json\/wp\/v2\/types\/product"}],"replies":[{"embeddable":true,"href":"https:\/\/cheveuxluxe.com\/index.php\/wp-json\/wp\/v2\/comments?post=28493"}],"version-history":[{"count":0,"href":"https:\/\/cheveuxluxe.com\/index.php\/wp-json\/wp\/v2\/product\/28493\/revisions"}],"wp:featuredmedia":[{"embeddable":true,"href":"https:\/\/cheveuxluxe.com\/index.php\/wp-json\/wp\/v2\/media\/17048"}],"wp:attachment":[{"href":"https:\/\/cheveuxluxe.com\/index.php\/wp-json\/wp\/v2\/media?parent=28493"}],"wp:term":[{"taxonomy":"pwb-brand","embeddable":true,"href":"https:\/\/cheveuxluxe.com\/index.php\/wp-json\/wp\/v2\/pwb-brand?post=28493"},{"taxonomy":"product_cat","embeddable":true,"href":"https:\/\/cheveuxluxe.com\/index.php\/wp-json\/wp\/v2\/product_cat?post=28493"},{"taxonomy":"product_tag","embeddable":true,"href":"https:\/\/cheveuxluxe.com\/index.php\/wp-json\/wp\/v2\/product_tag?post=28493"}],"curies":[{"name":"wp","href":"https:\/\/api.w.org\/{rel}","templated":true}]}}