{"id":28494,"date":"2024-04-09T21:28:40","date_gmt":"2024-04-09T21:28:40","guid":{"rendered":"https:\/\/cheveuxluxe.com\/index.php\/product\/barnum-brosse-plate-ysocel-grande\/"},"modified":"2024-04-13T14:24:28","modified_gmt":"2024-04-13T14:24:28","slug":"barnum-brosse-plate-ysocel-grande","status":"publish","type":"product","link":"https:\/\/cheveuxluxe.com\/index.php\/product\/barnum-brosse-plate-ysocel-grande\/","title":{"rendered":"Barnum Brosse plate Ysocel grande"},"content":{"rendered":"<div class=\"product-content_bottom\">\n<div class=\"pdp-info\">\n<div class=\"pdp-tabs tab-container\">\n<div class=\"tab js-tab\">\n<h3 class=\"tab-title pdp-tabs_title js-tab-mobile-title open\"><span>Points cl\u00e9s<\/span><\/h3>\n<div class=\"tab-description pdp-tabs_description js-tab-description open\" itemprop=\"description\">\n<ul>\n<li>Brosse professionnelle en bois, avec une finition \u00e9b\u00e8ne <\/li>\n<li>Combinaison de poils de porc-\u00e9pic et de poils en nylon <\/li>\n<li>Picots nylong perl\u00e9s, doux pour les cheveux et le cuir chevelu<\/li>\n<li>Longueur: 245mm<\/li>\n<li>Disponible en 2 tailles <\/li>\n<\/ul>\n<\/div>\n<\/div>\n<div class=\"tab js-tab\">\n<h3 class=\"tab-title pdp-tabs_title js-tab-mobile-title\"><span>Description<\/span><\/h3>\n<div class=\"tab-description pdp-tabs_description js-tab-description\" itemprop=\"description\">Pour un maximum de brillance.<br \/>Technologie &lsquo;Advanced Ysocel&rsquo; id\u00e9al pour lisser et contr\u00f4ler les cheveux boucl\u00e9s ou fris\u00e9s.<\/div>\n<\/div>\n<div class=\"tab js-tab\">\n<h3 class=\"tab-title pdp-tabs_title js-tab-mobile-title\"><span>Mode d&#8217;emploi<\/span><\/h3>\n<div class=\"tab-description pdp-tabs_description js-tab-description\">Le format large de cette brosse est id\u00e9al pour travailler efficacement sur des cheveux mi-longs \u00e0 longs : vous pouvez d\u00e9m\u00ealer les longueurs, sans \u00e9lectricit\u00e9 statique.Pour une coiffure parfaite, nous vous conseillons de r\u00e9aliser un brushing en partant des racines jusqu\u2019aux pointes, en suivant la direction de l\u2019air du s\u00e8che-cheveux.<\/div>\n<\/div>\n<div class=\"tab js-tab\">\n<h3 class=\"tab-title pdp-tabs_title js-tab-mobile-title\"><span>Livraison et stock<\/span><\/h3>\n<div class=\"tab-description pdp-tabs_description js-tab-description\">\n<div class=\"pdp-delivery_info\">\n<div class=\"content-asset\">Livraison et d\u00e9laisRetours et remboursements<\/div>\n<\/div>\n<\/div>\n<\/div>\n<\/div>\n<\/div>\n<\/div>\n","protected":false},"excerpt":{"rendered":"<p>Points cl\u00e9s Brosse professionnelle en bois, avec une finition \u00e9b\u00e8ne Combinaison de poils de porc-\u00e9pic&hellip;<\/p>\n","protected":false},"featured_media":20019,"comment_status":"open","ping_status":"closed","template":"","meta":[],"pwb-brand":[633],"product_cat":[612],"product_tag":[420,613,127],"class_list":{"0":"post-28494","1":"product","2":"type-product","3":"status-publish","4":"has-post-thumbnail","6":"pwb-brand-barnum","7":"product_cat-essentiels-coiffure-pour-etudiants","8":"product_tag-barnum","9":"product_tag-essentiels-coiffure-pour-etudiants","10":"product_tag-shampooing-et-coiffure","12":"first","13":"instock","14":"taxable","15":"shipping-taxable","16":"purchasable","17":"product-type-simple","18":"layout-style-3","19":"col-md-4 col-sm-4 col-xs-6","20":"col-lg-3","21":"product-style-default"},"aioseo_notices":[],"brands":[{"id":633,"name":"Barnum","slug":"barnum"}],"_links":{"self":[{"href":"https:\/\/cheveuxluxe.com\/index.php\/wp-json\/wp\/v2\/product\/28494","targetHints":{"allow":["GET"]}}],"collection":[{"href":"https:\/\/cheveuxluxe.com\/index.php\/wp-json\/wp\/v2\/product"}],"about":[{"href":"https:\/\/cheveuxluxe.com\/index.php\/wp-json\/wp\/v2\/types\/product"}],"replies":[{"embeddable":true,"href":"https:\/\/cheveuxluxe.com\/index.php\/wp-json\/wp\/v2\/comments?post=28494"}],"version-history":[{"count":0,"href":"https:\/\/cheveuxluxe.com\/index.php\/wp-json\/wp\/v2\/product\/28494\/revisions"}],"wp:featuredmedia":[{"embeddable":true,"href":"https:\/\/cheveuxluxe.com\/index.php\/wp-json\/wp\/v2\/media\/20019"}],"wp:attachment":[{"href":"https:\/\/cheveuxluxe.com\/index.php\/wp-json\/wp\/v2\/media?parent=28494"}],"wp:term":[{"taxonomy":"pwb-brand","embeddable":true,"href":"https:\/\/cheveuxluxe.com\/index.php\/wp-json\/wp\/v2\/pwb-brand?post=28494"},{"taxonomy":"product_cat","embeddable":true,"href":"https:\/\/cheveuxluxe.com\/index.php\/wp-json\/wp\/v2\/product_cat?post=28494"},{"taxonomy":"product_tag","embeddable":true,"href":"https:\/\/cheveuxluxe.com\/index.php\/wp-json\/wp\/v2\/product_tag?post=28494"}],"curies":[{"name":"wp","href":"https:\/\/api.w.org\/{rel}","templated":true}]}}