{"id":28500,"date":"2024-04-09T21:28:42","date_gmt":"2024-04-09T21:28:42","guid":{"rendered":"https:\/\/cheveuxluxe.com\/index.php\/product\/cricket-brosse-anti-statique-tunnel-22cm\/"},"modified":"2024-04-13T14:17:15","modified_gmt":"2024-04-13T14:17:15","slug":"cricket-brosse-anti-statique-tunnel-22cm","status":"publish","type":"product","link":"https:\/\/cheveuxluxe.com\/index.php\/product\/cricket-brosse-anti-statique-tunnel-22cm\/","title":{"rendered":"Cricket Brosse Anti-Statique Tunnel 22cm"},"content":{"rendered":"<div class=\"product-content_bottom\">\n<div class=\"pdp-info\">\n<div class=\"pdp-tabs tab-container\">\n<div class=\"tab js-tab\">\n<h3 class=\"tab-title pdp-tabs_title js-tab-mobile-title open\"><span>Points cl\u00e9s<\/span><\/h3>\n<div class=\"tab-description pdp-tabs_description js-tab-description open\" itemprop=\"description\">\n<ul>\n<li> Brosse a\u00e9r\u00e9e<\/li>\n<li>C\u00e9ramique<\/li>\n<li>Ionique<\/li>\n<li>Antistatique<\/li>\n<li>Embouts renforc\u00e9s <\/li>\n<\/ul>\n<\/div>\n<\/div>\n<div class=\"tab js-tab\">\n<h3 class=\"tab-title pdp-tabs_title js-tab-mobile-title\"><span>Description<\/span><\/h3>\n<div class=\"tab-description pdp-tabs_description js-tab-description\" itemprop=\"description\">Dites adieu aux cheveux ternes et aux m\u00e8ches volantes gr\u00e2ce \u00e0 la brosse Static Free Tunnel de Cricket.Con\u00e7ue pour r\u00e9duire le temps de s\u00e9chage, elle propose une disposition des a\u00e9rations et des picots qui permet de laisser passer l\u2019air pour un s\u00e9chage record. Dans le m\u00eame temps, sa technologie antistatique \u00e9vite les m\u00e8ches volantes tandis que les technologies c\u00e9ramique et ionique hydratent le cheveu pour le rendre brillant et soyeux. Le r\u00e9sultat\u00a0? Une chevelure parfaitement dompt\u00e9e, sans frisottis, tr\u00e8s facile \u00e0 coiffer.La brosse Static Free Tunnel de Cricket est aussi con\u00e7ue pour le confort de coiffage gr\u00e2ce \u00e0 ses embouts de picots renforc\u00e9s qui \u00e9vitent de griffer le cuir chevelu. De son c\u00f4t\u00e9, son manche \u00e9quip\u00e9 d\u2019un rev\u00eatement en caoutchouc permet une tr\u00e8s bonne prise en main.<\/div>\n<\/div>\n<div class=\"tab js-tab\">\n<h3 class=\"tab-title pdp-tabs_title js-tab-mobile-title\"><span>Mode d&#8217;emploi<\/span><\/h3>\n<div class=\"tab-description pdp-tabs_description js-tab-description\">La brosse Static Free Tunnel de Cricket est con\u00e7ue pour \u00eatre utilis\u00e9e pendant le s\u00e9chage au s\u00e8che-cheveux, toutefois, vous pouvez \u00e9galement l\u2019utiliser sur cheveux secs.Apr\u00e8s utilisation, n\u2019oubliez pas de retirer les cheveux de la brosse. Pensez \u00e9galement \u00e0 la nettoyer r\u00e9guli\u00e8rement \u00e0 l\u2019eau chaude et au savon. Avant de la ranger, s\u00e9chez-la \u00e0 l\u2019aide du s\u00e8che-cheveux.<\/div>\n<\/div>\n<div class=\"tab js-tab\">\n<h3 class=\"tab-title pdp-tabs_title js-tab-mobile-title\"><span>Livraison et stock<\/span><\/h3>\n<div class=\"tab-description pdp-tabs_description js-tab-description\">\n<div class=\"pdp-delivery_info\">\n<div class=\"content-asset\">Livraison et d\u00e9laisRetours et remboursements<\/div>\n<\/div>\n<\/div>\n<\/div>\n<\/div>\n<\/div>\n<\/div>\n","protected":false},"excerpt":{"rendered":"<p>Points cl\u00e9s Brosse a\u00e9r\u00e9e C\u00e9ramique Ionique Antistatique Embouts renforc\u00e9s Description Dites adieu aux cheveux ternes&hellip;<\/p>\n","protected":false},"featured_media":20159,"comment_status":"open","ping_status":"closed","template":"","meta":[],"pwb-brand":[695],"product_cat":[605],"product_tag":[521,606,127],"class_list":{"0":"post-28500","1":"product","2":"type-product","3":"status-publish","4":"has-post-thumbnail","6":"pwb-brand-cricket","7":"product_cat-essentiels-de-cheveux","8":"product_tag-cricket","9":"product_tag-essentiels-de-cheveux","10":"product_tag-shampooing-et-coiffure","12":"first","13":"instock","14":"taxable","15":"shipping-taxable","16":"purchasable","17":"product-type-simple","18":"layout-style-3","19":"col-md-4 col-sm-4 col-xs-6","20":"col-lg-3","21":"product-has-gallery","22":"product-style-default"},"aioseo_notices":[],"brands":[{"id":695,"name":"Cricket","slug":"cricket"}],"_links":{"self":[{"href":"https:\/\/cheveuxluxe.com\/index.php\/wp-json\/wp\/v2\/product\/28500","targetHints":{"allow":["GET"]}}],"collection":[{"href":"https:\/\/cheveuxluxe.com\/index.php\/wp-json\/wp\/v2\/product"}],"about":[{"href":"https:\/\/cheveuxluxe.com\/index.php\/wp-json\/wp\/v2\/types\/product"}],"replies":[{"embeddable":true,"href":"https:\/\/cheveuxluxe.com\/index.php\/wp-json\/wp\/v2\/comments?post=28500"}],"version-history":[{"count":0,"href":"https:\/\/cheveuxluxe.com\/index.php\/wp-json\/wp\/v2\/product\/28500\/revisions"}],"wp:featuredmedia":[{"embeddable":true,"href":"https:\/\/cheveuxluxe.com\/index.php\/wp-json\/wp\/v2\/media\/20159"}],"wp:attachment":[{"href":"https:\/\/cheveuxluxe.com\/index.php\/wp-json\/wp\/v2\/media?parent=28500"}],"wp:term":[{"taxonomy":"pwb-brand","embeddable":true,"href":"https:\/\/cheveuxluxe.com\/index.php\/wp-json\/wp\/v2\/pwb-brand?post=28500"},{"taxonomy":"product_cat","embeddable":true,"href":"https:\/\/cheveuxluxe.com\/index.php\/wp-json\/wp\/v2\/product_cat?post=28500"},{"taxonomy":"product_tag","embeddable":true,"href":"https:\/\/cheveuxluxe.com\/index.php\/wp-json\/wp\/v2\/product_tag?post=28500"}],"curies":[{"name":"wp","href":"https:\/\/api.w.org\/{rel}","templated":true}]}}