{"id":28508,"date":"2024-04-09T21:28:55","date_gmt":"2024-04-09T21:28:55","guid":{"rendered":"https:\/\/cheveuxluxe.com\/index.php\/product\/hercules-peigne-619-7\/"},"modified":"2024-04-13T14:17:00","modified_gmt":"2024-04-13T14:17:00","slug":"hercules-peigne-619-7","status":"publish","type":"product","link":"https:\/\/cheveuxluxe.com\/index.php\/product\/hercules-peigne-619-7\/","title":{"rendered":"Hercules Peigne 619\/7"},"content":{"rendered":"<div class=\"product-content_bottom\">\n<div class=\"pdp-info\">\n<div class=\"pdp-tabs tab-container\">\n<div class=\"tab js-tab\">\n<h3 class=\"tab-title pdp-tabs_title js-tab-mobile-title open\"><span>Points cl\u00e9s<\/span><\/h3>\n<div class=\"tab-description pdp-tabs_description js-tab-description open\" itemprop=\"description\">\n<ul>\n<li> Peigne fait main<\/li>\n<li>Antistatique<\/li>\n<li>\u00c9bonite<\/li>\n<li>D\u00e9m\u00ealant<\/li>\n<li>Robuste <\/li>\n<\/ul>\n<\/div>\n<\/div>\n<div class=\"tab js-tab\">\n<h3 class=\"tab-title pdp-tabs_title js-tab-mobile-title\"><span>Description<\/span><\/h3>\n<div class=\"tab-description pdp-tabs_description js-tab-description\" itemprop=\"description\">Robuste, le Peigne 619\/7-416\/7 Hercules est r\u00e9alis\u00e9 \u00e0 la main \u00e0 base d\u2019\u00e9bonite \u00e0 la fois solide et flexible. Ce caoutchouc naturel lui conf\u00e8re une r\u00e9sistance et une durabilit\u00e9 remarquables.Il ne craint ni la chaleur des fers \u00e0 boucler et \u00e0 lisser ni les produits chimiques. Ainsi, vous pouvez l&rsquo;utiliser en toute circonstance pour d\u00e9nouer les cheveux de vos clients, au salon ou \u00e0 domicile. Sa taille de 17,8 cm le rend facile \u00e0 manier pour un d\u00e9m\u00ealage sans difficult\u00e9 et indolore.Dot\u00e9 de deux types de dents, larges et espac\u00e9es d&rsquo;un c\u00f4t\u00e9, fines et serr\u00e9es de l&rsquo;autre, le Peigne 619\/7-416\/7 est polyvalent. Antistatique, il glisse dans les chevelures sans pour autant les \u00e9lectriser. Il respecte le cuir chevelu et reste fiable pour de longues ann\u00e9es.<\/div>\n<\/div>\n<div class=\"tab js-tab\">\n<h3 class=\"tab-title pdp-tabs_title js-tab-mobile-title\"><span>Mode d&#8217;emploi<\/span><\/h3>\n<div class=\"tab-description pdp-tabs_description js-tab-description\">D\u00e9m\u00ealez les cheveux avec le Peigne 619\/7-416\/7 Hercules, des racines aux pointes.\u00c9quipez-vous du Peigne 600.8-602.2 de 20,3 cm, pour changer de taille tout en conservant la m\u00eame qualit\u00e9.<\/div>\n<\/div>\n<div class=\"tab js-tab\">\n<h3 class=\"tab-title pdp-tabs_title js-tab-mobile-title\"><span>Ingr\u00e9dients<\/span><\/h3>\n<div class=\"tab-description pdp-tabs_description js-tab-description\">Naturkautschuk<\/div>\n<\/div>\n<div class=\"tab js-tab\">\n<h3 class=\"tab-title pdp-tabs_title js-tab-mobile-title\"><span>Livraison et stock<\/span><\/h3>\n<div class=\"tab-description pdp-tabs_description js-tab-description\">\n<div class=\"pdp-delivery_info\">\n<div class=\"content-asset\">Livraison et d\u00e9laisRetours et remboursements<\/div>\n<\/div>\n<\/div>\n<\/div>\n<\/div>\n<\/div>\n<\/div>\n","protected":false},"excerpt":{"rendered":"<p>Points cl\u00e9s Peigne fait main Antistatique \u00c9bonite D\u00e9m\u00ealant Robuste Description Robuste, le Peigne 619\/7-416\/7 Hercules&hellip;<\/p>\n","protected":false},"featured_media":17536,"comment_status":"open","ping_status":"closed","template":"","meta":[],"pwb-brand":[675],"product_cat":[605],"product_tag":[606,430,127],"class_list":{"0":"post-28508","1":"product","2":"type-product","3":"status-publish","4":"has-post-thumbnail","6":"pwb-brand-hercules","7":"product_cat-essentiels-de-cheveux","8":"product_tag-essentiels-de-cheveux","9":"product_tag-hercules","10":"product_tag-shampooing-et-coiffure","12":"first","13":"instock","14":"taxable","15":"shipping-taxable","16":"purchasable","17":"product-type-simple","18":"layout-style-3","19":"col-md-4 col-sm-4 col-xs-6","20":"col-lg-3","21":"product-style-default"},"aioseo_notices":[],"brands":[{"id":675,"name":"Hercules","slug":"hercules"}],"_links":{"self":[{"href":"https:\/\/cheveuxluxe.com\/index.php\/wp-json\/wp\/v2\/product\/28508","targetHints":{"allow":["GET"]}}],"collection":[{"href":"https:\/\/cheveuxluxe.com\/index.php\/wp-json\/wp\/v2\/product"}],"about":[{"href":"https:\/\/cheveuxluxe.com\/index.php\/wp-json\/wp\/v2\/types\/product"}],"replies":[{"embeddable":true,"href":"https:\/\/cheveuxluxe.com\/index.php\/wp-json\/wp\/v2\/comments?post=28508"}],"version-history":[{"count":0,"href":"https:\/\/cheveuxluxe.com\/index.php\/wp-json\/wp\/v2\/product\/28508\/revisions"}],"wp:featuredmedia":[{"embeddable":true,"href":"https:\/\/cheveuxluxe.com\/index.php\/wp-json\/wp\/v2\/media\/17536"}],"wp:attachment":[{"href":"https:\/\/cheveuxluxe.com\/index.php\/wp-json\/wp\/v2\/media?parent=28508"}],"wp:term":[{"taxonomy":"pwb-brand","embeddable":true,"href":"https:\/\/cheveuxluxe.com\/index.php\/wp-json\/wp\/v2\/pwb-brand?post=28508"},{"taxonomy":"product_cat","embeddable":true,"href":"https:\/\/cheveuxluxe.com\/index.php\/wp-json\/wp\/v2\/product_cat?post=28508"},{"taxonomy":"product_tag","embeddable":true,"href":"https:\/\/cheveuxluxe.com\/index.php\/wp-json\/wp\/v2\/product_tag?post=28508"}],"curies":[{"name":"wp","href":"https:\/\/api.w.org\/{rel}","templated":true}]}}