{"id":28528,"date":"2024-04-09T21:29:20","date_gmt":"2024-04-09T21:29:20","guid":{"rendered":"https:\/\/cheveuxluxe.com\/index.php\/product\/barburys-recipient-shaving-pot-chrome\/"},"modified":"2024-04-13T13:50:42","modified_gmt":"2024-04-13T13:50:42","slug":"barburys-recipient-shaving-pot-chrome","status":"publish","type":"product","link":"https:\/\/cheveuxluxe.com\/index.php\/product\/barburys-recipient-shaving-pot-chrome\/","title":{"rendered":"Barburys R\u00e9cipient Shaving Pot Chrome"},"content":{"rendered":"<div class=\"product-content_bottom\">\n<div class=\"pdp-info\">\n<div class=\"pdp-tabs tab-container\">\n<div class=\"tab js-tab\">\n<h3 class=\"tab-title pdp-tabs_title js-tab-mobile-title open\"><span>Points cl\u00e9s<\/span><\/h3>\n<div class=\"tab-description pdp-tabs_description js-tab-description open\" itemprop=\"description\">\n<ul>\n<li> Acier inoxydable<\/li>\n<li>Grande taille<\/li>\n<li>Accessoire pour le rasage<\/li>\n<li>Finition design<\/li>\n<li>Chrom\u00e9 <\/li>\n<\/ul>\n<\/div>\n<\/div>\n<div class=\"tab js-tab\">\n<h3 class=\"tab-title pdp-tabs_title js-tab-mobile-title\"><span>Description<\/span><\/h3>\n<div class=\"tab-description pdp-tabs_description js-tab-description\" itemprop=\"description\">Avant m\u00eame de se lancer dans le rasage de la barbe de ces messieurs, il vous faut pr\u00e9parer le savon. Si vous souhaitez obtenir un produit bien moussant, qui couvre facilement chacun des poils, il vous faut trouver l\u2019ustensile ad\u00e9quat dans lequel faire votre m\u00e9lange. Ne cherchez plus, voici le bol \u00e0 raser en chrome Barbury \u2018s.Compos\u00e9 d\u2019acier inoxydable, le r\u00e9cipient a vocation \u00e0 durer dans le temps. Vous pouvez ainsi cr\u00e9er des mousses \u00e0 base d&rsquo;eau sans risque de provoquer l&rsquo;apparition de t\u00e2ches de rouille disgracieuses.Le bol poss\u00e8de une hauteur de 4,5 cm et un diam\u00e8tre de 9,5 cm, des dimensions qui permettent d\u2019accueillir des savonnettes de tailles vari\u00e9es, aussi bien que de la cr\u00e8me \u00e0 raser.Cet ustensile contemporain, avec ses finitions polies, offre une touche design \u00e0 votre institut.<\/div>\n<\/div>\n<div class=\"tab js-tab\">\n<h3 class=\"tab-title pdp-tabs_title js-tab-mobile-title\"><span>Mode d&#8217;emploi<\/span><\/h3>\n<div class=\"tab-description pdp-tabs_description js-tab-description\">D\u00e9posez la savonnette ou la cr\u00e8me au fond du bol \u00e0 raser en chrome Barbury \u2018s.M\u00e9langez avec un peu d\u2019eau gr\u00e2ce \u00e0 un pinceau, puis appliquez la mousse au blaireau.<\/div>\n<\/div>\n<div class=\"tab js-tab\">\n<h3 class=\"tab-title pdp-tabs_title js-tab-mobile-title\"><span>Livraison et stock<\/span><\/h3>\n<div class=\"tab-description pdp-tabs_description js-tab-description\">\n<div class=\"pdp-delivery_info\">\n<div class=\"content-asset\">Livraison et d\u00e9laisRetours et remboursements<\/div>\n<\/div>\n<\/div>\n<\/div>\n<\/div>\n<\/div>\n<\/div>\n","protected":false},"excerpt":{"rendered":"<p>Points cl\u00e9s Acier inoxydable Grande taille Accessoire pour le rasage Finition design Chrom\u00e9 Description Avant&hellip;<\/p>\n","protected":false},"featured_media":17526,"comment_status":"open","ping_status":"closed","template":"","meta":[],"pwb-brand":[632],"product_cat":[503],"product_tag":[429,168,169],"class_list":{"0":"post-28528","1":"product","2":"type-product","3":"status-publish","4":"has-post-thumbnail","6":"pwb-brand-barburys","7":"product_cat-materiel-de-coiffure-equipement-de-salon-22","8":"product_tag-barburys","9":"product_tag-equipement-de-salon","10":"product_tag-materiel-de-coiffure","12":"first","13":"instock","14":"taxable","15":"shipping-taxable","16":"purchasable","17":"product-type-simple","18":"layout-style-3","19":"col-md-4 col-sm-4 col-xs-6","20":"col-lg-3","21":"product-style-default"},"aioseo_notices":[],"brands":[{"id":632,"name":"Barburys","slug":"barburys"}],"_links":{"self":[{"href":"https:\/\/cheveuxluxe.com\/index.php\/wp-json\/wp\/v2\/product\/28528","targetHints":{"allow":["GET"]}}],"collection":[{"href":"https:\/\/cheveuxluxe.com\/index.php\/wp-json\/wp\/v2\/product"}],"about":[{"href":"https:\/\/cheveuxluxe.com\/index.php\/wp-json\/wp\/v2\/types\/product"}],"replies":[{"embeddable":true,"href":"https:\/\/cheveuxluxe.com\/index.php\/wp-json\/wp\/v2\/comments?post=28528"}],"version-history":[{"count":0,"href":"https:\/\/cheveuxluxe.com\/index.php\/wp-json\/wp\/v2\/product\/28528\/revisions"}],"wp:featuredmedia":[{"embeddable":true,"href":"https:\/\/cheveuxluxe.com\/index.php\/wp-json\/wp\/v2\/media\/17526"}],"wp:attachment":[{"href":"https:\/\/cheveuxluxe.com\/index.php\/wp-json\/wp\/v2\/media?parent=28528"}],"wp:term":[{"taxonomy":"pwb-brand","embeddable":true,"href":"https:\/\/cheveuxluxe.com\/index.php\/wp-json\/wp\/v2\/pwb-brand?post=28528"},{"taxonomy":"product_cat","embeddable":true,"href":"https:\/\/cheveuxluxe.com\/index.php\/wp-json\/wp\/v2\/product_cat?post=28528"},{"taxonomy":"product_tag","embeddable":true,"href":"https:\/\/cheveuxluxe.com\/index.php\/wp-json\/wp\/v2\/product_tag?post=28528"}],"curies":[{"name":"wp","href":"https:\/\/api.w.org\/{rel}","templated":true}]}}