{"id":28538,"date":"2024-04-09T21:29:31","date_gmt":"2024-04-09T21:29:31","guid":{"rendered":"https:\/\/cheveuxluxe.com\/index.php\/product\/hercules-peigne-603-7-5-330-7-5\/"},"modified":"2024-04-13T14:16:54","modified_gmt":"2024-04-13T14:16:54","slug":"hercules-peigne-603-7-5-330-7-5","status":"publish","type":"product","link":"https:\/\/cheveuxluxe.com\/index.php\/product\/hercules-peigne-603-7-5-330-7-5\/","title":{"rendered":"Hercules Peigne 603\/7.5-330\/7.5"},"content":{"rendered":"<div class=\"product-content_bottom\">\n<div class=\"pdp-info\">\n<div class=\"pdp-tabs tab-container\">\n<div class=\"tab js-tab\">\n<h3 class=\"tab-title pdp-tabs_title js-tab-mobile-title open\"><span>Points cl\u00e9s<\/span><\/h3>\n<div class=\"tab-description pdp-tabs_description js-tab-description open\" itemprop=\"description\">\n<ul>\n<li> Peigne en caoutchouc<\/li>\n<li>R\u00e9sistant<\/li>\n<li>Souple <\/li>\n<li>Ergonomique<\/li>\n<li>Dents larges et fines <\/li>\n<\/ul>\n<\/div>\n<\/div>\n<div class=\"tab js-tab\">\n<h3 class=\"tab-title pdp-tabs_title js-tab-mobile-title\"><span>Description<\/span><\/h3>\n<div class=\"tab-description pdp-tabs_description js-tab-description\" itemprop=\"description\">En caoutchouc, fabriqu\u00e9 \u00e0 la main, le Peigne 603\/7.5-330\/7.5 Hercules ne craint pas d&rsquo;\u00eatre tordu gr\u00e2ce \u00e0 la souplesse que lui apporte son mat\u00e9riau. Il est \u00e9galement robuste face \u00e0 la chaleur et aux produits chimiques, de quoi en faire un outil indispensable \u00e0 la mise en place d&rsquo;un brushing ou d&rsquo;une coloration. Fiable, il ne vous l\u00e2chera pas de si t\u00f4t et vous fera profiter de ses comp\u00e9tences pour longtemps.\u00c9quip\u00e9 de dents polies fines d&rsquo;un c\u00f4t\u00e9 et plus larges de l&rsquo;autre, le Peigne 603\/7.5-330\/7.5 d\u00e9m\u00eale les cheveux tout en respectant le cuir chevelu. Maniable, il tient parfaitement dans la main gr\u00e2ce \u00e0 sa forme ergonomique et glisse facilement dans la chevelure pour la d\u00e9nouer, qu&rsquo;elle soit humide ou s\u00e8che.<\/div>\n<\/div>\n<div class=\"tab js-tab\">\n<h3 class=\"tab-title pdp-tabs_title js-tab-mobile-title\"><span>Mode d&#8217;emploi<\/span><\/h3>\n<div class=\"tab-description pdp-tabs_description js-tab-description\">Utilisez le Peigne 603\/7.5-330\/7.5 Hercules sur cheveux secs ou humides.Nettoyez-le \u00e0 l\u2019eau savonneuse entre chaque client.D\u00e9sinfectez r\u00e9guli\u00e8rement les dents.Optez pour un format diff\u00e9rent avec le peigne 600.8-602.8 pour retrouver une chevelure lisse et disciplin\u00e9e.<\/div>\n<\/div>\n<div class=\"tab js-tab\">\n<h3 class=\"tab-title pdp-tabs_title js-tab-mobile-title\"><span>Ingr\u00e9dients<\/span><\/h3>\n<div class=\"tab-description pdp-tabs_description js-tab-description\">Naturkautschuk<\/div>\n<\/div>\n<div class=\"tab js-tab\">\n<h3 class=\"tab-title pdp-tabs_title js-tab-mobile-title\"><span>Livraison et stock<\/span><\/h3>\n<div class=\"tab-description pdp-tabs_description js-tab-description\">\n<div class=\"pdp-delivery_info\">\n<div class=\"content-asset\">Livraison et d\u00e9laisRetours et remboursements<\/div>\n<\/div>\n<\/div>\n<\/div>\n<\/div>\n<\/div>\n<\/div>\n","protected":false},"excerpt":{"rendered":"<p>Points cl\u00e9s Peigne en caoutchouc R\u00e9sistant Souple Ergonomique Dents larges et fines Description En caoutchouc,&hellip;<\/p>\n","protected":false},"featured_media":17044,"comment_status":"open","ping_status":"closed","template":"","meta":[],"pwb-brand":[675],"product_cat":[605],"product_tag":[606,430,127],"class_list":{"0":"post-28538","1":"product","2":"type-product","3":"status-publish","4":"has-post-thumbnail","6":"pwb-brand-hercules","7":"product_cat-essentiels-de-cheveux","8":"product_tag-essentiels-de-cheveux","9":"product_tag-hercules","10":"product_tag-shampooing-et-coiffure","12":"first","13":"instock","14":"taxable","15":"shipping-taxable","16":"purchasable","17":"product-type-simple","18":"layout-style-3","19":"col-md-4 col-sm-4 col-xs-6","20":"col-lg-3","21":"product-has-gallery","22":"product-style-default"},"aioseo_notices":[],"brands":[{"id":675,"name":"Hercules","slug":"hercules"}],"_links":{"self":[{"href":"https:\/\/cheveuxluxe.com\/index.php\/wp-json\/wp\/v2\/product\/28538","targetHints":{"allow":["GET"]}}],"collection":[{"href":"https:\/\/cheveuxluxe.com\/index.php\/wp-json\/wp\/v2\/product"}],"about":[{"href":"https:\/\/cheveuxluxe.com\/index.php\/wp-json\/wp\/v2\/types\/product"}],"replies":[{"embeddable":true,"href":"https:\/\/cheveuxluxe.com\/index.php\/wp-json\/wp\/v2\/comments?post=28538"}],"version-history":[{"count":0,"href":"https:\/\/cheveuxluxe.com\/index.php\/wp-json\/wp\/v2\/product\/28538\/revisions"}],"wp:featuredmedia":[{"embeddable":true,"href":"https:\/\/cheveuxluxe.com\/index.php\/wp-json\/wp\/v2\/media\/17044"}],"wp:attachment":[{"href":"https:\/\/cheveuxluxe.com\/index.php\/wp-json\/wp\/v2\/media?parent=28538"}],"wp:term":[{"taxonomy":"pwb-brand","embeddable":true,"href":"https:\/\/cheveuxluxe.com\/index.php\/wp-json\/wp\/v2\/pwb-brand?post=28538"},{"taxonomy":"product_cat","embeddable":true,"href":"https:\/\/cheveuxluxe.com\/index.php\/wp-json\/wp\/v2\/product_cat?post=28538"},{"taxonomy":"product_tag","embeddable":true,"href":"https:\/\/cheveuxluxe.com\/index.php\/wp-json\/wp\/v2\/product_tag?post=28538"}],"curies":[{"name":"wp","href":"https:\/\/api.w.org\/{rel}","templated":true}]}}