{"id":28554,"date":"2024-04-09T21:30:36","date_gmt":"2024-04-09T21:30:36","guid":{"rendered":"https:\/\/cheveuxluxe.com\/index.php\/product\/barburys-garibaldi-bol-a-raser\/"},"modified":"2024-04-13T13:50:54","modified_gmt":"2024-04-13T13:50:54","slug":"barburys-garibaldi-bol-a-raser","status":"publish","type":"product","link":"https:\/\/cheveuxluxe.com\/index.php\/product\/barburys-garibaldi-bol-a-raser\/","title":{"rendered":"Barburys Garibaldi Bol \u00e0 raser"},"content":{"rendered":"<div class=\"product-content_bottom\">\n<div class=\"pdp-info\">\n<div class=\"pdp-tabs tab-container\">\n<div class=\"tab js-tab\">\n<h3 class=\"tab-title pdp-tabs_title js-tab-mobile-title open\"><span>Points cl\u00e9s<\/span><\/h3>\n<div class=\"tab-description pdp-tabs_description js-tab-description open\" itemprop=\"description\">\n<ul>\n<li>Bol \u00e0 raser <\/li>\n<li>Porcelaine<\/li>\n<li>Petite poign\u00e9e pour une bonne prise en main<\/li>\n<li>Diam\u00e8tre : 11 cm &#8211; Hauteur : 8 cm<\/li>\n<\/ul>\n<\/div>\n<\/div>\n<div class=\"tab js-tab\">\n<h3 class=\"tab-title pdp-tabs_title js-tab-mobile-title\"><span>Description<\/span><\/h3>\n<div class=\"tab-description pdp-tabs_description js-tab-description\" itemprop=\"description\">Ce bol \u00e0 raser Barburys professionnel en porcelaine est l\u2019accessoire id\u00e9al pour le rasage traditionnel sur peau humide.<br \/>La petite poign\u00e9e lat\u00e9rale garantit une bonne prise en main.<\/div>\n<\/div>\n<div class=\"tab js-tab\">\n<h3 class=\"tab-title pdp-tabs_title js-tab-mobile-title\"><span>Livraison et stock<\/span><\/h3>\n<div class=\"tab-description pdp-tabs_description js-tab-description\">\n<div class=\"pdp-delivery_info\">\n<div class=\"content-asset\">Livraison et d\u00e9laisRetours et remboursements<\/div>\n<\/div>\n<\/div>\n<\/div>\n<\/div>\n<\/div>\n<\/div>\n","protected":false},"excerpt":{"rendered":"<p>Points cl\u00e9s Bol \u00e0 raser Porcelaine Petite poign\u00e9e pour une bonne prise en main Diam\u00e8tre&hellip;<\/p>\n","protected":false},"featured_media":17574,"comment_status":"open","ping_status":"closed","template":"","meta":[],"pwb-brand":[632],"product_cat":[503],"product_tag":[429,168,169],"class_list":{"0":"post-28554","1":"product","2":"type-product","3":"status-publish","4":"has-post-thumbnail","6":"pwb-brand-barburys","7":"product_cat-materiel-de-coiffure-equipement-de-salon-22","8":"product_tag-barburys","9":"product_tag-equipement-de-salon","10":"product_tag-materiel-de-coiffure","12":"first","13":"instock","14":"taxable","15":"shipping-taxable","16":"purchasable","17":"product-type-simple","18":"layout-style-3","19":"col-md-4 col-sm-4 col-xs-6","20":"col-lg-3","21":"product-style-default"},"aioseo_notices":[],"brands":[{"id":632,"name":"Barburys","slug":"barburys"}],"_links":{"self":[{"href":"https:\/\/cheveuxluxe.com\/index.php\/wp-json\/wp\/v2\/product\/28554","targetHints":{"allow":["GET"]}}],"collection":[{"href":"https:\/\/cheveuxluxe.com\/index.php\/wp-json\/wp\/v2\/product"}],"about":[{"href":"https:\/\/cheveuxluxe.com\/index.php\/wp-json\/wp\/v2\/types\/product"}],"replies":[{"embeddable":true,"href":"https:\/\/cheveuxluxe.com\/index.php\/wp-json\/wp\/v2\/comments?post=28554"}],"version-history":[{"count":0,"href":"https:\/\/cheveuxluxe.com\/index.php\/wp-json\/wp\/v2\/product\/28554\/revisions"}],"wp:featuredmedia":[{"embeddable":true,"href":"https:\/\/cheveuxluxe.com\/index.php\/wp-json\/wp\/v2\/media\/17574"}],"wp:attachment":[{"href":"https:\/\/cheveuxluxe.com\/index.php\/wp-json\/wp\/v2\/media?parent=28554"}],"wp:term":[{"taxonomy":"pwb-brand","embeddable":true,"href":"https:\/\/cheveuxluxe.com\/index.php\/wp-json\/wp\/v2\/pwb-brand?post=28554"},{"taxonomy":"product_cat","embeddable":true,"href":"https:\/\/cheveuxluxe.com\/index.php\/wp-json\/wp\/v2\/product_cat?post=28554"},{"taxonomy":"product_tag","embeddable":true,"href":"https:\/\/cheveuxluxe.com\/index.php\/wp-json\/wp\/v2\/product_tag?post=28554"}],"curies":[{"name":"wp","href":"https:\/\/api.w.org\/{rel}","templated":true}]}}