{"id":28564,"date":"2024-04-09T21:30:51","date_gmt":"2024-04-09T21:30:51","guid":{"rendered":"https:\/\/cheveuxluxe.com\/index.php\/product\/hercules-peigne-372w-62w\/"},"modified":"2024-04-13T14:16:58","modified_gmt":"2024-04-13T14:16:58","slug":"hercules-peigne-372w-62w","status":"publish","type":"product","link":"https:\/\/cheveuxluxe.com\/index.php\/product\/hercules-peigne-372w-62w\/","title":{"rendered":"Hercules Peigne 372W-62W"},"content":{"rendered":"<div class=\"product-content_bottom\">\n<div class=\"pdp-info\">\n<div class=\"pdp-tabs tab-container\">\n<div class=\"tab js-tab\">\n<h3 class=\"tab-title pdp-tabs_title js-tab-mobile-title open\"><span>Points cl\u00e9s<\/span><\/h3>\n<div class=\"tab-description pdp-tabs_description js-tab-description open\" itemprop=\"description\">\n<ul>\n<li> Peigne 2 en 1<\/li>\n<li>R\u00e9sistant<\/li>\n<li>Diff\u00e9rents types de dents<\/li>\n<li>D\u00e9m\u00ealant<\/li>\n<li>Douceur <\/li>\n<\/ul>\n<\/div>\n<\/div>\n<div class=\"tab js-tab\">\n<h3 class=\"tab-title pdp-tabs_title js-tab-mobile-title\"><span>Description<\/span><\/h3>\n<div class=\"tab-description pdp-tabs_description js-tab-description\" itemprop=\"description\">Confectionn\u00e9 et poli \u00e0 la main, le Peigne 372W-62W Hercules est aussi pratique, car il est \u00e9quip\u00e9 de deux types de dents. Sa double t\u00eate dot\u00e9e tant\u00f4t de dents fines et serr\u00e9es, tant\u00f4t de dents plus larges et distantes sait devenir indispensable, quelle que soit la situation. En \u00e9v\u00e9nement, en salon ou \u00e0 domicile, c\u2019est un accessoire dont les coiffeurs ne se passent plus.Robuste, il ne craint pas les nombreux voyages, dans une pochette ou une trousse, et ses dents restent impeccables. Sa confection en caoutchouc le rend r\u00e9sistant aux chocs et simple \u00e0 manier.En un passage, le Peigne 372W-62W Hercules d\u00e9m\u00eale les n\u0153uds les plus tenaces, tout en pr\u00e9servant le cuir chevelu. Le coiffage devient un moment agr\u00e9able, tant pour le professionnel qui voit sa t\u00e2che facilit\u00e9e, que pour le client qui profite d\u2019une action tout en douceur.<\/div>\n<\/div>\n<div class=\"tab js-tab\">\n<h3 class=\"tab-title pdp-tabs_title js-tab-mobile-title\"><span>Mode d&#8217;emploi<\/span><\/h3>\n<div class=\"tab-description pdp-tabs_description js-tab-description\">Peignez les cheveux secs ou mouill\u00e9s, fins ou \u00e9pais.Pensez \u00e0 le rincer convenablement, puis laissez-les s\u00e9cher ou essuyez-les.<\/div>\n<\/div>\n<div class=\"tab js-tab\">\n<h3 class=\"tab-title pdp-tabs_title js-tab-mobile-title\"><span>Ingr\u00e9dients<\/span><\/h3>\n<div class=\"tab-description pdp-tabs_description js-tab-description\">Naturkautschuk<\/div>\n<\/div>\n<div class=\"tab js-tab\">\n<h3 class=\"tab-title pdp-tabs_title js-tab-mobile-title\"><span>Livraison et stock<\/span><\/h3>\n<div class=\"tab-description pdp-tabs_description js-tab-description\">\n<div class=\"pdp-delivery_info\">\n<div class=\"content-asset\">Livraison et d\u00e9laisRetours et remboursements<\/div>\n<\/div>\n<\/div>\n<\/div>\n<\/div>\n<\/div>\n<\/div>\n","protected":false},"excerpt":{"rendered":"<p>Points cl\u00e9s Peigne 2 en 1 R\u00e9sistant Diff\u00e9rents types de dents D\u00e9m\u00ealant Douceur Description Confectionn\u00e9&hellip;<\/p>\n","protected":false},"featured_media":17590,"comment_status":"open","ping_status":"closed","template":"","meta":[],"pwb-brand":[675],"product_cat":[605],"product_tag":[606,430,127],"class_list":{"0":"post-28564","1":"product","2":"type-product","3":"status-publish","4":"has-post-thumbnail","6":"pwb-brand-hercules","7":"product_cat-essentiels-de-cheveux","8":"product_tag-essentiels-de-cheveux","9":"product_tag-hercules","10":"product_tag-shampooing-et-coiffure","12":"first","13":"instock","14":"taxable","15":"shipping-taxable","16":"purchasable","17":"product-type-simple","18":"layout-style-3","19":"col-md-4 col-sm-4 col-xs-6","20":"col-lg-3","21":"product-style-default"},"aioseo_notices":[],"brands":[{"id":675,"name":"Hercules","slug":"hercules"}],"_links":{"self":[{"href":"https:\/\/cheveuxluxe.com\/index.php\/wp-json\/wp\/v2\/product\/28564","targetHints":{"allow":["GET"]}}],"collection":[{"href":"https:\/\/cheveuxluxe.com\/index.php\/wp-json\/wp\/v2\/product"}],"about":[{"href":"https:\/\/cheveuxluxe.com\/index.php\/wp-json\/wp\/v2\/types\/product"}],"replies":[{"embeddable":true,"href":"https:\/\/cheveuxluxe.com\/index.php\/wp-json\/wp\/v2\/comments?post=28564"}],"version-history":[{"count":0,"href":"https:\/\/cheveuxluxe.com\/index.php\/wp-json\/wp\/v2\/product\/28564\/revisions"}],"wp:featuredmedia":[{"embeddable":true,"href":"https:\/\/cheveuxluxe.com\/index.php\/wp-json\/wp\/v2\/media\/17590"}],"wp:attachment":[{"href":"https:\/\/cheveuxluxe.com\/index.php\/wp-json\/wp\/v2\/media?parent=28564"}],"wp:term":[{"taxonomy":"pwb-brand","embeddable":true,"href":"https:\/\/cheveuxluxe.com\/index.php\/wp-json\/wp\/v2\/pwb-brand?post=28564"},{"taxonomy":"product_cat","embeddable":true,"href":"https:\/\/cheveuxluxe.com\/index.php\/wp-json\/wp\/v2\/product_cat?post=28564"},{"taxonomy":"product_tag","embeddable":true,"href":"https:\/\/cheveuxluxe.com\/index.php\/wp-json\/wp\/v2\/product_tag?post=28564"}],"curies":[{"name":"wp","href":"https:\/\/api.w.org\/{rel}","templated":true}]}}