{"id":28567,"date":"2024-04-09T21:30:52","date_gmt":"2024-04-09T21:30:52","guid":{"rendered":"https:\/\/cheveuxluxe.com\/index.php\/product\/s-pro-brosse-thermique-25mm-rose\/"},"modified":"2024-04-13T14:22:52","modified_gmt":"2024-04-13T14:22:52","slug":"s-pro-brosse-thermique-25mm-rose","status":"publish","type":"product","link":"https:\/\/cheveuxluxe.com\/index.php\/product\/s-pro-brosse-thermique-25mm-rose\/","title":{"rendered":"S-PRO Brosse Thermique 25mm Rose"},"content":{"rendered":"<div class=\"product-content_bottom\">\n<div class=\"pdp-info\">\n<div class=\"pdp-tabs tab-container\">\n<div class=\"tab js-tab\">\n<h3 class=\"tab-title pdp-tabs_title js-tab-mobile-title open\"><span>Points cl\u00e9s<\/span><\/h3>\n<div class=\"tab-description pdp-tabs_description js-tab-description open\" itemprop=\"description\">\n<ul>\n<li>Soies de nylon<\/li>\n<li>\u00d8 25mm<\/li>\n<li>Barillet alv\u00e9ol\u00e9 en c\u00e9ramique <\/li>\n<li>Temp\u00e9rature maximale d\u2019exposition de la brosse: 150\u00b0C<\/li>\n<\/ul>\n<\/div>\n<\/div>\n<div class=\"tab js-tab\">\n<h3 class=\"tab-title pdp-tabs_title js-tab-mobile-title\"><span>Description<\/span><\/h3>\n<div class=\"tab-description pdp-tabs_description js-tab-description\" itemprop=\"description\">Brosse thermique.<br \/>Le barillet alv\u00e9ol\u00e9 en c\u00e9ramique minimise le rayonnement thermique et assure une meilleure circulation de l\u2019air pour un s\u00e9chage au s\u00e8che-cheveux et un coiffage eficaces.<br \/>Poils en nylon adapt\u00e9s \u00e0 tous les types de cheveux.<br \/>Peut \u00eatre utilis\u00e9e pour cr\u00e9er du volume, des boucles ou d\u2019autres coiffures.<\/div>\n<\/div>\n<div class=\"tab js-tab\">\n<h3 class=\"tab-title pdp-tabs_title js-tab-mobile-title\"><span>Livraison et stock<\/span><\/h3>\n<div class=\"tab-description pdp-tabs_description js-tab-description\">\n<div class=\"pdp-delivery_info\">\n<div class=\"content-asset\">Livraison et d\u00e9laisRetours et remboursements<\/div>\n<\/div>\n<\/div>\n<\/div>\n<div class=\"tab js-tab\">\n<h3 class=\"tab-title pdp-tabs_title js-tab-mobile-title\"><span>Pr\u00e9cautions d&#8217;emploi<\/span><\/h3>\n<div class=\"tab-description pdp-tabs_description js-tab-description\">Utiliser avec pr\u00e9caution.<br \/>Le barillet en m\u00e9tal peut chauffer en cours d\u2019utilisation.<br \/>\u00c9viter tout contact avec la peau.<br \/>Temp\u00e9rature maximale d\u2019exposition de la brosse: 150\u00b0C.<br \/>Ne pas exposer la brosse \u00e0 une source directe de chaleur pendant une p\u00e9riode prolong\u00e9e.<br \/>Une trop longue exposition \u00e0 la chaleur peut endommager la brosse et les picots.<br \/>Tenir hors de port\u00e9e des enfants.<\/div>\n<\/div>\n<\/div>\n<\/div>\n<\/div>\n","protected":false},"excerpt":{"rendered":"<p>Points cl\u00e9s Soies de nylon \u00d8 25mm Barillet alv\u00e9ol\u00e9 en c\u00e9ramique Temp\u00e9rature maximale d\u2019exposition de&hellip;<\/p>\n","protected":false},"featured_media":17079,"comment_status":"open","ping_status":"closed","template":"","meta":[],"pwb-brand":[653],"product_cat":[612],"product_tag":[613,347,127],"class_list":{"0":"post-28567","1":"product","2":"type-product","3":"status-publish","4":"has-post-thumbnail","6":"pwb-brand-s-pro","7":"product_cat-essentiels-coiffure-pour-etudiants","8":"product_tag-essentiels-coiffure-pour-etudiants","9":"product_tag-s-pro","10":"product_tag-shampooing-et-coiffure","12":"first","13":"instock","14":"taxable","15":"shipping-taxable","16":"purchasable","17":"product-type-simple","18":"layout-style-3","19":"col-md-4 col-sm-4 col-xs-6","20":"col-lg-3","21":"product-style-default"},"aioseo_notices":[],"brands":[{"id":653,"name":"S-PRO","slug":"s-pro"}],"_links":{"self":[{"href":"https:\/\/cheveuxluxe.com\/index.php\/wp-json\/wp\/v2\/product\/28567","targetHints":{"allow":["GET"]}}],"collection":[{"href":"https:\/\/cheveuxluxe.com\/index.php\/wp-json\/wp\/v2\/product"}],"about":[{"href":"https:\/\/cheveuxluxe.com\/index.php\/wp-json\/wp\/v2\/types\/product"}],"replies":[{"embeddable":true,"href":"https:\/\/cheveuxluxe.com\/index.php\/wp-json\/wp\/v2\/comments?post=28567"}],"version-history":[{"count":0,"href":"https:\/\/cheveuxluxe.com\/index.php\/wp-json\/wp\/v2\/product\/28567\/revisions"}],"wp:featuredmedia":[{"embeddable":true,"href":"https:\/\/cheveuxluxe.com\/index.php\/wp-json\/wp\/v2\/media\/17079"}],"wp:attachment":[{"href":"https:\/\/cheveuxluxe.com\/index.php\/wp-json\/wp\/v2\/media?parent=28567"}],"wp:term":[{"taxonomy":"pwb-brand","embeddable":true,"href":"https:\/\/cheveuxluxe.com\/index.php\/wp-json\/wp\/v2\/pwb-brand?post=28567"},{"taxonomy":"product_cat","embeddable":true,"href":"https:\/\/cheveuxluxe.com\/index.php\/wp-json\/wp\/v2\/product_cat?post=28567"},{"taxonomy":"product_tag","embeddable":true,"href":"https:\/\/cheveuxluxe.com\/index.php\/wp-json\/wp\/v2\/product_tag?post=28567"}],"curies":[{"name":"wp","href":"https:\/\/api.w.org\/{rel}","templated":true}]}}