{"id":28585,"date":"2024-04-09T21:31:29","date_gmt":"2024-04-09T21:31:29","guid":{"rendered":"https:\/\/cheveuxluxe.com\/index.php\/product\/hercules-peigne-1050-7-1-4-1250-7-1-4\/"},"modified":"2024-04-13T14:17:03","modified_gmt":"2024-04-13T14:17:03","slug":"hercules-peigne-1050-7-1-4-1250-7-1-4","status":"publish","type":"product","link":"https:\/\/cheveuxluxe.com\/index.php\/product\/hercules-peigne-1050-7-1-4-1250-7-1-4\/","title":{"rendered":"Hercules Peigne 1050\/7 1\/4-1250\/7 1\/4"},"content":{"rendered":"<div class=\"product-content_bottom\">\n<div class=\"pdp-info\">\n<div class=\"pdp-tabs tab-container\">\n<div class=\"tab js-tab\">\n<h3 class=\"tab-title pdp-tabs_title js-tab-mobile-title open\"><span>Points cl\u00e9s<\/span><\/h3>\n<div class=\"tab-description pdp-tabs_description js-tab-description open\" itemprop=\"description\">\n<ul>\n<li> Peigne<\/li>\n<li>Cheveux boucl\u00e9s<\/li>\n<li>R\u00e9sistant \u00e0 la chaleur<\/li>\n<li>Fait main<\/li>\n<li>\u00c9bonite <\/li>\n<\/ul>\n<\/div>\n<\/div>\n<div class=\"tab js-tab\">\n<h3 class=\"tab-title pdp-tabs_title js-tab-mobile-title\"><span>Description<\/span><\/h3>\n<div class=\"tab-description pdp-tabs_description js-tab-description\" itemprop=\"description\">Voici un peigne professionnel id\u00e9al pour sublimer les cheveux boucl\u00e9s et fris\u00e9s en un tour de main. Ce Peigne styler dispose de dents \u00e0 larges intervalles pour de belles boucles bien d\u00e9finies et \u00e9lastiques. Il offre une prise en main optimale pour r\u00e9aliser toutes les coiffures avec facilit\u00e9.Fabriqu\u00e9 \u00e0 la main en Allemagne par Sagemann, le Peigne 1050\/7 1\/4-1250\/7 1\/4 de Hercules est un outil de grande qualit\u00e9. Ses dents sans accroc pr\u00e9servent le cuticule du cheveu pour \u00e9viter la casse et ne pas abimer le cheveu. Son design est sp\u00e9cialement con\u00e7u pour glisser parfaitement lors du coiffage, tout en \u00e9tant doux pour la chevelure et pour le cuir chevelu.Ce peigne est fabriqu\u00e9 en \u00e9bonite, un mat\u00e9riau \u00e0 la fois flexible et solide. Il est aussi r\u00e9sistant \u00e0 la chaleur et aux produits chimiques, ce qui le rend bien adapt\u00e9 pour une utilisation avec le s\u00e8che-cheveux ou avec des produits de coloration.<\/div>\n<\/div>\n<div class=\"tab js-tab\">\n<h3 class=\"tab-title pdp-tabs_title js-tab-mobile-title\"><span>Mode d&#8217;emploi<\/span><\/h3>\n<div class=\"tab-description pdp-tabs_description js-tab-description\">Utilisez le Peigne Hercules 1050\/7 1\/4-1250\/7 1\/4 pour cheveux ondul\u00e9s, boucl\u00e9s et fris\u00e9s, pour lisser et coiffer.Nettoyez votre peigne avec de l\u2019eau savonneuse apr\u00e8s chaque client.D\u00e9sinfectez r\u00e9guli\u00e8rement tous vos peignes \u00e0 l\u2019aide d\u2019un spray d\u00e9sinfectant, de l\u2019eau de javel dilu\u00e9e dans l\u2019eau, ou avec du vinaigre.<\/div>\n<\/div>\n<div class=\"tab js-tab\">\n<h3 class=\"tab-title pdp-tabs_title js-tab-mobile-title\"><span>Ingr\u00e9dients<\/span><\/h3>\n<div class=\"tab-description pdp-tabs_description js-tab-description\">Naturkautschuk<\/div>\n<\/div>\n<div class=\"tab js-tab\">\n<h3 class=\"tab-title pdp-tabs_title js-tab-mobile-title\"><span>Livraison et stock<\/span><\/h3>\n<div class=\"tab-description pdp-tabs_description js-tab-description\">\n<div class=\"pdp-delivery_info\">\n<div class=\"content-asset\">Livraison et d\u00e9laisRetours et remboursements<\/div>\n<\/div>\n<\/div>\n<\/div>\n<\/div>\n<\/div>\n<\/div>\n","protected":false},"excerpt":{"rendered":"<p>Points cl\u00e9s Peigne Cheveux boucl\u00e9s R\u00e9sistant \u00e0 la chaleur Fait main \u00c9bonite Description Voici un&hellip;<\/p>\n","protected":false},"featured_media":17058,"comment_status":"open","ping_status":"closed","template":"","meta":[],"pwb-brand":[675],"product_cat":[605],"product_tag":[606,430,127],"class_list":{"0":"post-28585","1":"product","2":"type-product","3":"status-publish","4":"has-post-thumbnail","6":"pwb-brand-hercules","7":"product_cat-essentiels-de-cheveux","8":"product_tag-essentiels-de-cheveux","9":"product_tag-hercules","10":"product_tag-shampooing-et-coiffure","12":"first","13":"instock","14":"taxable","15":"shipping-taxable","16":"purchasable","17":"product-type-simple","18":"layout-style-3","19":"col-md-4 col-sm-4 col-xs-6","20":"col-lg-3","21":"product-style-default"},"aioseo_notices":[],"brands":[{"id":675,"name":"Hercules","slug":"hercules"}],"_links":{"self":[{"href":"https:\/\/cheveuxluxe.com\/index.php\/wp-json\/wp\/v2\/product\/28585","targetHints":{"allow":["GET"]}}],"collection":[{"href":"https:\/\/cheveuxluxe.com\/index.php\/wp-json\/wp\/v2\/product"}],"about":[{"href":"https:\/\/cheveuxluxe.com\/index.php\/wp-json\/wp\/v2\/types\/product"}],"replies":[{"embeddable":true,"href":"https:\/\/cheveuxluxe.com\/index.php\/wp-json\/wp\/v2\/comments?post=28585"}],"version-history":[{"count":0,"href":"https:\/\/cheveuxluxe.com\/index.php\/wp-json\/wp\/v2\/product\/28585\/revisions"}],"wp:featuredmedia":[{"embeddable":true,"href":"https:\/\/cheveuxluxe.com\/index.php\/wp-json\/wp\/v2\/media\/17058"}],"wp:attachment":[{"href":"https:\/\/cheveuxluxe.com\/index.php\/wp-json\/wp\/v2\/media?parent=28585"}],"wp:term":[{"taxonomy":"pwb-brand","embeddable":true,"href":"https:\/\/cheveuxluxe.com\/index.php\/wp-json\/wp\/v2\/pwb-brand?post=28585"},{"taxonomy":"product_cat","embeddable":true,"href":"https:\/\/cheveuxluxe.com\/index.php\/wp-json\/wp\/v2\/product_cat?post=28585"},{"taxonomy":"product_tag","embeddable":true,"href":"https:\/\/cheveuxluxe.com\/index.php\/wp-json\/wp\/v2\/product_tag?post=28585"}],"curies":[{"name":"wp","href":"https:\/\/api.w.org\/{rel}","templated":true}]}}