{"id":28607,"date":"2024-04-09T21:32:10","date_gmt":"2024-04-09T21:32:10","guid":{"rendered":"https:\/\/cheveuxluxe.com\/index.php\/product\/procare-dispenser-balayage-film-lpc300\/"},"modified":"2024-04-13T13:51:17","modified_gmt":"2024-04-13T13:51:17","slug":"procare-dispenser-balayage-film-lpc300","status":"publish","type":"product","link":"https:\/\/cheveuxluxe.com\/index.php\/product\/procare-dispenser-balayage-film-lpc300\/","title":{"rendered":"Procare Dispenser Balayage Film\/LPC300"},"content":{"rendered":"<div class=\"product-content_bottom\">\n<div class=\"pdp-info\">\n<div class=\"pdp-tabs tab-container\">\n<div class=\"tab js-tab\">\n<h3 class=\"tab-title pdp-tabs_title js-tab-mobile-title open\"><span>Points cl\u00e9s<\/span><\/h3>\n<div class=\"tab-description pdp-tabs_description js-tab-description open\" itemprop=\"description\">\n<ul>\n<li>Le partenaire id\u00e9al pour la distribution de Procare Balayage Film<\/li>\n<li>D\u00e9coupage facile du film de balayage<\/li>\n<li>Simple et facile \u00e0 utiliser<\/li>\n<li>Appuyez sur le couvercle pour couper votre film \u00e0 la longueur voulue<\/li>\n<li>Pas de tracas, pas de gaspillage, pas de film endommag\u00e9<\/li>\n<\/ul>\n<\/div>\n<\/div>\n<div class=\"tab js-tab\">\n<h3 class=\"tab-title pdp-tabs_title js-tab-mobile-title\"><span>Description<\/span><\/h3>\n<div class=\"tab-description pdp-tabs_description js-tab-description\" itemprop=\"description\">Le distributeur Procare Speedwrap 300 garde votre film Procare Balayage en s\u00e9curit\u00e9 et permet de le couper facilement. Il suffit d&rsquo;appuyer sur le couvercle et votre film est soigneusement coup\u00e9 \u00e0 la longueur voulue. Pas de tracas, pas de gaspillage, pas de film endommag\u00e9.<\/div>\n<\/div>\n<div class=\"tab js-tab\">\n<h3 class=\"tab-title pdp-tabs_title js-tab-mobile-title\"><span>Livraison et stock<\/span><\/h3>\n<div class=\"tab-description pdp-tabs_description js-tab-description\">\n<div class=\"pdp-delivery_info\">\n<div class=\"content-asset\">Livraison et d\u00e9laisRetours et remboursements<\/div>\n<\/div>\n<\/div>\n<\/div>\n<\/div>\n<\/div>\n<\/div>\n","protected":false},"excerpt":{"rendered":"<p>Points cl\u00e9s Le partenaire id\u00e9al pour la distribution de Procare Balayage Film D\u00e9coupage facile du&hellip;<\/p>\n","protected":false},"featured_media":18029,"comment_status":"open","ping_status":"closed","template":"","meta":[],"pwb-brand":[688],"product_cat":[503],"product_tag":[168,169,480],"class_list":{"0":"post-28607","1":"product","2":"type-product","3":"status-publish","4":"has-post-thumbnail","6":"pwb-brand-procare","7":"product_cat-materiel-de-coiffure-equipement-de-salon-22","8":"product_tag-equipement-de-salon","9":"product_tag-materiel-de-coiffure","10":"product_tag-procare","12":"first","13":"instock","14":"taxable","15":"shipping-taxable","16":"purchasable","17":"product-type-simple","18":"layout-style-3","19":"col-md-4 col-sm-4 col-xs-6","20":"col-lg-3","21":"product-has-gallery","22":"product-style-default"},"aioseo_notices":[],"brands":[{"id":688,"name":"Procare","slug":"procare"}],"_links":{"self":[{"href":"https:\/\/cheveuxluxe.com\/index.php\/wp-json\/wp\/v2\/product\/28607","targetHints":{"allow":["GET"]}}],"collection":[{"href":"https:\/\/cheveuxluxe.com\/index.php\/wp-json\/wp\/v2\/product"}],"about":[{"href":"https:\/\/cheveuxluxe.com\/index.php\/wp-json\/wp\/v2\/types\/product"}],"replies":[{"embeddable":true,"href":"https:\/\/cheveuxluxe.com\/index.php\/wp-json\/wp\/v2\/comments?post=28607"}],"version-history":[{"count":0,"href":"https:\/\/cheveuxluxe.com\/index.php\/wp-json\/wp\/v2\/product\/28607\/revisions"}],"wp:featuredmedia":[{"embeddable":true,"href":"https:\/\/cheveuxluxe.com\/index.php\/wp-json\/wp\/v2\/media\/18029"}],"wp:attachment":[{"href":"https:\/\/cheveuxluxe.com\/index.php\/wp-json\/wp\/v2\/media?parent=28607"}],"wp:term":[{"taxonomy":"pwb-brand","embeddable":true,"href":"https:\/\/cheveuxluxe.com\/index.php\/wp-json\/wp\/v2\/pwb-brand?post=28607"},{"taxonomy":"product_cat","embeddable":true,"href":"https:\/\/cheveuxluxe.com\/index.php\/wp-json\/wp\/v2\/product_cat?post=28607"},{"taxonomy":"product_tag","embeddable":true,"href":"https:\/\/cheveuxluxe.com\/index.php\/wp-json\/wp\/v2\/product_tag?post=28607"}],"curies":[{"name":"wp","href":"https:\/\/api.w.org\/{rel}","templated":true}]}}