{"id":28626,"date":"2024-04-09T21:32:41","date_gmt":"2024-04-09T21:32:41","guid":{"rendered":"https:\/\/cheveuxluxe.com\/index.php\/product\/tangle-teezer-brosse-midnight-black-salon-elite\/"},"modified":"2024-04-13T13:51:26","modified_gmt":"2024-04-13T13:51:26","slug":"tangle-teezer-brosse-midnight-black-salon-elite","status":"publish","type":"product","link":"https:\/\/cheveuxluxe.com\/index.php\/product\/tangle-teezer-brosse-midnight-black-salon-elite\/","title":{"rendered":"Tangle Teezer Brosse Midnight Black Salon Elite"},"content":{"rendered":"<div class=\"product-content_bottom\">\n<div class=\"pdp-info\">\n<div class=\"pdp-tabs tab-container\">\n<div class=\"tab js-tab\">\n<h3 class=\"tab-title pdp-tabs_title js-tab-mobile-title open\"><span>Points cl\u00e9s<\/span><\/h3>\n<div class=\"tab-description pdp-tabs_description js-tab-description open\" itemprop=\"description\">\n<ul>\n<li>D\u00e9tache les n\u0153uds sans les tirer<\/li>\n<li>Design innovant et concave<\/li>\n<li>Syst\u00e8me de dents innovant<\/li>\n<li>D\u00e9m\u00ealage facile et indolore<\/li>\n<li>Pr\u00e9vient la casse des cheveux et les pointes fourchues<\/li>\n<\/ul>\n<\/div>\n<\/div>\n<div class=\"tab js-tab\">\n<h3 class=\"tab-title pdp-tabs_title js-tab-mobile-title\"><span>Description<\/span><\/h3>\n<div class=\"tab-description pdp-tabs_description js-tab-description\" itemprop=\"description\">D\u00e9velopp\u00e9 exclusivement pour le salon et sp\u00e9cialement pour les coiffeurs, le Tangle Teezer\u00ae Salon Elite est consid\u00e9r\u00e9 par les professionnels comme une arme miracle absolue. Qu&rsquo;il s&rsquo;agisse de cheveux longs, boucl\u00e9s ou courts, le Tangle Teezer\u00ae est l&rsquo;outil de d\u00e9m\u00ealage parfait pour tous les types de cheveux. Sa forme ergonomique optimis\u00e9e tient parfaitement dans la main et offre la meilleure tenue possible lors du peignage de la racine \u00e0 la pointe des cheveux. La technologie brevet\u00e9e des dents flexibles de diff\u00e9rentes longueurs pr\u00e9vient la casse des cheveux ainsi que les pointes fourchues et fait briller les cheveux. Comme on le sait, on ne peut pas se tromper avec le noir, c&rsquo;est pourquoi le Tangle Teezer\u00ae Salon est \u00e9galement disponible dans un noir classique.<\/div>\n<\/div>\n<div class=\"tab js-tab\">\n<h3 class=\"tab-title pdp-tabs_title js-tab-mobile-title\"><span>Livraison et stock<\/span><\/h3>\n<div class=\"tab-description pdp-tabs_description js-tab-description\">\n<div class=\"pdp-delivery_info\">\n<div class=\"content-asset\">Livraison et d\u00e9laisRetours et remboursements<\/div>\n<\/div>\n<\/div>\n<\/div>\n<\/div>\n<\/div>\n<\/div>\n","protected":false},"excerpt":{"rendered":"<p>Points cl\u00e9s D\u00e9tache les n\u0153uds sans les tirer Design innovant et concave Syst\u00e8me de dents&hellip;<\/p>\n","protected":false},"featured_media":17151,"comment_status":"open","ping_status":"closed","template":"","meta":[],"pwb-brand":[696],"product_cat":[503],"product_tag":[168,169,526],"class_list":{"0":"post-28626","1":"product","2":"type-product","3":"status-publish","4":"has-post-thumbnail","6":"pwb-brand-tangle-teezer","7":"product_cat-materiel-de-coiffure-equipement-de-salon-22","8":"product_tag-equipement-de-salon","9":"product_tag-materiel-de-coiffure","10":"product_tag-tangle-teezer","12":"first","13":"instock","14":"taxable","15":"shipping-taxable","16":"purchasable","17":"product-type-simple","18":"layout-style-3","19":"col-md-4 col-sm-4 col-xs-6","20":"col-lg-3","21":"product-has-gallery","22":"product-style-default"},"aioseo_notices":[],"brands":[{"id":696,"name":"Tangle Teezer","slug":"tangle-teezer"}],"_links":{"self":[{"href":"https:\/\/cheveuxluxe.com\/index.php\/wp-json\/wp\/v2\/product\/28626","targetHints":{"allow":["GET"]}}],"collection":[{"href":"https:\/\/cheveuxluxe.com\/index.php\/wp-json\/wp\/v2\/product"}],"about":[{"href":"https:\/\/cheveuxluxe.com\/index.php\/wp-json\/wp\/v2\/types\/product"}],"replies":[{"embeddable":true,"href":"https:\/\/cheveuxluxe.com\/index.php\/wp-json\/wp\/v2\/comments?post=28626"}],"version-history":[{"count":0,"href":"https:\/\/cheveuxluxe.com\/index.php\/wp-json\/wp\/v2\/product\/28626\/revisions"}],"wp:featuredmedia":[{"embeddable":true,"href":"https:\/\/cheveuxluxe.com\/index.php\/wp-json\/wp\/v2\/media\/17151"}],"wp:attachment":[{"href":"https:\/\/cheveuxluxe.com\/index.php\/wp-json\/wp\/v2\/media?parent=28626"}],"wp:term":[{"taxonomy":"pwb-brand","embeddable":true,"href":"https:\/\/cheveuxluxe.com\/index.php\/wp-json\/wp\/v2\/pwb-brand?post=28626"},{"taxonomy":"product_cat","embeddable":true,"href":"https:\/\/cheveuxluxe.com\/index.php\/wp-json\/wp\/v2\/product_cat?post=28626"},{"taxonomy":"product_tag","embeddable":true,"href":"https:\/\/cheveuxluxe.com\/index.php\/wp-json\/wp\/v2\/product_tag?post=28626"}],"curies":[{"name":"wp","href":"https:\/\/api.w.org\/{rel}","templated":true}]}}