{"id":28640,"date":"2024-04-09T21:33:02","date_gmt":"2024-04-09T21:33:02","guid":{"rendered":"https:\/\/cheveuxluxe.com\/index.php\/product\/jaguar-ciseaux-cl-wl-pastell-es40-lava-effi-5\/"},"modified":"2024-04-13T13:51:30","modified_gmt":"2024-04-13T13:51:30","slug":"jaguar-ciseaux-cl-wl-pastell-es40-lava-effi-5","status":"publish","type":"product","link":"https:\/\/cheveuxluxe.com\/index.php\/product\/jaguar-ciseaux-cl-wl-pastell-es40-lava-effi-5\/","title":{"rendered":"Jaguar Ciseaux Cl WL Pastell ES40 Lava Effi 5&Prime;"},"content":{"rendered":"<div class=\"product-content_bottom\">\n<div class=\"pdp-info\">\n<div class=\"pdp-tabs tab-container\">\n<div class=\"tab js-tab\">\n<h3 class=\"tab-title pdp-tabs_title js-tab-mobile-title open\"><span>Points cl\u00e9s<\/span><\/h3>\n<div class=\"tab-description pdp-tabs_description js-tab-description open\" itemprop=\"description\">\n<ul>\n<li>40 dents \u00e0 effiler avec denture fine \u00e0 prisme pour une sensation douce agr\u00e9able et une coupe pr\u00e9cise<\/li>\n<li>Rev\u00eatement m\u00e9tallique de haute qualit\u00e9<\/li>\n<li>Protection en cas d\u2018allergie au nickel<\/li>\n<li>Design classique pour une sensation traditionnelle lors de la coupe<\/li>\n<\/ul>\n<\/div>\n<\/div>\n<div class=\"tab js-tab\">\n<h3 class=\"tab-title pdp-tabs_title js-tab-mobile-title\"><span>Description<\/span><\/h3>\n<div class=\"tab-description pdp-tabs_description js-tab-description\" itemprop=\"description\">DUR\u00c9E DE VIE<br \/>Tranchant de longue dur\u00e9e gr\u00e2ce \u00e0 l\u2018utilisation d\u2018un acier de qualit\u00e9 forg\u00e9 et du proc\u00e9d\u00e9 de trempage \u00e0 froid \u00e0 -80 \u00b0C pour une duret\u00e9 renforc\u00e9e.<\/p>\n<p>FONCTIONNEMENT<br \/>Forme de lame pr\u00e9cise gr\u00e2ce au proc\u00e9d\u00e9 de dressage et vis VARIO pour un tr\u00e8s bon fonctionnement ais\u00e9. La visse VARIO peut tout simplement \u00eatre rajust\u00e9 avec une pi\u00e8ce de monnaie.<\/p>\n<p>PR\u00c9CISION D\u2019AIGUISAGE<br \/>Lames classiques avec un angle de fil de lame plat pour un tr\u00e8s bon tranchant. Convient particuli\u00e8rement bien \u00e0 l\u2018effilage gr\u00e2ce \u00e0 la rectification concave et au pon\u00e7age honing.<\/div>\n<\/div>\n<div class=\"tab js-tab\">\n<h3 class=\"tab-title pdp-tabs_title js-tab-mobile-title\"><span>Livraison et stock<\/span><\/h3>\n<div class=\"tab-description pdp-tabs_description js-tab-description\">\n<div class=\"pdp-delivery_info\">\n<div class=\"content-asset\">Livraison et d\u00e9laisRetours et remboursements<\/div>\n<\/div>\n<\/div>\n<\/div>\n<\/div>\n<\/div>\n<\/div>\n","protected":false},"excerpt":{"rendered":"<p>Points cl\u00e9s 40 dents \u00e0 effiler avec denture fine \u00e0 prisme pour une sensation douce&hellip;<\/p>\n","protected":false},"featured_media":28639,"comment_status":"open","ping_status":"closed","template":"","meta":[],"pwb-brand":[670],"product_cat":[503],"product_tag":[168,414,169],"class_list":{"0":"post-28640","1":"product","2":"type-product","3":"status-publish","4":"has-post-thumbnail","6":"pwb-brand-jaguar","7":"product_cat-materiel-de-coiffure-equipement-de-salon-22","8":"product_tag-equipement-de-salon","9":"product_tag-jaguar","10":"product_tag-materiel-de-coiffure","12":"first","13":"instock","14":"taxable","15":"shipping-taxable","16":"purchasable","17":"product-type-simple","18":"layout-style-3","19":"col-md-4 col-sm-4 col-xs-6","20":"col-lg-3","21":"product-style-default"},"aioseo_notices":[],"brands":[{"id":670,"name":"Jaguar","slug":"jaguar"}],"_links":{"self":[{"href":"https:\/\/cheveuxluxe.com\/index.php\/wp-json\/wp\/v2\/product\/28640","targetHints":{"allow":["GET"]}}],"collection":[{"href":"https:\/\/cheveuxluxe.com\/index.php\/wp-json\/wp\/v2\/product"}],"about":[{"href":"https:\/\/cheveuxluxe.com\/index.php\/wp-json\/wp\/v2\/types\/product"}],"replies":[{"embeddable":true,"href":"https:\/\/cheveuxluxe.com\/index.php\/wp-json\/wp\/v2\/comments?post=28640"}],"version-history":[{"count":0,"href":"https:\/\/cheveuxluxe.com\/index.php\/wp-json\/wp\/v2\/product\/28640\/revisions"}],"wp:featuredmedia":[{"embeddable":true,"href":"https:\/\/cheveuxluxe.com\/index.php\/wp-json\/wp\/v2\/media\/28639"}],"wp:attachment":[{"href":"https:\/\/cheveuxluxe.com\/index.php\/wp-json\/wp\/v2\/media?parent=28640"}],"wp:term":[{"taxonomy":"pwb-brand","embeddable":true,"href":"https:\/\/cheveuxluxe.com\/index.php\/wp-json\/wp\/v2\/pwb-brand?post=28640"},{"taxonomy":"product_cat","embeddable":true,"href":"https:\/\/cheveuxluxe.com\/index.php\/wp-json\/wp\/v2\/product_cat?post=28640"},{"taxonomy":"product_tag","embeddable":true,"href":"https:\/\/cheveuxluxe.com\/index.php\/wp-json\/wp\/v2\/product_tag?post=28640"}],"curies":[{"name":"wp","href":"https:\/\/api.w.org\/{rel}","templated":true}]}}