{"id":28671,"date":"2024-04-09T21:33:55","date_gmt":"2024-04-09T21:33:55","guid":{"rendered":"https:\/\/cheveuxluxe.com\/index.php\/product\/daylight-lampe-sur-pied-duo\/"},"modified":"2024-04-13T13:53:12","modified_gmt":"2024-04-13T13:53:12","slug":"daylight-lampe-sur-pied-duo","status":"publish","type":"product","link":"https:\/\/cheveuxluxe.com\/index.php\/product\/daylight-lampe-sur-pied-duo\/","title":{"rendered":"Daylight Lampe sur Pied Duo"},"content":{"rendered":"<div class=\"product-content_bottom\">\n<div class=\"pdp-info\">\n<div class=\"pdp-tabs tab-container\">\n<div class=\"tab js-tab\">\n<h3 class=\"tab-title pdp-tabs_title js-tab-mobile-title open\"><span>Points cl\u00e9s<\/span><\/h3>\n<div class=\"tab-description pdp-tabs_description js-tab-description open\" itemprop=\"description\">\n<ul>\n<li>Lampe en V pour une plus grande surface de travail \u00e9clair\u00e9e<\/li>\n<li>Bras flexible pour s&rsquo;adapter a vos besoins<\/li>\n<li>56 LED de haute qualit\u00e9 pour\u00a0une correspondance pr\u00e9cise des couleurs<\/li>\n<li>4 niveaux de luminosit\u00e9 ajustable<\/li>\n<li>Luminosit\u00e9 de 2090 Lux \u00e0 30 cm<\/li>\n<\/ul>\n<\/div>\n<\/div>\n<div class=\"tab js-tab\">\n<h3 class=\"tab-title pdp-tabs_title js-tab-mobile-title\"><span>Description<\/span><\/h3>\n<div class=\"tab-description pdp-tabs_description js-tab-description\" itemprop=\"description\">\n<p>Doublez votre \u00e9clairage et \u00e9liminez les ombres avec la DuoLamp Floor. Les bras r\u00e9glables dirigent la lumi\u00e8re exactement l\u00e0 o\u00f9 elle est n\u00e9cessaire, ce qui fait de cette lampe un compl\u00e9ment id\u00e9al pour tout salon offrant des services de cils, de sourcils ou de tatouage. Avec son design fin et \u00e9l\u00e9gant, la DuoLamp Floor est discr\u00e8te et \u00e9met une qualit\u00e9 de lumi\u00e8re fantastique et une correspondance des couleurs pr\u00e9cise gr\u00e2ce \u00e0 ses 56 LED lumineuses de haute qualit\u00e9.\u00a0Elle poss\u00e8de deux teintes r\u00e9glables ind\u00e9pendamment l&rsquo;une de l&rsquo;autre, ce qui permet d&rsquo;obtenir un rendement lumineux \u00e9lev\u00e9 sur une tr\u00e8s grande surface ou une lumi\u00e8re intense sur une petite surface. Ajuster l&rsquo;intensit\u00e9 \u00e0 l&rsquo;aide du variateur \u00e0 interrupteur tactile \u00e0 quatre niveaux.<\/p>\n<p>\u00a0<\/p>\n<p><strong>L&rsquo;\u00e9clairage id\u00e9al pour :<\/strong>\u00a0<\/p>\n<ul>\n<li>Artistes des cils<\/li>\n<li>Artistes des sourcils<\/li>\n<li>Esth\u00e9ticienne<\/li>\n<li>Maquilleuse<\/li>\n<\/ul>\n<p>\u00a0<\/p>\n<p><strong>Dimensions :\u00a0<\/strong><\/p>\n<ul>\n<li>Hauteur\u00a0: 132\u00a0cm\u00a0<\/li>\n<li>Largeur\u00a0: 53\u00a0cm<\/li>\n<li>Profondeur : 21\u00a0cm<\/li>\n<li>Poids\u00a0: 3,5\u00a0kg<\/li>\n<li>Longueur du c\u00e2ble\u00a0: 1,8\u00a0m<\/li>\n<\/ul>\n<p>\u00a0<\/p>\n<p><strong>Sp\u00e9cifications technique :\u00a0<\/strong><\/p>\n<ul>\n<li>Source lumineuse : LED<\/li>\n<li>Lumens : 700<\/li>\n<li>Lux \u00e0 30 cm : 2090<\/li>\n<li>Temp\u00e9rature de couleur : 6 000 K<\/li>\n<li>IRC : 80<\/li>\n<li>Consommation d&rsquo;\u00e9nergie : 13.5W<\/li>\n<li>Couleur : blanc<\/li>\n<li>Dur\u00e9e de vie nominale des LED (heures) : 50,000<\/li>\n<li>Variateur \u00e0 interrupteur tactile avec 4 niveaux de luminosit\u00e9<\/li>\n<\/ul>\n<\/div>\n<\/div>\n<div class=\"tab js-tab\">\n<h3 class=\"tab-title pdp-tabs_title js-tab-mobile-title\"><span>Livraison et stock<\/span><\/h3>\n<div class=\"tab-description pdp-tabs_description js-tab-description\">\n<div class=\"pdp-delivery_info\">\n<div class=\"content-asset\">Livraison et d\u00e9laisRetours et remboursements<\/div>\n<\/div>\n<\/div>\n<\/div>\n<\/div>\n<\/div>\n<\/div>\n","protected":false},"excerpt":{"rendered":"<p>Points cl\u00e9s Lampe en V pour une plus grande surface de travail \u00e9clair\u00e9e Bras flexible&hellip;<\/p>\n","protected":false},"featured_media":17702,"comment_status":"open","ping_status":"closed","template":"","meta":[],"pwb-brand":[702],"product_cat":[557],"product_tag":[200,540,168],"class_list":{"0":"post-28671","1":"product","2":"type-product","3":"status-publish","4":"has-post-thumbnail","6":"pwb-brand-daylight","7":"product_cat-coiffure-et-beaute-a-domicile","8":"product_tag-coiffure-et-beaute-a-domicile","9":"product_tag-daylight","10":"product_tag-equipement-de-salon","12":"first","13":"instock","14":"taxable","15":"shipping-taxable","16":"purchasable","17":"product-type-simple","18":"layout-style-3","19":"col-md-4 col-sm-4 col-xs-6","20":"col-lg-3","21":"product-style-default"},"aioseo_notices":[],"brands":[{"id":702,"name":"Daylight","slug":"daylight"}],"_links":{"self":[{"href":"https:\/\/cheveuxluxe.com\/index.php\/wp-json\/wp\/v2\/product\/28671","targetHints":{"allow":["GET"]}}],"collection":[{"href":"https:\/\/cheveuxluxe.com\/index.php\/wp-json\/wp\/v2\/product"}],"about":[{"href":"https:\/\/cheveuxluxe.com\/index.php\/wp-json\/wp\/v2\/types\/product"}],"replies":[{"embeddable":true,"href":"https:\/\/cheveuxluxe.com\/index.php\/wp-json\/wp\/v2\/comments?post=28671"}],"version-history":[{"count":0,"href":"https:\/\/cheveuxluxe.com\/index.php\/wp-json\/wp\/v2\/product\/28671\/revisions"}],"wp:featuredmedia":[{"embeddable":true,"href":"https:\/\/cheveuxluxe.com\/index.php\/wp-json\/wp\/v2\/media\/17702"}],"wp:attachment":[{"href":"https:\/\/cheveuxluxe.com\/index.php\/wp-json\/wp\/v2\/media?parent=28671"}],"wp:term":[{"taxonomy":"pwb-brand","embeddable":true,"href":"https:\/\/cheveuxluxe.com\/index.php\/wp-json\/wp\/v2\/pwb-brand?post=28671"},{"taxonomy":"product_cat","embeddable":true,"href":"https:\/\/cheveuxluxe.com\/index.php\/wp-json\/wp\/v2\/product_cat?post=28671"},{"taxonomy":"product_tag","embeddable":true,"href":"https:\/\/cheveuxluxe.com\/index.php\/wp-json\/wp\/v2\/product_tag?post=28671"}],"curies":[{"name":"wp","href":"https:\/\/api.w.org\/{rel}","templated":true}]}}