{"id":28673,"date":"2024-04-09T21:33:56","date_gmt":"2024-04-09T21:33:56","guid":{"rendered":"https:\/\/cheveuxluxe.com\/index.php\/product\/daylight-lampe-de-table-flexible-uno\/"},"modified":"2024-04-13T13:53:18","modified_gmt":"2024-04-13T13:53:18","slug":"daylight-lampe-de-table-flexible-uno","status":"publish","type":"product","link":"https:\/\/cheveuxluxe.com\/index.php\/product\/daylight-lampe-de-table-flexible-uno\/","title":{"rendered":"Daylight Lampe de Table Flexible Uno"},"content":{"rendered":"<div class=\"product-content_bottom\">\n<div class=\"pdp-info\">\n<div class=\"pdp-tabs tab-container\">\n<div class=\"tab js-tab\">\n<h3 class=\"tab-title pdp-tabs_title js-tab-mobile-title open\"><span>Points cl\u00e9s<\/span><\/h3>\n<div class=\"tab-description pdp-tabs_description js-tab-description open\" itemprop=\"description\">\n<ul>\n<li>Bras flexible<\/li>\n<li>Haute performance et \u00e9co\u00e9nerg\u00e9tique<\/li>\n<li>LEDs lumineuses pour une v\u00e9ritable correspondance des couleurs<\/li>\n<li>Facile \u00e0 d\u00e9placer\u00a0ou \u00e0 emporter<\/li>\n<li>Variateur \u00e0\u00a04 niveaux de luminosit\u00e9<\/li>\n<li>Design moderne et une finition \u00e9l\u00e9gante<\/li>\n<\/ul>\n<\/div>\n<\/div>\n<div class=\"tab js-tab\">\n<h3 class=\"tab-title pdp-tabs_title js-tab-mobile-title\"><span>Description<\/span><\/h3>\n<div class=\"tab-description pdp-tabs_description js-tab-description\" itemprop=\"description\">\n<p>\u00a0<\/p>\n<p>Illuminez votre espace de travail et faites briller la lumi\u00e8re exactement l\u00e0 o\u00f9 vous en avez besoin gr\u00e2ce au bras flexible de la table UnoLamp. Que vous r\u00e9alisiez une manucure parfaite, peigniez ou lisiez, vous verrez chaque ton et chaque nuance comme si vous \u00e9tiez \u00e0 la lumi\u00e8re naturelle, gr\u00e2ce aux LED de haute qualit\u00e9 et \u00e0 haut rendement \u00e9nerg\u00e9tique.\u00a0<\/p>\n<p>Utilisez le variateur \u00e0 interrupteur tactile avec 4 niveaux de luminosit\u00e9 pour obtenir l&rsquo;intensit\u00e9 id\u00e9ale pour votre traitement.\u00a0Cette lampe de table fine et flexible pr\u00e9sente un design moderne et une finition \u00e9l\u00e9gante. Elle est \u00e9quip\u00e9e de 28 LEDs lumi\u00e8re du jour haute performance et \u00e9co\u00e9nerg\u00e9tiques, qui fournissent une grande luminosit\u00e9 sur une large surface. Elle est facile \u00e0 d\u00e9placer dans la maison ou \u00e0 emporter pour votre prochain rendez-vous.<\/p>\n<p>\u00a0<\/p>\n<p><strong>Dimensions :<\/strong><\/p>\n<ul>\n<li>Hauteur : 38,5 cm<\/li>\n<li>Largeur : 36 cm<\/li>\n<li>Profondeur : 12 cm<\/li>\n<li>Poids : 0,5 kg<\/li>\n<li>Longueur du c\u00e2ble : 1.5m<\/li>\n<\/ul>\n<p>\u00a0<\/p>\n<p><strong>Sp\u00e9cifications techniques :\u00a0<\/strong><\/p>\n<ul>\n<li>Source de lumi\u00e8re : LED<\/li>\n<li>Lumens : 400<\/li>\n<li>Lux \u00e0 30 cm : 1145<\/li>\n<li>Temp\u00e9rature de couleur : 6 000 K<\/li>\n<li>IRC : 80<\/li>\n<li>Consommation d&rsquo;\u00e9nergie : 6.0W<\/li>\n<li>Couleur : blanc<\/li>\n<li>Dur\u00e9e de vie nominale des LED (heures) : 50,000<\/li>\n<\/ul>\n<\/div>\n<\/div>\n<div class=\"tab js-tab\">\n<h3 class=\"tab-title pdp-tabs_title js-tab-mobile-title\"><span>Livraison et stock<\/span><\/h3>\n<div class=\"tab-description pdp-tabs_description js-tab-description\">\n<div class=\"pdp-delivery_info\">\n<div class=\"content-asset\">Livraison et d\u00e9laisRetours et remboursements<\/div>\n<\/div>\n<\/div>\n<\/div>\n<\/div>\n<\/div>\n<\/div>\n","protected":false},"excerpt":{"rendered":"<p>Points cl\u00e9s Bras flexible Haute performance et \u00e9co\u00e9nerg\u00e9tique LEDs lumineuses pour une v\u00e9ritable correspondance des&hellip;<\/p>\n","protected":false},"featured_media":17746,"comment_status":"open","ping_status":"closed","template":"","meta":[],"pwb-brand":[702],"product_cat":[557],"product_tag":[200,540,168],"class_list":{"0":"post-28673","1":"product","2":"type-product","3":"status-publish","4":"has-post-thumbnail","6":"pwb-brand-daylight","7":"product_cat-coiffure-et-beaute-a-domicile","8":"product_tag-coiffure-et-beaute-a-domicile","9":"product_tag-daylight","10":"product_tag-equipement-de-salon","12":"first","13":"instock","14":"taxable","15":"shipping-taxable","16":"purchasable","17":"product-type-simple","18":"layout-style-3","19":"col-md-4 col-sm-4 col-xs-6","20":"col-lg-3","21":"product-style-default"},"aioseo_notices":[],"brands":[{"id":702,"name":"Daylight","slug":"daylight"}],"_links":{"self":[{"href":"https:\/\/cheveuxluxe.com\/index.php\/wp-json\/wp\/v2\/product\/28673","targetHints":{"allow":["GET"]}}],"collection":[{"href":"https:\/\/cheveuxluxe.com\/index.php\/wp-json\/wp\/v2\/product"}],"about":[{"href":"https:\/\/cheveuxluxe.com\/index.php\/wp-json\/wp\/v2\/types\/product"}],"replies":[{"embeddable":true,"href":"https:\/\/cheveuxluxe.com\/index.php\/wp-json\/wp\/v2\/comments?post=28673"}],"version-history":[{"count":0,"href":"https:\/\/cheveuxluxe.com\/index.php\/wp-json\/wp\/v2\/product\/28673\/revisions"}],"wp:featuredmedia":[{"embeddable":true,"href":"https:\/\/cheveuxluxe.com\/index.php\/wp-json\/wp\/v2\/media\/17746"}],"wp:attachment":[{"href":"https:\/\/cheveuxluxe.com\/index.php\/wp-json\/wp\/v2\/media?parent=28673"}],"wp:term":[{"taxonomy":"pwb-brand","embeddable":true,"href":"https:\/\/cheveuxluxe.com\/index.php\/wp-json\/wp\/v2\/pwb-brand?post=28673"},{"taxonomy":"product_cat","embeddable":true,"href":"https:\/\/cheveuxluxe.com\/index.php\/wp-json\/wp\/v2\/product_cat?post=28673"},{"taxonomy":"product_tag","embeddable":true,"href":"https:\/\/cheveuxluxe.com\/index.php\/wp-json\/wp\/v2\/product_tag?post=28673"}],"curies":[{"name":"wp","href":"https:\/\/api.w.org\/{rel}","templated":true}]}}