{"id":28674,"date":"2024-04-09T21:33:57","date_gmt":"2024-04-09T21:33:57","guid":{"rendered":"https:\/\/cheveuxluxe.com\/index.php\/product\/daylight-lampe-rechargeable-pour-table-smart-go\/"},"modified":"2024-04-13T13:53:20","modified_gmt":"2024-04-13T13:53:20","slug":"daylight-lampe-rechargeable-pour-table-smart-go","status":"publish","type":"product","link":"https:\/\/cheveuxluxe.com\/index.php\/product\/daylight-lampe-rechargeable-pour-table-smart-go\/","title":{"rendered":"Daylight Lampe Rechargeable pour Table Smart Go"},"content":{"rendered":"<div class=\"product-content_bottom\">\n<div class=\"pdp-info\">\n<div class=\"pdp-tabs tab-container\">\n<div class=\"tab js-tab\">\n<h3 class=\"tab-title pdp-tabs_title js-tab-mobile-title open\"><span>Points cl\u00e9s<\/span><\/h3>\n<div class=\"tab-description pdp-tabs_description js-tab-description open\" itemprop=\"description\">\n<ul>\n<li>L\u00e9g\u00e8re et portable<\/li>\n<li>Design \u00e9l\u00e9gant et esth\u00e9tique<\/li>\n<li>Variateur d&rsquo;intensit\u00e9 \u00e0 3 niveaux<\/li>\n<li>Rechargeable, jusqu&rsquo;\u00e0 6.5 heures de lumi\u00e8re<\/li>\n<li>Lumi\u00e8re LED <lumi\u00e8re du=\"\" jour=\"\">offrant une parfaite correspondance des couleures<\/lumi\u00e8re><\/li>\n<li>Port USB int\u00e9gr\u00e9<\/li>\n<li>Forme discr\u00e8te qui ne prend pas de place sur votre bureau ou votre table d&rsquo;appoint<\/li>\n<\/ul>\n<\/div>\n<\/div>\n<div class=\"tab js-tab\">\n<h3 class=\"tab-title pdp-tabs_title js-tab-mobile-title\"><span>Description<\/span><\/h3>\n<div class=\"tab-description pdp-tabs_description js-tab-description\" itemprop=\"description\">\n<p>Cette lampe Smart Go portable et l\u00e9g\u00e8re est le compagnon de voyage id\u00e9al, vous permettant de voir clairement les couleurs et les d\u00e9tails lors de vos traitements. La batterie rechargeable interne peut \u00eatre facilement recharg\u00e9e en connectant le c\u00e2ble USB fourni \u00e0 votre ordinateur portable ou au chargeur de t\u00e9l\u00e9phone.\u00a0<\/p>\n<p>Les lumi\u00e8res LED du jour lumineux permettent de reproduire fid\u00e8lement les couleurs.\u00a0IRC 95+ pour une perception pr\u00e9cise des couleurs \u00e0 toute heure du jour ou de la nuit.<\/p>\n<p>Gardez-la \u00e0 port\u00e9e de main lorsque vous rendez visite \u00e0 des clients ou dans votre atelier d\u00e9 d&rsquo;esth\u00e9tique. Emportez ce compagnon cr\u00e9atif partout avec vous !<\/p>\n<p>Utilisation id\u00e9ale : Luminoth\u00e9rapie, t\u00e2ches quotidiennes, lecture, traitements esth\u00e9tiques, manucures<\/p>\n<\/div>\n<\/div>\n<div class=\"tab js-tab\">\n<h3 class=\"tab-title pdp-tabs_title js-tab-mobile-title\"><span>Mode d&#8217;emploi<\/span><\/h3>\n<div class=\"tab-description pdp-tabs_description js-tab-description\">INSTALLATION ET FONCTIONNEMENT<br \/>1. Veuillez enlever l\u2019emballage et toute protection se trouvant autour de la lampe.<br \/>2. LA LAMPE DOIT \u00caTRE COMPL\u00c8TEMENT CHARG\u00c9E AVANT LA PREMI\u00c8RE UTILISATION &#8211; Pour charger la batterie au lithium interne, connectez le c\u00e2ble USB fourni \u00e0 l\u2019arri\u00e8re de la lampe et \u00e0 une sortie USB appropri\u00e9e (ordinateur portable, ordinateur de bureau ou chargeur de t\u00e9l\u00e9phone USB).<br \/>3. Les voyants bleus (B) \u00e0 l\u2019avant de la lampe clignotent, indiquant que la batterie au lithium interne est en cours de chargement. Lorsque les 4 voyants sont allum\u00e9s, la batterie est compl\u00e8tement charg\u00e9e (cela prendra environ 7 \u00e0 8 heures \u00e0 partir d\u2019une batterie compl\u00e8tement d\u00e9charg\u00e9e). Pendant le chargement de la batterie, la lampe peut \u00eatre allum\u00e9e.<br \/>4. Allumez en touchant le bouton (A) \u00e0 l\u2019avant de la lampe. La lampe s\u2019allumera au niveau de luminosit\u00e9 le plus bas. Appuyez \u00e0 nouveau pour les deuxi\u00e8me et troisi\u00e8me niveaux de luminosit\u00e9. Appuyez \u00e0 nouveau sur le bouton pour \u00e9teindre la lampe ou fermez simplement le clapet (les LED s\u2019\u00e9teignent automatiquement lorsque le clapet est ferm\u00e9).<br \/>5. La lampe peut \u00eatre allum\u00e9e en continu lorsqu\u2019elle est branch\u00e9e sur le c\u00e2ble USB. Pour utiliser la lampe \u00e0 partir de la batterie au lithium interne, d\u00e9branchez simplement le c\u00e2ble USB de la lampe. REMARQUE: SI LA LAMPE NE SERA PAS UTILIS\u00c9E PENDANT DES P\u00c9RIODES PROLONG\u00c9ES, D\u00c9BRANCHEZ LE C\u00c2BLE USB.<\/p>\n<p>ATTENTION : NE REGARDEZ JAMAIS DIRECTEMENT LA LUMI\u00c8RE DES LED.<\/p>\n<p>NETTOYAGE<br \/>AVANT TOUT NETTOYAGE, ASSUREZ-VOUS QUE LA LAMPE EST D\u00c9BRANCH\u00c9E.<br \/>Si la lampe est sale, essuyez-la \u00e0 l\u2019aide d\u2019un chiffon humide. N\u2019utilisez pas de spray ou une quantit\u00e9 d\u2019eau importante pour \u00e9viter de provoquer un court-circuit.<\/p>\n<p>ENTRETIEN<br \/>La lampe ne n\u00e9cessite aucun entretien. Les LED et la batterie au lithium interne ne peuvent pas \u00eatre remplac\u00e9es par l\u2019utilisateur ou par un r\u00e9parateur, car elles sont con\u00e7ues pour durer aussi longtemps que le produit lui-m\u00eame.<\/div>\n<\/div>\n<div class=\"tab js-tab\">\n<h3 class=\"tab-title pdp-tabs_title js-tab-mobile-title\"><span>Livraison et stock<\/span><\/h3>\n<div class=\"tab-description pdp-tabs_description js-tab-description\">\n<div class=\"pdp-delivery_info\">\n<div class=\"content-asset\">Livraison et d\u00e9laisRetours et remboursements<\/div>\n<\/div>\n<\/div>\n<\/div>\n<div class=\"tab js-tab\">\n<h3 class=\"tab-title pdp-tabs_title js-tab-mobile-title\"><span>Pr\u00e9cautions d&#8217;emploi<\/span><\/h3>\n<div class=\"tab-description pdp-tabs_description js-tab-description\">POUR UNE UTILISATION EN INT\u00c9RIEUR UNIQUEMENT.<br \/>ATTENTION : NE REGARDEZ JAMAIS DIRECTEMENT LA LUMI\u00c8RE DES LED.<br \/>ATTENTION : Si vous constatez que le cordon \u00e9lectrique de la lampe est endommag\u00e9, faites-le remplacer par un \u00e9lectricien qualifi\u00e9 afin d\u2019\u00e9viter tout accident.<br \/>EN CAS DE DOUTE, VEUILLEZ CONSULTER UN \u00c9LECTRICIEN QUALIFI\u00c9.<\/div>\n<\/div>\n<\/div>\n<\/div>\n<\/div>\n","protected":false},"excerpt":{"rendered":"<p>Points cl\u00e9s L\u00e9g\u00e8re et portable Design \u00e9l\u00e9gant et esth\u00e9tique Variateur d&rsquo;intensit\u00e9 \u00e0 3 niveaux Rechargeable,&hellip;<\/p>\n","protected":false},"featured_media":17754,"comment_status":"open","ping_status":"closed","template":"","meta":[],"pwb-brand":[702],"product_cat":[557],"product_tag":[200,540,168],"class_list":{"0":"post-28674","1":"product","2":"type-product","3":"status-publish","4":"has-post-thumbnail","6":"pwb-brand-daylight","7":"product_cat-coiffure-et-beaute-a-domicile","8":"product_tag-coiffure-et-beaute-a-domicile","9":"product_tag-daylight","10":"product_tag-equipement-de-salon","12":"first","13":"instock","14":"taxable","15":"shipping-taxable","16":"purchasable","17":"product-type-simple","18":"layout-style-3","19":"col-md-4 col-sm-4 col-xs-6","20":"col-lg-3","21":"product-has-gallery","22":"product-style-default"},"aioseo_notices":[],"brands":[{"id":702,"name":"Daylight","slug":"daylight"}],"_links":{"self":[{"href":"https:\/\/cheveuxluxe.com\/index.php\/wp-json\/wp\/v2\/product\/28674","targetHints":{"allow":["GET"]}}],"collection":[{"href":"https:\/\/cheveuxluxe.com\/index.php\/wp-json\/wp\/v2\/product"}],"about":[{"href":"https:\/\/cheveuxluxe.com\/index.php\/wp-json\/wp\/v2\/types\/product"}],"replies":[{"embeddable":true,"href":"https:\/\/cheveuxluxe.com\/index.php\/wp-json\/wp\/v2\/comments?post=28674"}],"version-history":[{"count":0,"href":"https:\/\/cheveuxluxe.com\/index.php\/wp-json\/wp\/v2\/product\/28674\/revisions"}],"wp:featuredmedia":[{"embeddable":true,"href":"https:\/\/cheveuxluxe.com\/index.php\/wp-json\/wp\/v2\/media\/17754"}],"wp:attachment":[{"href":"https:\/\/cheveuxluxe.com\/index.php\/wp-json\/wp\/v2\/media?parent=28674"}],"wp:term":[{"taxonomy":"pwb-brand","embeddable":true,"href":"https:\/\/cheveuxluxe.com\/index.php\/wp-json\/wp\/v2\/pwb-brand?post=28674"},{"taxonomy":"product_cat","embeddable":true,"href":"https:\/\/cheveuxluxe.com\/index.php\/wp-json\/wp\/v2\/product_cat?post=28674"},{"taxonomy":"product_tag","embeddable":true,"href":"https:\/\/cheveuxluxe.com\/index.php\/wp-json\/wp\/v2\/product_tag?post=28674"}],"curies":[{"name":"wp","href":"https:\/\/api.w.org\/{rel}","templated":true}]}}