{"id":28675,"date":"2024-04-09T21:33:58","date_gmt":"2024-04-09T21:33:58","guid":{"rendered":"https:\/\/cheveuxluxe.com\/index.php\/product\/daylight-lampe-anneau-lumineux-aura\/"},"modified":"2024-04-13T13:53:25","modified_gmt":"2024-04-13T13:53:25","slug":"daylight-lampe-anneau-lumineux-aura","status":"publish","type":"product","link":"https:\/\/cheveuxluxe.com\/index.php\/product\/daylight-lampe-anneau-lumineux-aura\/","title":{"rendered":"Daylight Lampe Anneau Lumineux Aura"},"content":{"rendered":"<div class=\"product-content_bottom\">\n<div class=\"pdp-info\">\n<div class=\"pdp-tabs tab-container\">\n<div class=\"tab js-tab\">\n<h3 class=\"tab-title pdp-tabs_title js-tab-mobile-title open\"><span>Points cl\u00e9s<\/span><\/h3>\n<div class=\"tab-description pdp-tabs_description js-tab-description open\" itemprop=\"description\">\n<ul>\n<li>Lampe photo id\u00e9ale pour les photos et vid\u00e9os d\u00e9di\u00e9es aux r\u00e9seaux<\/li>\n<li>Les LED qui produisent une lumi\u00e8re plus douce et non \u00e9blouissante<\/li>\n<li>Support amovible pour t\u00e9l\u00e9phone portable avec port USB<\/li>\n<li>Interrupteur \u00e0 gradation continue pour une intensit\u00e9 lumineuse enti\u00e8rement variable<\/li>\n<li>Un IRC de 90+ pour un rendu parfait des tons de la peau<\/li>\n<\/ul>\n<\/div>\n<\/div>\n<div class=\"tab js-tab\">\n<h3 class=\"tab-title pdp-tabs_title js-tab-mobile-title\"><span>Description<\/span><\/h3>\n<div class=\"tab-description pdp-tabs_description js-tab-description\" itemprop=\"description\">\n<p>Indispendable pour les\u00a0esth\u00e9ticiennes mobiles, les photographes et influenceurs, cette lampe avec anneau lumineux Daylight Aura offre une diffusion uniforme de la lumi\u00e8re pour une image sans ombrages ind\u00e9sir\u00e9s. Son IRC \u00e9lev\u00e9 (90+) vous permet de voir les couleurs exactes, ce qui vous permet une excellente pr\u00e9cision lors de l&rsquo;application du maquillage sur vos clients ou sur vous-m\u00eame.<\/p>\n<p>Confortable pour vos yeux et ceux des clients(e)s, les ampoules LED ont une dur\u00e9e de vie de 50 000 heures pour une lumi\u00e8re douce, ajustable et uniforme. Utilisez le gradateur pour obtenir votre intensit\u00e9 d\u00e9sir\u00e9e. Pour une simulation parfaite de la lumi\u00e8re du jour en lumi\u00e8re blanche (6\u00a0000\u00a0K). La lampe se tient sur un support t\u00e9lescopique \u00e9quip\u00e9 d&rsquo;un support pour votre t\u00e9l\u00e9phone ainsi qu&rsquo;un port USB pour charger votre t\u00e9l\u00e9phone. Le support t\u00e9l\u00e9scopique est aussi ajustable, pour obtenir la hauteur n\u00e9c\u00e9ssaire.<\/p>\n<p>Daylight Aura est la lampe id\u00e9ale pour filmer ou pour photographier. L&rsquo;assemblage de la lampe est facile, s\u00fbre et stable tout en restant facile \u00e0 transporter. Le sac de transport est inclus. Dot\u00e9e d\u2019un support t\u00e9lescopique en aluminium enti\u00e8rement compactable et extensible, cette lampe annulaire r\u00e9glable peut facilement \u00eatre adapt\u00e9e \u00e0 vos besoins et \u00e0 ceux de votre client.<\/p>\n<p>\u00a0<\/p>\n<p>Cette lampe est \u00e9galement id\u00e9ale pour :<\/p>\n<ul>\n<li>\u00c9clairage moderne dans un institut de coiffure ou de beaut\u00e9<\/li>\n<li>\u00c9clairage des \u00e9tablis et ateliers<\/li>\n<li>Dans le cadre d\u2019un bureau \u00e0 domicile lors d\u2019une vid\u00e9oconf\u00e9rence<\/li>\n<li>\u00c9clairage d&rsquo;un chevalet<\/li>\n<\/ul>\n<p>\u00a0<\/p>\n<p>Dimensions :\u00a0<\/p>\n<ul>\n<li>Hauteur\u00a0: 155\u00a0cm.<\/li>\n<li>Base\u00a0: 61cm.<\/li>\n<li>Lumi\u00e8re\u00a0: 35,5\u00a0cm.<\/li>\n<li>Poids\u00a0: 2,6\u00a0kg<\/li>\n<\/ul>\n<\/div>\n<\/div>\n<div class=\"tab js-tab\">\n<h3 class=\"tab-title pdp-tabs_title js-tab-mobile-title\"><span>Livraison et stock<\/span><\/h3>\n<div class=\"tab-description pdp-tabs_description js-tab-description\">\n<div class=\"pdp-delivery_info\">\n<div class=\"content-asset\">Livraison et d\u00e9laisRetours et remboursements<\/div>\n<\/div>\n<\/div>\n<\/div>\n<\/div>\n<\/div>\n<\/div>\n","protected":false},"excerpt":{"rendered":"<p>Points cl\u00e9s Lampe photo id\u00e9ale pour les photos et vid\u00e9os d\u00e9di\u00e9es aux r\u00e9seaux Les LED&hellip;<\/p>\n","protected":false},"featured_media":17708,"comment_status":"open","ping_status":"closed","template":"","meta":[],"pwb-brand":[702],"product_cat":[557],"product_tag":[200,540,168],"class_list":{"0":"post-28675","1":"product","2":"type-product","3":"status-publish","4":"has-post-thumbnail","6":"pwb-brand-daylight","7":"product_cat-coiffure-et-beaute-a-domicile","8":"product_tag-coiffure-et-beaute-a-domicile","9":"product_tag-daylight","10":"product_tag-equipement-de-salon","12":"first","13":"instock","14":"taxable","15":"shipping-taxable","16":"purchasable","17":"product-type-simple","18":"layout-style-3","19":"col-md-4 col-sm-4 col-xs-6","20":"col-lg-3","21":"product-has-gallery","22":"product-style-default"},"aioseo_notices":[],"brands":[{"id":702,"name":"Daylight","slug":"daylight"}],"_links":{"self":[{"href":"https:\/\/cheveuxluxe.com\/index.php\/wp-json\/wp\/v2\/product\/28675","targetHints":{"allow":["GET"]}}],"collection":[{"href":"https:\/\/cheveuxluxe.com\/index.php\/wp-json\/wp\/v2\/product"}],"about":[{"href":"https:\/\/cheveuxluxe.com\/index.php\/wp-json\/wp\/v2\/types\/product"}],"replies":[{"embeddable":true,"href":"https:\/\/cheveuxluxe.com\/index.php\/wp-json\/wp\/v2\/comments?post=28675"}],"version-history":[{"count":0,"href":"https:\/\/cheveuxluxe.com\/index.php\/wp-json\/wp\/v2\/product\/28675\/revisions"}],"wp:featuredmedia":[{"embeddable":true,"href":"https:\/\/cheveuxluxe.com\/index.php\/wp-json\/wp\/v2\/media\/17708"}],"wp:attachment":[{"href":"https:\/\/cheveuxluxe.com\/index.php\/wp-json\/wp\/v2\/media?parent=28675"}],"wp:term":[{"taxonomy":"pwb-brand","embeddable":true,"href":"https:\/\/cheveuxluxe.com\/index.php\/wp-json\/wp\/v2\/pwb-brand?post=28675"},{"taxonomy":"product_cat","embeddable":true,"href":"https:\/\/cheveuxluxe.com\/index.php\/wp-json\/wp\/v2\/product_cat?post=28675"},{"taxonomy":"product_tag","embeddable":true,"href":"https:\/\/cheveuxluxe.com\/index.php\/wp-json\/wp\/v2\/product_tag?post=28675"}],"curies":[{"name":"wp","href":"https:\/\/api.w.org\/{rel}","templated":true}]}}