{"id":28696,"date":"2024-04-09T21:34:28","date_gmt":"2024-04-09T21:34:28","guid":{"rendered":"https:\/\/cheveuxluxe.com\/index.php\/product\/sibel-etui-boy-5-croco-noir\/"},"modified":"2024-04-13T13:52:11","modified_gmt":"2024-04-13T13:52:11","slug":"sibel-etui-boy-5-croco-noir","status":"publish","type":"product","link":"https:\/\/cheveuxluxe.com\/index.php\/product\/sibel-etui-boy-5-croco-noir\/","title":{"rendered":"Sibel \u00c9tui Boy 5 Croco Noir"},"content":{"rendered":"<div class=\"product-content_bottom\">\n<div class=\"pdp-info\">\n<div class=\"pdp-tabs tab-container\">\n<div class=\"tab js-tab\">\n<h3 class=\"tab-title pdp-tabs_title js-tab-mobile-title open\"><span>Points cl\u00e9s<\/span><\/h3>\n<div class=\"tab-description pdp-tabs_description js-tab-description open\" itemprop=\"description\">\n<ul>\n<li> \u00c9tui \u00e0 ciseaux<\/li>\n<li>Rangement<\/li>\n<li>Pochette de ceinture<\/li>\n<li>Trousse de coiffeur<\/li>\n<li>Ajustable <\/li>\n<\/ul>\n<\/div>\n<\/div>\n<div class=\"tab js-tab\">\n<h3 class=\"tab-title pdp-tabs_title js-tab-mobile-title\"><span>Description<\/span><\/h3>\n<div class=\"tab-description pdp-tabs_description js-tab-description\" itemprop=\"description\">Gr\u00e2ce \u00e0 l\u2019\u00e9tui Boy 5 Croco Noir de Sibel, ayez vos fournitures \u00e0 port\u00e9e de main \u00e0 chaque instant. Contenant jusqu\u2019\u00e0 5 paires de ciseaux, il peut \u00e9galement accueillir d\u2019autres ustensiles que vous rangerez dans l\u2019un de ses compartiments. Avec ses dimensions de 20&#215;13 cm, il est \u00e0 la fois compact et spacieux.Tr\u00e8s pratique et r\u00e9sistant, l\u2019\u00e9tui s\u2019adapte \u00e0 toutes les morphologies gr\u00e2ce \u00e0 sa ceinture r\u00e9glable. Il contient et pr\u00e9serve votre mat\u00e9riel lorsque vous \u00eates au salon, en d\u00e9fil\u00e9 ou bien chez un client. Vous pouvez vous concentrer sur les coiffures \u00e0 r\u00e9aliser sans craindre de perdre ou d\u2019ab\u00eemer votre \u00e9quipement.Avec son design contemporain et \u00e9l\u00e9gant, l\u2019\u00e9tui Boy 5 Croco Noir de Sibel plait pour sa fiabilit\u00e9 autant que pour son allure chic. Les finitions en peau de crocodile font tout le charme de cette pochette.<\/div>\n<\/div>\n<div class=\"tab js-tab\">\n<h3 class=\"tab-title pdp-tabs_title js-tab-mobile-title\"><span>Mode d&#8217;emploi<\/span><\/h3>\n<div class=\"tab-description pdp-tabs_description js-tab-description\">Rangez vos diff\u00e9rentes paires de ciseaux et ustensiles dans votre \u00e9tui Boy 5 Croco Noir de Sibel.Accrochez-le \u00e0 votre taille en ajustant la ceinture.D\u00e9placez-vous avec l\u2019ensemble de votre mat\u00e9riel en vous \u00e9quipant avec l\u2019\u00e9tui ceinture Practical. Plus sobre, ce dernier peut aussi contenir brosses et \u00e9pingles gr\u00e2ce \u00e0 ses nombreux compartiments.<\/div>\n<\/div>\n<div class=\"tab js-tab\">\n<h3 class=\"tab-title pdp-tabs_title js-tab-mobile-title\"><span>Livraison et stock<\/span><\/h3>\n<div class=\"tab-description pdp-tabs_description js-tab-description\">\n<div class=\"pdp-delivery_info\">\n<div class=\"content-asset\">Livraison et d\u00e9laisRetours et remboursements<\/div>\n<\/div>\n<\/div>\n<\/div>\n<\/div>\n<\/div>\n<\/div>\n","protected":false},"excerpt":{"rendered":"<p>Points cl\u00e9s \u00c9tui \u00e0 ciseaux Rangement Pochette de ceinture Trousse de coiffeur Ajustable Description Gr\u00e2ce&hellip;<\/p>\n","protected":false},"featured_media":17334,"comment_status":"open","ping_status":"closed","template":"","meta":[],"pwb-brand":[652],"product_cat":[541],"product_tag":[168,542,342],"class_list":{"0":"post-28696","1":"product","2":"type-product","3":"status-publish","4":"has-post-thumbnail","6":"pwb-brand-sibel","7":"product_cat-sacs-et-valise","8":"product_tag-equipement-de-salon","9":"product_tag-sacs-et-valise","10":"product_tag-sibel","12":"first","13":"instock","14":"taxable","15":"shipping-taxable","16":"purchasable","17":"product-type-simple","18":"layout-style-3","19":"col-md-4 col-sm-4 col-xs-6","20":"col-lg-3","21":"product-style-default"},"aioseo_notices":[],"brands":[{"id":652,"name":"Sibel","slug":"sibel"}],"_links":{"self":[{"href":"https:\/\/cheveuxluxe.com\/index.php\/wp-json\/wp\/v2\/product\/28696","targetHints":{"allow":["GET"]}}],"collection":[{"href":"https:\/\/cheveuxluxe.com\/index.php\/wp-json\/wp\/v2\/product"}],"about":[{"href":"https:\/\/cheveuxluxe.com\/index.php\/wp-json\/wp\/v2\/types\/product"}],"replies":[{"embeddable":true,"href":"https:\/\/cheveuxluxe.com\/index.php\/wp-json\/wp\/v2\/comments?post=28696"}],"version-history":[{"count":0,"href":"https:\/\/cheveuxluxe.com\/index.php\/wp-json\/wp\/v2\/product\/28696\/revisions"}],"wp:featuredmedia":[{"embeddable":true,"href":"https:\/\/cheveuxluxe.com\/index.php\/wp-json\/wp\/v2\/media\/17334"}],"wp:attachment":[{"href":"https:\/\/cheveuxluxe.com\/index.php\/wp-json\/wp\/v2\/media?parent=28696"}],"wp:term":[{"taxonomy":"pwb-brand","embeddable":true,"href":"https:\/\/cheveuxluxe.com\/index.php\/wp-json\/wp\/v2\/pwb-brand?post=28696"},{"taxonomy":"product_cat","embeddable":true,"href":"https:\/\/cheveuxluxe.com\/index.php\/wp-json\/wp\/v2\/product_cat?post=28696"},{"taxonomy":"product_tag","embeddable":true,"href":"https:\/\/cheveuxluxe.com\/index.php\/wp-json\/wp\/v2\/product_tag?post=28696"}],"curies":[{"name":"wp","href":"https:\/\/api.w.org\/{rel}","templated":true}]}}