{"id":28723,"date":"2024-04-09T21:35:10","date_gmt":"2024-04-09T21:35:10","guid":{"rendered":"https:\/\/cheveuxluxe.com\/index.php\/product\/s-pro-pinces-separe-meches-forte-11cm-6pcs\/"},"modified":"2024-04-13T13:52:36","modified_gmt":"2024-04-13T13:52:36","slug":"s-pro-pinces-separe-meches-forte-11cm-6pcs","status":"publish","type":"product","link":"https:\/\/cheveuxluxe.com\/index.php\/product\/s-pro-pinces-separe-meches-forte-11cm-6pcs\/","title":{"rendered":"S-PRO Pinces s\u00e9pare-m\u00e8ches forte 11cm &#8211; 6pcs"},"content":{"rendered":"<div class=\"product-content_bottom\">\n<div class=\"pdp-info\">\n<div class=\"pdp-tabs tab-container\">\n<div class=\"tab js-tab\">\n<h3 class=\"tab-title pdp-tabs_title js-tab-mobile-title open\"><span>Points cl\u00e9s<\/span><\/h3>\n<div class=\"tab-description pdp-tabs_description js-tab-description open\" itemprop=\"description\">\n<ul>\n<li> Maintien puissant <\/li>\n<li>Cheveux lourds et \u00e9pais <\/li>\n<li>Larges sections<\/li>\n<li>Une seule pince suffit <\/li>\n<\/ul>\n<\/div>\n<\/div>\n<div class=\"tab js-tab\">\n<h3 class=\"tab-title pdp-tabs_title js-tab-mobile-title\"><span>Description<\/span><\/h3>\n<div class=\"tab-description pdp-tabs_description js-tab-description\" itemprop=\"description\">Bien au fait des besoins des professionnels, Sibel\u00ae a mis au point ces pinces s\u00e9pare-m\u00e8ches super puissantes, id\u00e9ales pour une utilisation sur les cheveux lourds et \u00e9pais. Avec cet accessoire, fini le casse-t\u00eate des pinces trop nombreuses ou des m\u00e8ches qui se rebellent : une seule pince suffit pour maintenir les cheveux en place. Gr\u00e2ce \u00e0 son mors articul\u00e9 innovant, cette pince fixe les m\u00e8ches en un seul geste.<br \/>Vous souhaitez ma\u00eetriser diff\u00e9rentes tailles de section de cheveux ?<br \/>Les pinces Sibel\u00ae aussi ! Choisissez leur longueur en fonction de la chevelure de votre client : strong 9 cm, strong 11cm, et xxl 13 cm.<\/div>\n<\/div>\n<div class=\"tab js-tab\">\n<h3 class=\"tab-title pdp-tabs_title js-tab-mobile-title\"><span>Mode d&#8217;emploi<\/span><\/h3>\n<div class=\"tab-description pdp-tabs_description js-tab-description\">Cette pince est id\u00e9ale pour les chevelures \u00e9paisses. Gr\u00e2ce \u00e0 cet accessoire, ma\u00eetrisez les cheveux lourds et \u00e9pais et travaillez avec pr\u00e9cision lors de vos couleurs ou de vos brushings !<\/div>\n<\/div>\n<div class=\"tab js-tab\">\n<h3 class=\"tab-title pdp-tabs_title js-tab-mobile-title\"><span>Livraison et stock<\/span><\/h3>\n<div class=\"tab-description pdp-tabs_description js-tab-description\">\n<div class=\"pdp-delivery_info\">\n<div class=\"content-asset\">Livraison et d\u00e9laisRetours et remboursements<\/div>\n<\/div>\n<\/div>\n<\/div>\n<\/div>\n<\/div>\n<\/div>\n","protected":false},"excerpt":{"rendered":"<p>Points cl\u00e9s Maintien puissant Cheveux lourds et \u00e9pais Larges sections Une seule pince suffit Description&hellip;<\/p>\n","protected":false},"featured_media":28721,"comment_status":"open","ping_status":"closed","template":"","meta":[],"pwb-brand":[653],"product_cat":[550],"product_tag":[170,168,347],"class_list":{"0":"post-28723","1":"product","2":"type-product","3":"status-publish","4":"has-post-thumbnail","6":"pwb-brand-s-pro","7":"product_cat-accessoires-de-coiffure","8":"product_tag-accessoires-de-coiffure","9":"product_tag-equipement-de-salon","10":"product_tag-s-pro","12":"first","13":"instock","14":"taxable","15":"shipping-taxable","16":"purchasable","17":"product-type-simple","18":"layout-style-3","19":"col-md-4 col-sm-4 col-xs-6","20":"col-lg-3","21":"product-has-gallery","22":"product-style-default"},"aioseo_notices":[],"brands":[{"id":653,"name":"S-PRO","slug":"s-pro"}],"_links":{"self":[{"href":"https:\/\/cheveuxluxe.com\/index.php\/wp-json\/wp\/v2\/product\/28723","targetHints":{"allow":["GET"]}}],"collection":[{"href":"https:\/\/cheveuxluxe.com\/index.php\/wp-json\/wp\/v2\/product"}],"about":[{"href":"https:\/\/cheveuxluxe.com\/index.php\/wp-json\/wp\/v2\/types\/product"}],"replies":[{"embeddable":true,"href":"https:\/\/cheveuxluxe.com\/index.php\/wp-json\/wp\/v2\/comments?post=28723"}],"version-history":[{"count":0,"href":"https:\/\/cheveuxluxe.com\/index.php\/wp-json\/wp\/v2\/product\/28723\/revisions"}],"wp:featuredmedia":[{"embeddable":true,"href":"https:\/\/cheveuxluxe.com\/index.php\/wp-json\/wp\/v2\/media\/28721"}],"wp:attachment":[{"href":"https:\/\/cheveuxluxe.com\/index.php\/wp-json\/wp\/v2\/media?parent=28723"}],"wp:term":[{"taxonomy":"pwb-brand","embeddable":true,"href":"https:\/\/cheveuxluxe.com\/index.php\/wp-json\/wp\/v2\/pwb-brand?post=28723"},{"taxonomy":"product_cat","embeddable":true,"href":"https:\/\/cheveuxluxe.com\/index.php\/wp-json\/wp\/v2\/product_cat?post=28723"},{"taxonomy":"product_tag","embeddable":true,"href":"https:\/\/cheveuxluxe.com\/index.php\/wp-json\/wp\/v2\/product_tag?post=28723"}],"curies":[{"name":"wp","href":"https:\/\/api.w.org\/{rel}","templated":true}]}}