{"id":28732,"date":"2024-04-09T21:35:39","date_gmt":"2024-04-09T21:35:39","guid":{"rendered":"https:\/\/cheveuxluxe.com\/index.php\/product\/sibel-elastiques-plats-pour-bigoudis-a-permanente-73mm-x50\/"},"modified":"2024-04-13T13:52:42","modified_gmt":"2024-04-13T13:52:42","slug":"sibel-elastiques-plats-pour-bigoudis-a-permanente-73mm-x50","status":"publish","type":"product","link":"https:\/\/cheveuxluxe.com\/index.php\/product\/sibel-elastiques-plats-pour-bigoudis-a-permanente-73mm-x50\/","title":{"rendered":"Sibel \u00c9lastiques Plats pour Bigoudis \u00e0 Permanente 73mm x50"},"content":{"rendered":"<div class=\"product-content_bottom\">\n<div class=\"pdp-info\">\n<div class=\"pdp-tabs tab-container\">\n<div class=\"tab js-tab\">\n<h3 class=\"tab-title pdp-tabs_title js-tab-mobile-title open\"><span>Points cl\u00e9s<\/span><\/h3>\n<div class=\"tab-description pdp-tabs_description js-tab-description open\" itemprop=\"description\">\n<ul>\n<li> \u00c9lastiques plats<\/li>\n<li>Accessoire de remplacement<\/li>\n<li>R\u00e9sistant<\/li>\n<li>Durable<\/li>\n<li>Permanente <\/li>\n<\/ul>\n<\/div>\n<\/div>\n<div class=\"tab js-tab\">\n<h3 class=\"tab-title pdp-tabs_title js-tab-mobile-title\"><span>Description<\/span><\/h3>\n<div class=\"tab-description pdp-tabs_description js-tab-description\" itemprop=\"description\">Le lot de 50 \u00e9lastiques Plats pour Bigoudis \u00e0 permanente de Sibel est id\u00e9al pour avoir toujours en r\u00e9serve des \u00e9lastiques compatibles avec les bigoudis Classic et Tradition de la marque. Ces \u00e9lastiques sont constitu\u00e9s d\u2019une bande principale et de deux extr\u00e9mit\u00e9s\u00a0: une extr\u00e9mit\u00e9 arrondie avec un trou pour attache et une extr\u00e9mit\u00e9 rectangulaire avec deux trous d\u2019attache. Ces \u00e9lastiques sont d\u2019une longueur de 90 mm.La conception solide et durable de ces \u00e9lastiques les rend r\u00e9sistants \u00e0 de nombreuses permanentes. Le lot de 50 \u00e9lastiques permet d\u2019en avoir toujours suffisamment \u00e0 disposition pour les remplacer en cas de besoin.Les bigoudis et accessoires de frisage Sibel sont des produits de qualit\u00e9 sp\u00e9cialement con\u00e7us pour une utilisation professionnelle. Ils r\u00e9pondent \u00e0 des exigences d\u2019efficacit\u00e9 et de confort d\u2019utilisation. Les bigoudis Tradition font partie de l\u2019\u00e9quipement de base cr\u00e9\u00e9 par la marque pour r\u00e9aliser des permanentes au rendu naturel.<\/div>\n<\/div>\n<div class=\"tab js-tab\">\n<h3 class=\"tab-title pdp-tabs_title js-tab-mobile-title\"><span>Mode d&#8217;emploi<\/span><\/h3>\n<div class=\"tab-description pdp-tabs_description js-tab-description\">Utilisez un \u00e9lastique plat de Sibel par bigoudi \u00e0 permanente.<\/div>\n<\/div>\n<div class=\"tab js-tab\">\n<h3 class=\"tab-title pdp-tabs_title js-tab-mobile-title\"><span>Livraison et stock<\/span><\/h3>\n<div class=\"tab-description pdp-tabs_description js-tab-description\">\n<div class=\"pdp-delivery_info\">\n<div class=\"content-asset\">Livraison et d\u00e9laisRetours et remboursements<\/div>\n<\/div>\n<\/div>\n<\/div>\n<\/div>\n<\/div>\n<\/div>\n","protected":false},"excerpt":{"rendered":"<p>Points cl\u00e9s \u00c9lastiques plats Accessoire de remplacement R\u00e9sistant Durable Permanente Description Le lot de 50&hellip;<\/p>\n","protected":false},"featured_media":17196,"comment_status":"open","ping_status":"closed","template":"","meta":[],"pwb-brand":[652],"product_cat":[550],"product_tag":[170,168,342],"class_list":{"0":"post-28732","1":"product","2":"type-product","3":"status-publish","4":"has-post-thumbnail","6":"pwb-brand-sibel","7":"product_cat-accessoires-de-coiffure","8":"product_tag-accessoires-de-coiffure","9":"product_tag-equipement-de-salon","10":"product_tag-sibel","12":"first","13":"instock","14":"taxable","15":"shipping-taxable","16":"purchasable","17":"product-type-simple","18":"layout-style-3","19":"col-md-4 col-sm-4 col-xs-6","20":"col-lg-3","21":"product-style-default"},"aioseo_notices":[],"brands":[{"id":652,"name":"Sibel","slug":"sibel"}],"_links":{"self":[{"href":"https:\/\/cheveuxluxe.com\/index.php\/wp-json\/wp\/v2\/product\/28732","targetHints":{"allow":["GET"]}}],"collection":[{"href":"https:\/\/cheveuxluxe.com\/index.php\/wp-json\/wp\/v2\/product"}],"about":[{"href":"https:\/\/cheveuxluxe.com\/index.php\/wp-json\/wp\/v2\/types\/product"}],"replies":[{"embeddable":true,"href":"https:\/\/cheveuxluxe.com\/index.php\/wp-json\/wp\/v2\/comments?post=28732"}],"version-history":[{"count":0,"href":"https:\/\/cheveuxluxe.com\/index.php\/wp-json\/wp\/v2\/product\/28732\/revisions"}],"wp:featuredmedia":[{"embeddable":true,"href":"https:\/\/cheveuxluxe.com\/index.php\/wp-json\/wp\/v2\/media\/17196"}],"wp:attachment":[{"href":"https:\/\/cheveuxluxe.com\/index.php\/wp-json\/wp\/v2\/media?parent=28732"}],"wp:term":[{"taxonomy":"pwb-brand","embeddable":true,"href":"https:\/\/cheveuxluxe.com\/index.php\/wp-json\/wp\/v2\/pwb-brand?post=28732"},{"taxonomy":"product_cat","embeddable":true,"href":"https:\/\/cheveuxluxe.com\/index.php\/wp-json\/wp\/v2\/product_cat?post=28732"},{"taxonomy":"product_tag","embeddable":true,"href":"https:\/\/cheveuxluxe.com\/index.php\/wp-json\/wp\/v2\/product_tag?post=28732"}],"curies":[{"name":"wp","href":"https:\/\/api.w.org\/{rel}","templated":true}]}}