{"id":28741,"date":"2024-04-09T21:36:10","date_gmt":"2024-04-09T21:36:10","guid":{"rendered":"https:\/\/cheveuxluxe.com\/index.php\/product\/clips-wildest-dreams-6pcs-noir\/"},"modified":"2024-04-13T14:15:48","modified_gmt":"2024-04-13T14:15:48","slug":"clips-wildest-dreams-6pcs-noir","status":"publish","type":"product","link":"https:\/\/cheveuxluxe.com\/index.php\/product\/clips-wildest-dreams-6pcs-noir\/","title":{"rendered":"Clips Wildest Dreams 6pcs Noir"},"content":{"rendered":"<div class=\"product-content_bottom\">\n<div class=\"pdp-info\">\n<div class=\"pdp-tabs tab-container\">\n<div class=\"tab js-tab\">\n<h3 class=\"tab-title pdp-tabs_title js-tab-mobile-title open\"><span>Points cl\u00e9s<\/span><\/h3>\n<div class=\"tab-description pdp-tabs_description js-tab-description open\" itemprop=\"description\">\n<ul>\n<li>Lot de 6 clips de trame noirs<\/li>\n<li>Taille: 32 mm<\/li>\n<li>Pour les extensions de cheveux et les trames de cheveux<\/li>\n<li>Mat\u00e9riaux: m\u00e9tal \/ silicone<\/li>\n<\/ul>\n<\/div>\n<\/div>\n<div class=\"tab js-tab\">\n<h3 class=\"tab-title pdp-tabs_title js-tab-mobile-title\"><span>Description<\/span><\/h3>\n<div class=\"tab-description pdp-tabs_description js-tab-description\" itemprop=\"description\">En forme de U, pour ne pas vous blesser ou vous poignarder le cuir chevelu<br \/>Avec une bande en caoutchouc qui offre un confort suppl\u00e9mentaire, de sorte qu&rsquo;il ne tire pas beaucoup sur vos cheveux et qu&rsquo;il reste en place<br \/>Color\u00e9s pour qu&rsquo;ils se fondent et ne ressortent pas \u00e0 travers un bonnet de perruque color\u00e9.<br \/>Ils sont faciles \u00e0 coudre et tiennent vraiment bien.<br \/>Une fois que vous les avez mis dans vos cheveux, ils ne sortiront pas \u00e0 moins que vous ne les coupiez<br \/>Un excellent outil pour l&rsquo;extension de cheveux!<\/div>\n<\/div>\n<div class=\"tab js-tab\">\n<h3 class=\"tab-title pdp-tabs_title js-tab-mobile-title\"><span>Mode d&#8217;emploi<\/span><\/h3>\n<div class=\"tab-description pdp-tabs_description js-tab-description\">Cousez les clips sur votre trame de cheveux en utilisant une aiguille et du fil. Cousez les clips \u00e0 travers les trous de chaque c\u00f4t\u00e9. Faites un n\u0153ud s\u00fbr de chaque c\u00f4t\u00e9 lorsque vous avez termin\u00e9.<\/div>\n<\/div>\n<div class=\"tab js-tab\">\n<h3 class=\"tab-title pdp-tabs_title js-tab-mobile-title\"><span>Ingr\u00e9dients<\/span><\/h3>\n<div class=\"tab-description pdp-tabs_description js-tab-description\">Clips en acier<br \/>Poign\u00e9e en caoutchouc<\/div>\n<\/div>\n<div class=\"tab js-tab\">\n<h3 class=\"tab-title pdp-tabs_title js-tab-mobile-title\"><span>Livraison et stock<\/span><\/h3>\n<div class=\"tab-description pdp-tabs_description js-tab-description\">\n<div class=\"pdp-delivery_info\">\n<div class=\"content-asset\">Livraison et d\u00e9laisRetours et remboursements<\/div>\n<\/div>\n<\/div>\n<\/div>\n<div class=\"tab js-tab\">\n<h3 class=\"tab-title pdp-tabs_title js-tab-mobile-title\"><span>Pr\u00e9cautions d&#8217;emploi<\/span><\/h3>\n<div class=\"tab-description pdp-tabs_description js-tab-description\">Ne pas utiliser par les personnes atteintes d&rsquo;alop\u00e9cie.<br \/>Tenir hors de port\u00e9e des enfants.<\/div>\n<\/div>\n<\/div>\n<\/div>\n<\/div>\n","protected":false},"excerpt":{"rendered":"<p>Points cl\u00e9s Lot de 6 clips de trame noirs Taille: 32 mm Pour les extensions&hellip;<\/p>\n","protected":false},"featured_media":15984,"comment_status":"open","ping_status":"closed","template":"","meta":[],"pwb-brand":[703],"product_cat":[602],"product_tag":[146,127,551],"class_list":{"0":"post-28741","1":"product","2":"type-product","3":"status-publish","4":"has-post-thumbnail","6":"pwb-brand-wildest-dreams","7":"product_cat-extensions-cheveux-perruques","8":"product_tag-extensions-cheveux-perruques","9":"product_tag-shampooing-et-coiffure","10":"product_tag-wildest-dreams","12":"first","13":"instock","14":"taxable","15":"shipping-taxable","16":"purchasable","17":"product-type-simple","18":"layout-style-3","19":"col-md-4 col-sm-4 col-xs-6","20":"col-lg-3","21":"product-style-default"},"aioseo_notices":[],"brands":[{"id":703,"name":"Wildest Dreams","slug":"wildest-dreams"}],"_links":{"self":[{"href":"https:\/\/cheveuxluxe.com\/index.php\/wp-json\/wp\/v2\/product\/28741","targetHints":{"allow":["GET"]}}],"collection":[{"href":"https:\/\/cheveuxluxe.com\/index.php\/wp-json\/wp\/v2\/product"}],"about":[{"href":"https:\/\/cheveuxluxe.com\/index.php\/wp-json\/wp\/v2\/types\/product"}],"replies":[{"embeddable":true,"href":"https:\/\/cheveuxluxe.com\/index.php\/wp-json\/wp\/v2\/comments?post=28741"}],"version-history":[{"count":0,"href":"https:\/\/cheveuxluxe.com\/index.php\/wp-json\/wp\/v2\/product\/28741\/revisions"}],"wp:featuredmedia":[{"embeddable":true,"href":"https:\/\/cheveuxluxe.com\/index.php\/wp-json\/wp\/v2\/media\/15984"}],"wp:attachment":[{"href":"https:\/\/cheveuxluxe.com\/index.php\/wp-json\/wp\/v2\/media?parent=28741"}],"wp:term":[{"taxonomy":"pwb-brand","embeddable":true,"href":"https:\/\/cheveuxluxe.com\/index.php\/wp-json\/wp\/v2\/pwb-brand?post=28741"},{"taxonomy":"product_cat","embeddable":true,"href":"https:\/\/cheveuxluxe.com\/index.php\/wp-json\/wp\/v2\/product_cat?post=28741"},{"taxonomy":"product_tag","embeddable":true,"href":"https:\/\/cheveuxluxe.com\/index.php\/wp-json\/wp\/v2\/product_tag?post=28741"}],"curies":[{"name":"wp","href":"https:\/\/api.w.org\/{rel}","templated":true}]}}