{"id":28775,"date":"2024-04-09T21:37:58","date_gmt":"2024-04-09T21:37:58","guid":{"rendered":"https:\/\/cheveuxluxe.com\/index.php\/product\/crewe-orlando-chauffe-serviettes-petit-noir\/"},"modified":"2024-04-13T13:53:53","modified_gmt":"2024-04-13T13:53:53","slug":"crewe-orlando-chauffe-serviettes-petit-noir","status":"publish","type":"product","link":"https:\/\/cheveuxluxe.com\/index.php\/product\/crewe-orlando-chauffe-serviettes-petit-noir\/","title":{"rendered":"Crewe Orlando Chauffe-serviettes &#8211; petit &#8211; noir"},"content":{"rendered":"<div class=\"product-content_bottom\">\n<div class=\"pdp-info\">\n<div class=\"pdp-tabs tab-container\">\n<div class=\"tab js-tab\">\n<h3 class=\"tab-title pdp-tabs_title js-tab-mobile-title open\"><span>Points cl\u00e9s<\/span><\/h3>\n<div class=\"tab-description pdp-tabs_description js-tab-description open\" itemprop=\"description\">\n<ul>\n<li>Interrupteurs de fonction s\u00e9par\u00e9s pour la chaleur et le st\u00e9rilisateur. Peuvent fonctionner en m\u00eame temps ou un \u00e0 la fois.<\/li>\n<li>Int\u00e9rieur en aluminium antirouille qui dure des ann\u00e9es.<\/li>\n<li>Double porte \u00e9tanche avec fermeture magn\u00e9tique pour minimiser les pertes de chaleur.<\/li>\n<li>Taille compacte.<\/li>\n<li>Plateau d&rsquo;\u00e9gouttage amovible.<\/li>\n<li>Syst\u00e8me de contr\u00f4le thermique automatique &#8211; maintient les serviettes \u00e0 une temp\u00e9rature parfaite pour le salon ou le coiffeur.<\/li>\n<li>Lampe UV int\u00e9gr\u00e9e qui g\u00e9n\u00e8re de l&rsquo;ozone pour st\u00e9riliser les serviettes et les outils.<\/li>\n<li>Dimensions int\u00e9rieures (cm) La. 26,7 x Lo. 19 x Ha. 14<\/li>\n<li>Dimensions ext\u00e9rieures (cm) La. 34,9 x Lo. 26,7 x Ha. 25,4<\/li>\n<\/ul>\n<\/div>\n<\/div>\n<div class=\"tab js-tab\">\n<h3 class=\"tab-title pdp-tabs_title js-tab-mobile-title\"><span>Description<\/span><\/h3>\n<div class=\"tab-description pdp-tabs_description js-tab-description\" itemprop=\"description\">Il s&rsquo;agit d&rsquo;un chauffe-serviettes et d&rsquo;un st\u00e9rilisateur UV de qualit\u00e9 sup\u00e9rieure.<br \/>Le chauffe-serviettes est \u00e9quip\u00e9 de 2 interrupteurs, ce qui permet de chauffer les serviettes ou de les st\u00e9riliser, ou les deux \u00e0 la fois.<br \/>Tr\u00e8s populaires dans les salons de coiffure et de beaut\u00e9 et chez les coiffeurs, ces chauffe-serviettes sont \u00e0 la fois l\u00e9gers et efficaces.<br \/>Le chauffe-serviettes UV est \u00e9quip\u00e9 d&rsquo;une lampe ultraviolette interne &#8211; id\u00e9ale pour st\u00e9riliser et tuer les micro-organismes sur les serviettes et les outils du salon.<\/div>\n<\/div>\n<div class=\"tab js-tab\">\n<h3 class=\"tab-title pdp-tabs_title js-tab-mobile-title\"><span>Mode d&#8217;emploi<\/span><\/h3>\n<div class=\"tab-description pdp-tabs_description js-tab-description\">1. Passez bri\u00e8vement les serviettes sous l&rsquo;eau.<br \/>2. Essorez l&rsquo;exc\u00e8s d&rsquo;eau des serviettes. Les serviettes doivent \u00eatre humides, pas tremp\u00e9es. Vous devrez peut-\u00eatre les essorer plusieurs fois.<br \/>3. Pliez ou roulez les serviettes et placez-les dans le panier m\u00e9tallique. Ne surchargez pas le panier et ne placez pas directement les serviettes dans le chauffe-serviettes.<br \/>4. Ins\u00e9rez le panier et les serviettes dans le chauffe-serviettes.<br \/>5. Fermez bien la porte.<br \/>6. Allumez le bouton HEAT. Le t\u00e9moin lumineux reste allum\u00e9 tant que le bouton est en position ON.<br \/>7. Allumez l&rsquo;interrupteur UV, la lampe t\u00e9moin UV reste allum\u00e9e tant que le bouton est en position \u00ab\u00a0ON\u00a0\u00bb.<\/div>\n<\/div>\n<div class=\"tab js-tab\">\n<h3 class=\"tab-title pdp-tabs_title js-tab-mobile-title\"><span>Livraison et stock<\/span><\/h3>\n<div class=\"tab-description pdp-tabs_description js-tab-description\">\n<div class=\"pdp-delivery_info\">\n<div class=\"content-asset\">Livraison et d\u00e9laisRetours et remboursements<\/div>\n<\/div>\n<\/div>\n<\/div>\n<div class=\"tab js-tab\">\n<h3 class=\"tab-title pdp-tabs_title js-tab-mobile-title\"><span>Pr\u00e9cautions d&#8217;emploi<\/span><\/h3>\n<div class=\"tab-description pdp-tabs_description js-tab-description\">Les surfaces internes, le panier m\u00e9tallique, les serviettes et la vapeur peuvent \u00eatre chauds.<br \/>Soyez extr\u00eamement prudent lorsque vous enlevez les serviettes ou le panier.<br \/>Utilisez toujours des gants ou des mitaines de protection r\u00e9sistants \u00e0 la chaleur pour \u00e9viter toute br\u00fblure provoqu\u00e9e par la vapeur ou autre.<br \/>Le non-respect des avertissements peut entra\u00eener des blessures ou des dommages corporels graves.<\/div>\n<\/div>\n<\/div>\n<\/div>\n<\/div>\n","protected":false},"excerpt":{"rendered":"<p>Points cl\u00e9s Interrupteurs de fonction s\u00e9par\u00e9s pour la chaleur et le st\u00e9rilisateur. Peuvent fonctionner en&hellip;<\/p>\n","protected":false},"featured_media":17715,"comment_status":"open","ping_status":"closed","template":"","meta":[],"pwb-brand":[645],"product_cat":[564],"product_tag":[558,168,565],"class_list":{"0":"post-28775","1":"product","2":"type-product","3":"status-publish","4":"has-post-thumbnail","6":"pwb-brand-crewe-orlando","7":"product_cat-serviettes-et-chauffe-serviettes","8":"product_tag-crewe-orlando","9":"product_tag-equipement-de-salon","10":"product_tag-serviettes-et-chauffe-serviettes","12":"first","13":"instock","14":"taxable","15":"shipping-taxable","16":"purchasable","17":"product-type-simple","18":"layout-style-3","19":"col-md-4 col-sm-4 col-xs-6","20":"col-lg-3","21":"product-style-default"},"aioseo_notices":[],"brands":[{"id":645,"name":"Crewe Orlando","slug":"crewe-orlando"}],"_links":{"self":[{"href":"https:\/\/cheveuxluxe.com\/index.php\/wp-json\/wp\/v2\/product\/28775","targetHints":{"allow":["GET"]}}],"collection":[{"href":"https:\/\/cheveuxluxe.com\/index.php\/wp-json\/wp\/v2\/product"}],"about":[{"href":"https:\/\/cheveuxluxe.com\/index.php\/wp-json\/wp\/v2\/types\/product"}],"replies":[{"embeddable":true,"href":"https:\/\/cheveuxluxe.com\/index.php\/wp-json\/wp\/v2\/comments?post=28775"}],"version-history":[{"count":0,"href":"https:\/\/cheveuxluxe.com\/index.php\/wp-json\/wp\/v2\/product\/28775\/revisions"}],"wp:featuredmedia":[{"embeddable":true,"href":"https:\/\/cheveuxluxe.com\/index.php\/wp-json\/wp\/v2\/media\/17715"}],"wp:attachment":[{"href":"https:\/\/cheveuxluxe.com\/index.php\/wp-json\/wp\/v2\/media?parent=28775"}],"wp:term":[{"taxonomy":"pwb-brand","embeddable":true,"href":"https:\/\/cheveuxluxe.com\/index.php\/wp-json\/wp\/v2\/pwb-brand?post=28775"},{"taxonomy":"product_cat","embeddable":true,"href":"https:\/\/cheveuxluxe.com\/index.php\/wp-json\/wp\/v2\/product_cat?post=28775"},{"taxonomy":"product_tag","embeddable":true,"href":"https:\/\/cheveuxluxe.com\/index.php\/wp-json\/wp\/v2\/product_tag?post=28775"}],"curies":[{"name":"wp","href":"https:\/\/api.w.org\/{rel}","templated":true}]}}