{"id":28782,"date":"2024-04-09T21:38:25","date_gmt":"2024-04-09T21:38:25","guid":{"rendered":"https:\/\/cheveuxluxe.com\/index.php\/product\/sibel-miroir-a-main-magic-22cm-noir\/"},"modified":"2024-04-13T13:53:11","modified_gmt":"2024-04-13T13:53:11","slug":"sibel-miroir-a-main-magic-22cm-noir","status":"publish","type":"product","link":"https:\/\/cheveuxluxe.com\/index.php\/product\/sibel-miroir-a-main-magic-22cm-noir\/","title":{"rendered":"Sibel Miroir \u00e0 Main Magic 22cm Noir"},"content":{"rendered":"<div class=\"product-content_bottom\">\n<div class=\"pdp-info\">\n<div class=\"pdp-tabs tab-container\">\n<div class=\"tab js-tab\">\n<h3 class=\"tab-title pdp-tabs_title js-tab-mobile-title open\"><span>Points cl\u00e9s<\/span><\/h3>\n<div class=\"tab-description pdp-tabs_description js-tab-description open\" itemprop=\"description\">\n<ul>\n<li> Miroir rond<\/li>\n<li>Poign\u00e9e <\/li>\n<li>Anneau antid\u00e9rapant<\/li>\n<li>Qualit\u00e9 professionnelle <\/li>\n<\/ul>\n<\/div>\n<\/div>\n<div class=\"tab js-tab\">\n<h3 class=\"tab-title pdp-tabs_title js-tab-mobile-title\"><span>Description<\/span><\/h3>\n<div class=\"tab-description pdp-tabs_description js-tab-description\" itemprop=\"description\">Partagez et affichez fi\u00e8rement votre coiffure une fois termin\u00e9e avec le miroir Magic Mirror de Sibel\u00ae ! Vos clients n\u2019auront plus \u00e0 se tordre le cou pour d\u00e9couvrir les finitions parfaites de votre coupe, les couleurs profondes et sublimes de vos colorations ou encore les mouvements souples et impeccables de vos coiffures.L\u00e9ger et ergonomique, ce miroir rond est \u00e9quip\u00e9 d\u2019une poign\u00e9e : vous saisissez et manipulez facilement cet accessoire indispensable \u00e0 votre quotidien, que vous soyez en salon ou \u00e0 domicile !On aime : son anneau antide?rapant en caoutchouc qui amortit le bruit lorsqu\u2019on le pose.<\/div>\n<\/div>\n<div class=\"tab js-tab\">\n<h3 class=\"tab-title pdp-tabs_title js-tab-mobile-title\"><span>Mode d&#8217;emploi<\/span><\/h3>\n<div class=\"tab-description pdp-tabs_description js-tab-description\">Une fois la touche finale apport\u00e9e \u00e0 votre coiffure, prenez votre miroir Magic Mirror et effectuez des mouvements de gauche \u00e0 droite \u00e0 l\u2019arri\u00e8re de la t\u00eate de votre client. Effet 3D garanti !Le conseil de pro : nettoyez r\u00e9guli\u00e8rement votre miroir, votre d\u00e9monstration n\u2019en sera que plus convaincante !<\/div>\n<\/div>\n<div class=\"tab js-tab\">\n<h3 class=\"tab-title pdp-tabs_title js-tab-mobile-title\"><span>Livraison et stock<\/span><\/h3>\n<div class=\"tab-description pdp-tabs_description js-tab-description\">\n<div class=\"pdp-delivery_info\">\n<div class=\"content-asset\">Livraison et d\u00e9laisRetours et remboursements<\/div>\n<\/div>\n<\/div>\n<\/div>\n<\/div>\n<\/div>\n<\/div>\n","protected":false},"excerpt":{"rendered":"<p>Points cl\u00e9s Miroir rond Poign\u00e9e Anneau antid\u00e9rapant Qualit\u00e9 professionnelle Description Partagez et affichez fi\u00e8rement votre&hellip;<\/p>\n","protected":false},"featured_media":17829,"comment_status":"open","ping_status":"closed","template":"","meta":[],"pwb-brand":[652],"product_cat":[557],"product_tag":[200,168,342],"class_list":{"0":"post-28782","1":"product","2":"type-product","3":"status-publish","4":"has-post-thumbnail","6":"pwb-brand-sibel","7":"product_cat-coiffure-et-beaute-a-domicile","8":"product_tag-coiffure-et-beaute-a-domicile","9":"product_tag-equipement-de-salon","10":"product_tag-sibel","12":"first","13":"instock","14":"taxable","15":"shipping-taxable","16":"purchasable","17":"product-type-simple","18":"layout-style-3","19":"col-md-4 col-sm-4 col-xs-6","20":"col-lg-3","21":"product-style-default"},"aioseo_notices":[],"brands":[{"id":652,"name":"Sibel","slug":"sibel"}],"_links":{"self":[{"href":"https:\/\/cheveuxluxe.com\/index.php\/wp-json\/wp\/v2\/product\/28782","targetHints":{"allow":["GET"]}}],"collection":[{"href":"https:\/\/cheveuxluxe.com\/index.php\/wp-json\/wp\/v2\/product"}],"about":[{"href":"https:\/\/cheveuxluxe.com\/index.php\/wp-json\/wp\/v2\/types\/product"}],"replies":[{"embeddable":true,"href":"https:\/\/cheveuxluxe.com\/index.php\/wp-json\/wp\/v2\/comments?post=28782"}],"version-history":[{"count":0,"href":"https:\/\/cheveuxluxe.com\/index.php\/wp-json\/wp\/v2\/product\/28782\/revisions"}],"wp:featuredmedia":[{"embeddable":true,"href":"https:\/\/cheveuxluxe.com\/index.php\/wp-json\/wp\/v2\/media\/17829"}],"wp:attachment":[{"href":"https:\/\/cheveuxluxe.com\/index.php\/wp-json\/wp\/v2\/media?parent=28782"}],"wp:term":[{"taxonomy":"pwb-brand","embeddable":true,"href":"https:\/\/cheveuxluxe.com\/index.php\/wp-json\/wp\/v2\/pwb-brand?post=28782"},{"taxonomy":"product_cat","embeddable":true,"href":"https:\/\/cheveuxluxe.com\/index.php\/wp-json\/wp\/v2\/product_cat?post=28782"},{"taxonomy":"product_tag","embeddable":true,"href":"https:\/\/cheveuxluxe.com\/index.php\/wp-json\/wp\/v2\/product_tag?post=28782"}],"curies":[{"name":"wp","href":"https:\/\/api.w.org\/{rel}","templated":true}]}}