{"id":28789,"date":"2024-04-09T21:38:32","date_gmt":"2024-04-09T21:38:32","guid":{"rendered":"https:\/\/cheveuxluxe.com\/index.php\/product\/sibel-aspirateur-cheveux-hair-vacuum\/"},"modified":"2024-04-13T16:12:13","modified_gmt":"2024-04-13T16:12:13","slug":"sibel-aspirateur-cheveux-hair-vacuum","status":"publish","type":"product","link":"https:\/\/cheveuxluxe.com\/index.php\/product\/sibel-aspirateur-cheveux-hair-vacuum\/","title":{"rendered":"Sibel Aspirateur Cheveux Hair Vacuum"},"content":{"rendered":"<div class=\"product-content_bottom\">\n<div class=\"pdp-info\">\n<div class=\"pdp-tabs tab-container\">\n<div class=\"tab js-tab\">\n<h3 class=\"tab-title pdp-tabs_title js-tab-mobile-title open\"><span>Points cl\u00e9s<\/span><\/h3>\n<div class=\"tab-description pdp-tabs_description js-tab-description open\" itemprop=\"description\">\n<ul>\n<li>1200W<\/li>\n<li>Capacit\u00e9 du r\u00e9servoir : 7,1 L<\/li>\n<li>Ouverture sur le bas pour faciliter le nettoyage<\/li>\n<li>Activation automatique et manuelle<\/li>\n<li>Double filtration : pr\u00e9-moteur et filtre d&rsquo;\u00e9chappement<\/li>\n<li>Filtres disponibles s\u00e9par\u00e9ment<\/li>\n<\/ul>\n<\/div>\n<\/div>\n<div class=\"tab js-tab\">\n<h3 class=\"tab-title pdp-tabs_title js-tab-mobile-title\"><span>Description<\/span><\/h3>\n<div class=\"tab-description pdp-tabs_description js-tab-description\" itemprop=\"description\">\n<p>Le Sibel Hair Vacuum est un excellent outil facile \u00e0 utiliser pour garder un sol de salon professionnel propre \u00e0 tout moment, sans cheveux, poussi\u00e8re ou autres d\u00e9chets. Cet aspirateur de salon silencieux au design chic et \u00e9l\u00e9gant poss\u00e8de une grande capacit\u00e9 de r\u00e9servoir (7,1 L). Vous n&rsquo;avez pas besoin d&rsquo;un sac en plastique, votre salon est donc beaucoup plus \u00e9cologique.<\/p>\n<p>L\u2019activation automatique fait en sorte que votre Hair Vacuum soit toujours allum\u00e9, pr\u00eat \u00e0 l\u2019emploi. Touchez-le du pied pour activer le mode manuel.<\/p>\n<p>Le syst\u00e8me de double filtration garde l&rsquo;air de votre salon propre et les deux filtres seront disponibles s\u00e9par\u00e9ment.<\/p>\n<p>\u00a0<\/p>\n<p>Dimensions:<\/p>\n<ul>\n<li>H: 53cm<\/li>\n<li>L: 31cm<\/li>\n<li>P: 19cm<\/li>\n<li>Poids: 5.8kg<\/li>\n<\/ul>\n<\/div>\n<\/div>\n<div class=\"tab js-tab\">\n<h3 class=\"tab-title pdp-tabs_title js-tab-mobile-title\"><span>Livraison et stock<\/span><\/h3>\n<div class=\"tab-description pdp-tabs_description js-tab-description\">\n<div class=\"pdp-delivery_info\">\n<div class=\"content-asset\">Livraison et d\u00e9laisRetours et remboursements<\/div>\n<\/div>\n<\/div>\n<\/div>\n<\/div>\n<\/div>\n<\/div>\n","protected":false},"excerpt":{"rendered":"<p>Points cl\u00e9s 1200W Capacit\u00e9 du r\u00e9servoir : 7,1 L Ouverture sur le bas pour faciliter&hellip;<\/p>\n","protected":false},"featured_media":17824,"comment_status":"open","ping_status":"closed","template":"","meta":[],"pwb-brand":[652],"product_cat":[557],"product_tag":[200,168,342],"class_list":{"0":"post-28789","1":"product","2":"type-product","3":"status-publish","4":"has-post-thumbnail","6":"pwb-brand-sibel","7":"product_cat-coiffure-et-beaute-a-domicile","8":"product_tag-coiffure-et-beaute-a-domicile","9":"product_tag-equipement-de-salon","10":"product_tag-sibel","12":"first","13":"instock","14":"taxable","15":"shipping-taxable","16":"purchasable","17":"product-type-simple","18":"layout-style-3","19":"col-md-4 col-sm-4 col-xs-6","20":"col-lg-3","21":"product-has-gallery","22":"product-style-default"},"aioseo_notices":[],"brands":[{"id":652,"name":"Sibel","slug":"sibel"}],"_links":{"self":[{"href":"https:\/\/cheveuxluxe.com\/index.php\/wp-json\/wp\/v2\/product\/28789","targetHints":{"allow":["GET"]}}],"collection":[{"href":"https:\/\/cheveuxluxe.com\/index.php\/wp-json\/wp\/v2\/product"}],"about":[{"href":"https:\/\/cheveuxluxe.com\/index.php\/wp-json\/wp\/v2\/types\/product"}],"replies":[{"embeddable":true,"href":"https:\/\/cheveuxluxe.com\/index.php\/wp-json\/wp\/v2\/comments?post=28789"}],"version-history":[{"count":0,"href":"https:\/\/cheveuxluxe.com\/index.php\/wp-json\/wp\/v2\/product\/28789\/revisions"}],"wp:featuredmedia":[{"embeddable":true,"href":"https:\/\/cheveuxluxe.com\/index.php\/wp-json\/wp\/v2\/media\/17824"}],"wp:attachment":[{"href":"https:\/\/cheveuxluxe.com\/index.php\/wp-json\/wp\/v2\/media?parent=28789"}],"wp:term":[{"taxonomy":"pwb-brand","embeddable":true,"href":"https:\/\/cheveuxluxe.com\/index.php\/wp-json\/wp\/v2\/pwb-brand?post=28789"},{"taxonomy":"product_cat","embeddable":true,"href":"https:\/\/cheveuxluxe.com\/index.php\/wp-json\/wp\/v2\/product_cat?post=28789"},{"taxonomy":"product_tag","embeddable":true,"href":"https:\/\/cheveuxluxe.com\/index.php\/wp-json\/wp\/v2\/product_tag?post=28789"}],"curies":[{"name":"wp","href":"https:\/\/api.w.org\/{rel}","templated":true}]}}