{"id":28792,"date":"2024-04-09T21:38:33","date_gmt":"2024-04-09T21:38:33","guid":{"rendered":"https:\/\/cheveuxluxe.com\/index.php\/product\/ellia-diffuseur-dhuiles-essentielles-a-ultrasons-gather-blanc\/"},"modified":"2024-04-13T13:53:31","modified_gmt":"2024-04-13T13:53:31","slug":"ellia-diffuseur-dhuiles-essentielles-a-ultrasons-gather-blanc","status":"publish","type":"product","link":"https:\/\/cheveuxluxe.com\/index.php\/product\/ellia-diffuseur-dhuiles-essentielles-a-ultrasons-gather-blanc\/","title":{"rendered":"Ellia Diffuseur d&rsquo;Huiles Essentielles \u00e0 Ultrasons Gather Blanc"},"content":{"rendered":"<div class=\"product-content_bottom\">\n<div class=\"pdp-info\">\n<div class=\"pdp-tabs tab-container\">\n<div class=\"tab js-tab\">\n<h3 class=\"tab-title pdp-tabs_title js-tab-mobile-title open\"><span>Points cl\u00e9s<\/span><\/h3>\n<div class=\"tab-description pdp-tabs_description js-tab-description open\" itemprop=\"description\">\n<ul>\n<li>Lumi\u00e8re aux couleurs changeantes<\/li>\n<li>Technologie ultrasons<\/li>\n<li>Sons relaxants et stimulants<\/li>\n<li>Apaisez votre esprit ou augmentez votre niveau d\u2019\u00e9nergie<\/li>\n<li>Autonomie 10 heures en continu ou 20h par intervalles<\/li>\n<li>Capacit\u00e9 du r\u00e9servoir: 200 ml<\/li>\n<\/ul>\n<\/div>\n<\/div>\n<div class=\"tab js-tab\">\n<h3 class=\"tab-title pdp-tabs_title js-tab-mobile-title\"><span>Description<\/span><\/h3>\n<div class=\"tab-description pdp-tabs_description js-tab-description\" itemprop=\"description\">Cr\u00e9ez l\u2019environnement parfait gr\u00e2ce aux huiles essentielles et diffuseurs Ellia. Nos magnifiques diffuseurs r\u00e9pandent doucement l\u2019ar\u00f4me des huiles essentielles Ellia dans l\u2019air pour diminuer le stress, clarifier les pens\u00e9es et apaiser le corps et l\u2019esprit. Les diffuseurs Ellia servent de pi\u00e8ces centrales \u00e9l\u00e9gantes et fonctionnelles qui ajoutent un style naturel \u00e0 votre domicile.<\/div>\n<\/div>\n<div class=\"tab js-tab\">\n<h3 class=\"tab-title pdp-tabs_title js-tab-mobile-title\"><span>Mode d&#8217;emploi<\/span><\/h3>\n<div class=\"tab-description pdp-tabs_description js-tab-description\">1. Enlever le couvercle ext\u00e9rieur de la base. Enlever ensuite le couvercle int\u00e9rieur.<br \/>2. Verser de l\u2019eau dans le r\u00e9servoir jusqu\u2019au niveau de remplissage maximum, puis ajouter 5-7 gouttes d\u2019huile essentielle.<br \/>3. Remettre les couvercles int\u00e9rieur et ext\u00e9rieur en place.<br \/>4. Brancher l\u2019adaptateur dans le diffuseur, puis l\u2019adaptateur dans une prise.<br \/>5. Choisir votre brume aromatique et vos options d\u2019\u00e9clairage et de sons.<br \/>Brume aromatique : votre diffuseur offre deux options de brume. Appuyer sur une fois pour obtenir une brume continue qui durera jusqu\u2019\u00e0 7 heures. Appuyer de nouveau pour obtenir une brume intermittente (en marche 30 secondes, arr\u00eat\u00e9e 30 secondes), qui durera jusqu\u2019\u00e0 14 heures. Appuyer une troisi\u00e8me fois pour arr\u00eater la brume. Quand votre diffuseur n\u2019a plus d\u2019eau, il s\u2019\u00e9teint automatiquement.<\/p>\n<p>\u00c9clairage multicolore : Appuyer sur une fois pour mettre en marche l\u2019\u00e9clairage multicolore. Appuyer de nouveau pour s\u00e9lectionner la couleur de votre choix. Appuyer une troisi\u00e8me fois pour \u00e9teindre l\u2019\u00e9clairage.<br \/>Luminosit\u00e9 : L\u2019\u00e9clairage doit \u00eatre activ\u00e9, puis appuyer sur une fois pour un \u00e9clairage \u00e9lev\u00e9. Appuyer de nouveau pour un \u00e9clairage moyen.<\/div>\n<\/div>\n<div class=\"tab js-tab\">\n<h3 class=\"tab-title pdp-tabs_title js-tab-mobile-title\"><span>Livraison et stock<\/span><\/h3>\n<div class=\"tab-description pdp-tabs_description js-tab-description\">\n<div class=\"pdp-delivery_info\">\n<div class=\"content-asset\">Livraison et d\u00e9laisRetours et remboursements<\/div>\n<\/div>\n<\/div>\n<\/div>\n<div class=\"tab js-tab\">\n<h3 class=\"tab-title pdp-tabs_title js-tab-mobile-title\"><span>Pr\u00e9cautions d&#8217;emploi<\/span><\/h3>\n<div class=\"tab-description pdp-tabs_description js-tab-description\">Toujours placer le diffuseur sur une surface plane et solide. Un tapis ou un panneau \u00e0 l\u2019\u00e9preuve de l\u2019eau est recommand\u00e9 en dessous du diffuseur. Ne le placez jamais sur un paillasson ou un tapis ou sur un plancher fini pouvant \u00eatre endommag\u00e9 par l\u2019exposition \u00e0 l\u2019eau ou \u00e0 l\u2019humidit\u00e9.<br \/>Toujours d\u00e9brancher l&rsquo;appareil de la prise \u00e9lectrique imm\u00e9diatement apr\u00e8s l&rsquo;avoir utilis\u00e9 et avant de le nettoyer.<br \/>NE PAS tenter de saisir un appareil qui est tomb\u00e9 dans l&rsquo;eau. Le d\u00e9brancher imm\u00e9diatement.<br \/>NE PAS placer ou laisser tomber dans l&rsquo;eau ou tout autre liquide.<br \/>Ne pas employer d&rsquo;eau \u00e0 une temp\u00e9rature sup\u00e9rieure \u00e0 30 \u00baC (86 \u00baF).<br \/>Utilisez cette unit\u00e9 uniquement pour son utilisation pr\u00e9vue telle que d\u00e9crite dans le pr\u00e9sent document, dans le guide de d\u00e9marrage rapide et le guide de l\u2019utilisateur.<br \/>Ne pas utiliser d&rsquo;accessoires non recommand\u00e9s par Ellia ou HoMedics ; sp\u00e9cifiquement, tout accessoire non fourni avec cet appareil.<br \/>NE JAMAIS \u00e9chapper ou ins\u00e9rer d&rsquo;objet dans quelque ouverture que ce soit.<br \/>NE PAS placer le diffuseur pr\u00e8s de sources de chaleur, par exemple, un po\u00eale.<br \/>Garder toujours le cordon d&rsquo;alimentation \u00e9loign\u00e9 des temp\u00e9ratures \u00e9lev\u00e9es et du feu.<br \/>Pour le d\u00e9brancher, placer toutes les commandes hors tension (Off), retirer ensuite la fiche de la prise.<br \/>NE PAS utiliser \u00e0 l&rsquo;ext\u00e9rieur. Pour \u00eatre utilis\u00e9 \u00e0 l&rsquo;int\u00e9rieur uniquement.<br \/>Ne jamais couvrir l\u2019appareil lorsqu\u2019il est en fonctionnement.<br \/>Si le cordon d&rsquo;alimentation subit des dommages, vous devez cesser d\u2019utiliser ce produit imm\u00e9diatement et contacter le Service des relations avec les consommateurs d\u2019Ellia (voir la rubrique Garantie pour les coordonn\u00e9es de contact des Relations avec les consommateurs).<br \/>Effectuer un entretien r\u00e9gulier de la membrane ultrasonique.<br \/>Ne jamais utiliser de d\u00e9tergent pour nettoyer la membrane ultrasonique.<br \/>Ne jamais nettoyer la membrane ultrasonique en la grattant avec un objet dur.<br \/>Ne pas tenter de r\u00e9gler ou de r\u00e9parer l\u2019appareil. L\u2019entretien courant doit \u00eatre effectu\u00e9 par un professionnel ou du personnel qualifi\u00e9.<br \/>Cesser d\u2019utiliser cet appareil s\u2019il produit une senteur ou un bruit inhabituels.<br \/>D\u00e9brancher cet appareil lorsqu\u2019il n\u2019est pas en utilisation durant une longue p\u00e9riode de temps.<br \/>Ne touchez pas \u00e0 l\u2019eau ni \u00e0 aucune pi\u00e8ce de l\u2019appareil couverte d\u2019eau pendant que l\u2019appareil est sous tension ou branch\u00e9.<br \/>Ne pas laver, r\u00e9gler ou d\u00e9placer cet appareil sans le d\u00e9brancher au pr\u00e9alable de la prise \u00e9lectrique.<br \/>Garder cet appareil hors de port\u00e9e des enfants.<\/div>\n<\/div>\n<\/div>\n<\/div>\n<\/div>\n","protected":false},"excerpt":{"rendered":"<p>Points cl\u00e9s Lumi\u00e8re aux couleurs changeantes Technologie ultrasons Sons relaxants et stimulants Apaisez votre esprit&hellip;<\/p>\n","protected":false},"featured_media":17843,"comment_status":"open","ping_status":"closed","template":"","meta":[],"pwb-brand":[707],"product_cat":[557],"product_tag":[200,562,168],"class_list":{"0":"post-28792","1":"product","2":"type-product","3":"status-publish","4":"has-post-thumbnail","6":"pwb-brand-ellia","7":"product_cat-coiffure-et-beaute-a-domicile","8":"product_tag-coiffure-et-beaute-a-domicile","9":"product_tag-ellia","10":"product_tag-equipement-de-salon","12":"first","13":"instock","14":"taxable","15":"shipping-taxable","16":"purchasable","17":"product-type-simple","18":"layout-style-3","19":"col-md-4 col-sm-4 col-xs-6","20":"col-lg-3","21":"product-has-gallery","22":"product-style-default"},"aioseo_notices":[],"brands":[{"id":707,"name":"Ellia","slug":"ellia"}],"_links":{"self":[{"href":"https:\/\/cheveuxluxe.com\/index.php\/wp-json\/wp\/v2\/product\/28792","targetHints":{"allow":["GET"]}}],"collection":[{"href":"https:\/\/cheveuxluxe.com\/index.php\/wp-json\/wp\/v2\/product"}],"about":[{"href":"https:\/\/cheveuxluxe.com\/index.php\/wp-json\/wp\/v2\/types\/product"}],"replies":[{"embeddable":true,"href":"https:\/\/cheveuxluxe.com\/index.php\/wp-json\/wp\/v2\/comments?post=28792"}],"version-history":[{"count":0,"href":"https:\/\/cheveuxluxe.com\/index.php\/wp-json\/wp\/v2\/product\/28792\/revisions"}],"wp:featuredmedia":[{"embeddable":true,"href":"https:\/\/cheveuxluxe.com\/index.php\/wp-json\/wp\/v2\/media\/17843"}],"wp:attachment":[{"href":"https:\/\/cheveuxluxe.com\/index.php\/wp-json\/wp\/v2\/media?parent=28792"}],"wp:term":[{"taxonomy":"pwb-brand","embeddable":true,"href":"https:\/\/cheveuxluxe.com\/index.php\/wp-json\/wp\/v2\/pwb-brand?post=28792"},{"taxonomy":"product_cat","embeddable":true,"href":"https:\/\/cheveuxluxe.com\/index.php\/wp-json\/wp\/v2\/product_cat?post=28792"},{"taxonomy":"product_tag","embeddable":true,"href":"https:\/\/cheveuxluxe.com\/index.php\/wp-json\/wp\/v2\/product_tag?post=28792"}],"curies":[{"name":"wp","href":"https:\/\/api.w.org\/{rel}","templated":true}]}}