{"id":28796,"date":"2024-04-09T21:38:41","date_gmt":"2024-04-09T21:38:41","guid":{"rendered":"https:\/\/cheveuxluxe.com\/index.php\/product\/ultron-bonnet-de-sechage-balloon\/"},"modified":"2024-04-13T13:53:32","modified_gmt":"2024-04-13T13:53:32","slug":"ultron-bonnet-de-sechage-balloon","status":"publish","type":"product","link":"https:\/\/cheveuxluxe.com\/index.php\/product\/ultron-bonnet-de-sechage-balloon\/","title":{"rendered":"Ultron Bonnet de s\u00e9chage Balloon"},"content":{"rendered":"<div class=\"product-content_bottom\">\n<div class=\"pdp-info\">\n<div class=\"pdp-tabs tab-container\">\n<div class=\"tab js-tab\">\n<h3 class=\"tab-title pdp-tabs_title js-tab-mobile-title open\"><span>Points cl\u00e9s<\/span><\/h3>\n<div class=\"tab-description pdp-tabs_description js-tab-description open\" itemprop=\"description\">\n<ul>\n<li> Bonnet de s\u00e9chage <\/li>\n<li>Apport de chaleur <\/li>\n<li>Gaine renforc\u00e9e <\/li>\n<li>Id\u00e9al d\u00e9placements <\/li>\n<\/ul>\n<\/div>\n<\/div>\n<div class=\"tab js-tab\">\n<h3 class=\"tab-title pdp-tabs_title js-tab-mobile-title\"><span>Description<\/span><\/h3>\n<div class=\"tab-description pdp-tabs_description js-tab-description\" itemprop=\"description\">Vos plannings sont serr\u00e9s ? Redoublez d\u2019efficacit\u00e9 avec Balloon, un bonnet de s\u00e9chage sign\u00e9 Ultron\u00ae. Id\u00e9al pour une utilisation \u00e0 domicile, ce produit apporte une chaleur homog\u00e8ne pour r\u00e9aliser diff\u00e9rents services de coiffure comme une mise en pli, une d\u00e9coloration ou encore un rituel de soin&#8230;.En tant que professionnel, vous avez besoin de produits sur lesquels vous pouvez compter. C\u2019est pourquoi ce bonnet a \u00e9t\u00e9 con\u00e7u avec une gaine renforc\u00e9e : vous pouvez vous d\u00e9placer l\u2019esprit tranquille.On aime : sa polyvalence ! Ce produit Ultron\u00ae est adaptable \u00e0 tous les s\u00e8che-cheveux.<\/div>\n<\/div>\n<div class=\"tab js-tab\">\n<h3 class=\"tab-title pdp-tabs_title js-tab-mobile-title\"><span>Mode d&#8217;emploi<\/span><\/h3>\n<div class=\"tab-description pdp-tabs_description js-tab-description\">Ce bonnet de s\u00e9chage s\u2019utilise en combinaison avec un s\u00e8che-cheveux. Posez le bonnet sur la t\u00eate de votre client, avant de glisser le s\u00e8che-cheveux dans la gaine pr\u00e9vue \u00e0 cet effet. Branchez, allumez, et laissez la chaleur se propager pendant le temps de pause de votre service !<\/div>\n<\/div>\n<div class=\"tab js-tab\">\n<h3 class=\"tab-title pdp-tabs_title js-tab-mobile-title\"><span>Livraison et stock<\/span><\/h3>\n<div class=\"tab-description pdp-tabs_description js-tab-description\">\n<div class=\"pdp-delivery_info\">\n<div class=\"content-asset\">Livraison et d\u00e9laisRetours et remboursements<\/div>\n<\/div>\n<\/div>\n<\/div>\n<\/div>\n<\/div>\n<\/div>\n","protected":false},"excerpt":{"rendered":"<p>Points cl\u00e9s Bonnet de s\u00e9chage Apport de chaleur Gaine renforc\u00e9e Id\u00e9al d\u00e9placements Description Vos plannings&hellip;<\/p>\n","protected":false},"featured_media":28793,"comment_status":"open","ping_status":"closed","template":"","meta":[],"pwb-brand":[668],"product_cat":[557],"product_tag":[200,168,407],"class_list":{"0":"post-28796","1":"product","2":"type-product","3":"status-publish","4":"has-post-thumbnail","6":"pwb-brand-ultron","7":"product_cat-coiffure-et-beaute-a-domicile","8":"product_tag-coiffure-et-beaute-a-domicile","9":"product_tag-equipement-de-salon","10":"product_tag-ultron","12":"first","13":"instock","14":"taxable","15":"shipping-taxable","16":"purchasable","17":"product-type-simple","18":"layout-style-3","19":"col-md-4 col-sm-4 col-xs-6","20":"col-lg-3","21":"product-has-gallery","22":"product-style-default"},"aioseo_notices":[],"brands":[{"id":668,"name":"Ultron","slug":"ultron"}],"_links":{"self":[{"href":"https:\/\/cheveuxluxe.com\/index.php\/wp-json\/wp\/v2\/product\/28796","targetHints":{"allow":["GET"]}}],"collection":[{"href":"https:\/\/cheveuxluxe.com\/index.php\/wp-json\/wp\/v2\/product"}],"about":[{"href":"https:\/\/cheveuxluxe.com\/index.php\/wp-json\/wp\/v2\/types\/product"}],"replies":[{"embeddable":true,"href":"https:\/\/cheveuxluxe.com\/index.php\/wp-json\/wp\/v2\/comments?post=28796"}],"version-history":[{"count":0,"href":"https:\/\/cheveuxluxe.com\/index.php\/wp-json\/wp\/v2\/product\/28796\/revisions"}],"wp:featuredmedia":[{"embeddable":true,"href":"https:\/\/cheveuxluxe.com\/index.php\/wp-json\/wp\/v2\/media\/28793"}],"wp:attachment":[{"href":"https:\/\/cheveuxluxe.com\/index.php\/wp-json\/wp\/v2\/media?parent=28796"}],"wp:term":[{"taxonomy":"pwb-brand","embeddable":true,"href":"https:\/\/cheveuxluxe.com\/index.php\/wp-json\/wp\/v2\/pwb-brand?post=28796"},{"taxonomy":"product_cat","embeddable":true,"href":"https:\/\/cheveuxluxe.com\/index.php\/wp-json\/wp\/v2\/product_cat?post=28796"},{"taxonomy":"product_tag","embeddable":true,"href":"https:\/\/cheveuxluxe.com\/index.php\/wp-json\/wp\/v2\/product_tag?post=28796"}],"curies":[{"name":"wp","href":"https:\/\/api.w.org\/{rel}","templated":true}]}}