{"id":28822,"date":"2024-04-09T21:39:28","date_gmt":"2024-04-09T21:39:28","guid":{"rendered":"https:\/\/cheveuxluxe.com\/index.php\/product\/sibel-tablier-carine-en-plastique-souple\/"},"modified":"2024-04-13T14:23:11","modified_gmt":"2024-04-13T14:23:11","slug":"sibel-tablier-carine-en-plastique-souple","status":"publish","type":"product","link":"https:\/\/cheveuxluxe.com\/index.php\/product\/sibel-tablier-carine-en-plastique-souple\/","title":{"rendered":"Sibel Tablier Carine en plastique souple"},"content":{"rendered":"<div class=\"product-content_bottom\">\n<div class=\"pdp-info\">\n<div class=\"pdp-tabs tab-container\">\n<div class=\"tab js-tab\">\n<h3 class=\"tab-title pdp-tabs_title js-tab-mobile-title open\"><span>Points cl\u00e9s<\/span><\/h3>\n<div class=\"tab-description pdp-tabs_description js-tab-description open\" itemprop=\"description\">\n<ul>\n<li> Fin<\/li>\n<li>R\u00e9sistant \u00e0 l\u2019eau<\/li>\n<li>Protection maximale<\/li>\n<li>R\u00e9utilisable <\/li>\n<\/ul>\n<\/div>\n<\/div>\n<div class=\"tab js-tab\">\n<h3 class=\"tab-title pdp-tabs_title js-tab-mobile-title\"><span>Description<\/span><\/h3>\n<div class=\"tab-description pdp-tabs_description js-tab-description\" itemprop=\"description\">Indispensable pour \u00e9viter d\u2019ab\u00eemer ou de tacher les v\u00eatements pendant les diff\u00e9rents types de service effectu\u00e9s en salon, le tablier en plastique souple Carine de Sibel\u00ae vous garantit une protection optimale contre les \u00e9claboussures accidentelles de produits corrosifs et chimiques.Outre son c\u00f4t\u00e9 pratique, ce tablier \u00e9tanche r\u00e9siste \u00e0 tous les produits colorants, quelle que soit leur composition. Lavable \u00e0 40\u00b0 en machine, il se r\u00e9utilise jour apr\u00e8s jour !Con\u00e7u dans une mati\u00e8re plastique souple, l\u00e9g\u00e8re et imperm\u00e9able, ce tablier est confortable et s\u2019adapte \u00e0 toutes les morphologies. Le lien d\u2019attache est plac\u00e9 dans le dos pour plus de praticit\u00e9 et de libert\u00e9 dans vos mouvements.On aime : ses deux poches \u00e0 l\u2019avant, ultra pratiques !<\/div>\n<\/div>\n<div class=\"tab js-tab\">\n<h3 class=\"tab-title pdp-tabs_title js-tab-mobile-title\"><span>Mode d&#8217;emploi<\/span><\/h3>\n<div class=\"tab-description pdp-tabs_description js-tab-description\">Enfilez et attachez le tablier de protection. Apr\u00e8s usage, nettoyez-le \u00e0 l\u2019eau pour enlever les \u00e9ventuels r\u00e9sidus de produits chimiques.<\/div>\n<\/div>\n<div class=\"tab js-tab\">\n<h3 class=\"tab-title pdp-tabs_title js-tab-mobile-title\"><span>Livraison et stock<\/span><\/h3>\n<div class=\"tab-description pdp-tabs_description js-tab-description\">\n<div class=\"pdp-delivery_info\">\n<div class=\"content-asset\">Livraison et d\u00e9laisRetours et remboursements<\/div>\n<\/div>\n<\/div>\n<\/div>\n<\/div>\n<\/div>\n<\/div>\n","protected":false},"excerpt":{"rendered":"<p>Points cl\u00e9s Fin R\u00e9sistant \u00e0 l\u2019eau Protection maximale R\u00e9utilisable Description Indispensable pour \u00e9viter d\u2019ab\u00eemer ou&hellip;<\/p>\n","protected":false},"featured_media":18964,"comment_status":"open","ping_status":"closed","template":"","meta":[],"pwb-brand":[652],"product_cat":[612],"product_tag":[613,127,342],"class_list":{"0":"post-28822","1":"product","2":"type-product","3":"status-publish","4":"has-post-thumbnail","6":"pwb-brand-sibel","7":"product_cat-essentiels-coiffure-pour-etudiants","8":"product_tag-essentiels-coiffure-pour-etudiants","9":"product_tag-shampooing-et-coiffure","10":"product_tag-sibel","12":"first","13":"instock","14":"taxable","15":"shipping-taxable","16":"purchasable","17":"product-type-simple","18":"layout-style-3","19":"col-md-4 col-sm-4 col-xs-6","20":"col-lg-3","21":"product-style-default"},"aioseo_notices":[],"brands":[{"id":652,"name":"Sibel","slug":"sibel"}],"_links":{"self":[{"href":"https:\/\/cheveuxluxe.com\/index.php\/wp-json\/wp\/v2\/product\/28822","targetHints":{"allow":["GET"]}}],"collection":[{"href":"https:\/\/cheveuxluxe.com\/index.php\/wp-json\/wp\/v2\/product"}],"about":[{"href":"https:\/\/cheveuxluxe.com\/index.php\/wp-json\/wp\/v2\/types\/product"}],"replies":[{"embeddable":true,"href":"https:\/\/cheveuxluxe.com\/index.php\/wp-json\/wp\/v2\/comments?post=28822"}],"version-history":[{"count":0,"href":"https:\/\/cheveuxluxe.com\/index.php\/wp-json\/wp\/v2\/product\/28822\/revisions"}],"wp:featuredmedia":[{"embeddable":true,"href":"https:\/\/cheveuxluxe.com\/index.php\/wp-json\/wp\/v2\/media\/18964"}],"wp:attachment":[{"href":"https:\/\/cheveuxluxe.com\/index.php\/wp-json\/wp\/v2\/media?parent=28822"}],"wp:term":[{"taxonomy":"pwb-brand","embeddable":true,"href":"https:\/\/cheveuxluxe.com\/index.php\/wp-json\/wp\/v2\/pwb-brand?post=28822"},{"taxonomy":"product_cat","embeddable":true,"href":"https:\/\/cheveuxluxe.com\/index.php\/wp-json\/wp\/v2\/product_cat?post=28822"},{"taxonomy":"product_tag","embeddable":true,"href":"https:\/\/cheveuxluxe.com\/index.php\/wp-json\/wp\/v2\/product_tag?post=28822"}],"curies":[{"name":"wp","href":"https:\/\/api.w.org\/{rel}","templated":true}]}}