{"id":28824,"date":"2024-04-09T21:39:31","date_gmt":"2024-04-09T21:39:31","guid":{"rendered":"https:\/\/cheveuxluxe.com\/index.php\/product\/asp-finishing-wipe-120ml\/"},"modified":"2024-04-13T13:54:10","modified_gmt":"2024-04-13T13:54:10","slug":"asp-finishing-wipe-120ml","status":"publish","type":"product","link":"https:\/\/cheveuxluxe.com\/index.php\/product\/asp-finishing-wipe-120ml\/","title":{"rendered":"ASP Finishing Wipe 120ml"},"content":{"rendered":"<div class=\"product-content_bottom\">\n<div class=\"pdp-info\">\n<div class=\"pdp-tabs tab-container\">\n<div class=\"tab js-tab\">\n<h3 class=\"tab-title pdp-tabs_title js-tab-mobile-title open\"><span>Points cl\u00e9s<\/span><\/h3>\n<div class=\"tab-description pdp-tabs_description js-tab-description open\" itemprop=\"description\">\n<ul>\n<li>Fluide Finishing Wipe d\u2019ASP<\/li>\n<li>\u00c9limine les r\u00e9sidus collants des traitements par gel UV<\/li>\n<li>Peut \u00eatre utilis\u00e9 pour nettoyer les brosses<\/li>\n<li>Conditionnement de 100\u00a0ml<\/li>\n<\/ul>\n<\/div>\n<\/div>\n<div class=\"tab js-tab\">\n<h3 class=\"tab-title pdp-tabs_title js-tab-mobile-title\"><span>Description<\/span><\/h3>\n<div class=\"tab-description pdp-tabs_description js-tab-description\" itemprop=\"description\">Fluide Finishing Wipe d\u2019ASP, con\u00e7u pour faciliter l&rsquo;\u00e9limination rapide et facile des r\u00e9sidus collants des gels UV. \u00c9galement utile pour le nettoyage des brosses. Emballage de 100\u00a0ml.<\/div>\n<\/div>\n<div class=\"tab js-tab\">\n<h3 class=\"tab-title pdp-tabs_title js-tab-mobile-title\"><span>Mode d&#8217;emploi<\/span><\/h3>\n<div class=\"tab-description pdp-tabs_description js-tab-description\">Apr\u00e8s avoir termin\u00e9 le traitement de gel dur, de gel de trempage ou de vernis gel, appliquez une petite quantit\u00e9 de solution Finishing Wipe sur un coton pour enlever les r\u00e9sidus collants.<\/div>\n<\/div>\n<div class=\"tab js-tab\">\n<h3 class=\"tab-title pdp-tabs_title js-tab-mobile-title\"><span>Ingr\u00e9dients<\/span><\/h3>\n<div class=\"tab-description pdp-tabs_description js-tab-description\">Isopropyl Alcohol, Water, Eau, Thymol, Chlorothymol, Ci 42090 (Blue 1).<\/div>\n<\/div>\n<div class=\"tab js-tab\">\n<h3 class=\"tab-title pdp-tabs_title js-tab-mobile-title\"><span>Livraison et stock<\/span><\/h3>\n<div class=\"tab-description pdp-tabs_description js-tab-description\">\n<div class=\"pdp-delivery_info\">\n<div class=\"content-asset\">Livraison et d\u00e9laisRetours et remboursements<\/div>\n<\/div>\n<\/div>\n<\/div>\n<div class=\"tab js-tab\">\n<h3 class=\"tab-title pdp-tabs_title js-tab-mobile-title\"><span>Pr\u00e9cautions d&#8217;emploi<\/span><\/h3>\n<div class=\"tab-description pdp-tabs_description js-tab-description\">Tenir hors de port\u00e9e des enfants. Irritant.<\/div>\n<\/div>\n<\/div>\n<\/div>\n<\/div>\n","protected":false},"excerpt":{"rendered":"<p>Points cl\u00e9s Fluide Finishing Wipe d\u2019ASP \u00c9limine les r\u00e9sidus collants des traitements par gel UV&hellip;<\/p>\n","protected":false},"featured_media":28823,"comment_status":"open","ping_status":"closed","template":"","meta":[],"pwb-brand":[626],"product_cat":[567],"product_tag":[458,168,568],"class_list":{"0":"post-28824","1":"product","2":"type-product","3":"status-publish","4":"has-post-thumbnail","6":"pwb-brand-asp","7":"product_cat-hygiene","8":"product_tag-asp","9":"product_tag-equipement-de-salon","10":"product_tag-hygiene","12":"first","13":"instock","14":"taxable","15":"shipping-taxable","16":"purchasable","17":"product-type-simple","18":"layout-style-3","19":"col-md-4 col-sm-4 col-xs-6","20":"col-lg-3","21":"product-style-default"},"aioseo_notices":[],"brands":[{"id":626,"name":"ASP","slug":"asp"}],"_links":{"self":[{"href":"https:\/\/cheveuxluxe.com\/index.php\/wp-json\/wp\/v2\/product\/28824","targetHints":{"allow":["GET"]}}],"collection":[{"href":"https:\/\/cheveuxluxe.com\/index.php\/wp-json\/wp\/v2\/product"}],"about":[{"href":"https:\/\/cheveuxluxe.com\/index.php\/wp-json\/wp\/v2\/types\/product"}],"replies":[{"embeddable":true,"href":"https:\/\/cheveuxluxe.com\/index.php\/wp-json\/wp\/v2\/comments?post=28824"}],"version-history":[{"count":0,"href":"https:\/\/cheveuxluxe.com\/index.php\/wp-json\/wp\/v2\/product\/28824\/revisions"}],"wp:featuredmedia":[{"embeddable":true,"href":"https:\/\/cheveuxluxe.com\/index.php\/wp-json\/wp\/v2\/media\/28823"}],"wp:attachment":[{"href":"https:\/\/cheveuxluxe.com\/index.php\/wp-json\/wp\/v2\/media?parent=28824"}],"wp:term":[{"taxonomy":"pwb-brand","embeddable":true,"href":"https:\/\/cheveuxluxe.com\/index.php\/wp-json\/wp\/v2\/pwb-brand?post=28824"},{"taxonomy":"product_cat","embeddable":true,"href":"https:\/\/cheveuxluxe.com\/index.php\/wp-json\/wp\/v2\/product_cat?post=28824"},{"taxonomy":"product_tag","embeddable":true,"href":"https:\/\/cheveuxluxe.com\/index.php\/wp-json\/wp\/v2\/product_tag?post=28824"}],"curies":[{"name":"wp","href":"https:\/\/api.w.org\/{rel}","templated":true}]}}