{"id":28826,"date":"2024-04-09T21:39:40","date_gmt":"2024-04-09T21:39:40","guid":{"rendered":"https:\/\/cheveuxluxe.com\/index.php\/product\/asp-hygiene-nails-cleansing-spray-120ml\/"},"modified":"2024-04-13T13:54:11","modified_gmt":"2024-04-13T13:54:11","slug":"asp-hygiene-nails-cleansing-spray-120ml","status":"publish","type":"product","link":"https:\/\/cheveuxluxe.com\/index.php\/product\/asp-hygiene-nails-cleansing-spray-120ml\/","title":{"rendered":"ASP Hygiene &#038; Nails Cleansing Spray 120ml"},"content":{"rendered":"<div class=\"product-content_bottom\">\n<div class=\"pdp-info\">\n<div class=\"pdp-tabs tab-container\">\n<div class=\"tab js-tab\">\n<h3 class=\"tab-title pdp-tabs_title js-tab-mobile-title open\"><span>Points cl\u00e9s<\/span><\/h3>\n<div class=\"tab-description pdp-tabs_description js-tab-description open\" itemprop=\"description\">\n<ul>\n<li>Spray pour l&rsquo;hygi\u00e8ne et le nettoyage des ongles ASP<\/li>\n<li>Emp\u00eache la contamination crois\u00e9e et la propagation des germes<\/li>\n<li>D\u00e9truit le staphylocoque dor\u00e9 en 30\u00a0secondes<\/li>\n<li>Assainit votre espace de travail<\/li>\n<li>D\u00e9sinfecte les outils<\/li>\n<\/ul>\n<\/div>\n<\/div>\n<div class=\"tab js-tab\">\n<h3 class=\"tab-title pdp-tabs_title js-tab-mobile-title\"><span>Description<\/span><\/h3>\n<div class=\"tab-description pdp-tabs_description js-tab-description\" itemprop=\"description\">Le spray ASP pour l&rsquo;hygi\u00e8ne et le nettoyage des ongles est un antiseptique efficace pour combattre les champignons et les bact\u00e9ries souvent associ\u00e9s aux pointes d&rsquo;ongles et aux produits de sculpture. Contient du chlorothymol (thymol) qui emp\u00eache la contamination crois\u00e9e et la propagation des germes. Ce produit nettoie et pr\u00e9pare l&rsquo;ongle naturel pour les services d&rsquo;extension des ongles sans rin\u00e7age. Livr\u00e9 dans une bouteille de 120\u00a0ml.<\/div>\n<\/div>\n<div class=\"tab js-tab\">\n<h3 class=\"tab-title pdp-tabs_title js-tab-mobile-title\"><span>Mode d&#8217;emploi<\/span><\/h3>\n<div class=\"tab-description pdp-tabs_description js-tab-description\">Vaporisez g\u00e9n\u00e9reusement sur les ongles avant d&rsquo;appliquer les faux-ongles, les sculptures, les enveloppes ou les ongles en gel. Essuyez. Sert \u00e0 pr\u00e9parer la surface des ongles pour tous les services d&rsquo;onglerie. Peut \u00e9galement \u00eatre utilis\u00e9 pour essuyer votre station de manucure et vos outils \u00e0 ongles.<\/div>\n<\/div>\n<div class=\"tab js-tab\">\n<h3 class=\"tab-title pdp-tabs_title js-tab-mobile-title\"><span>Ingr\u00e9dients<\/span><\/h3>\n<div class=\"tab-description pdp-tabs_description js-tab-description\">Isopropyl Alcohol , Water, Chlorothymol, Fd&amp;C, Blue 1.<\/div>\n<\/div>\n<div class=\"tab js-tab\">\n<h3 class=\"tab-title pdp-tabs_title js-tab-mobile-title\"><span>Livraison et stock<\/span><\/h3>\n<div class=\"tab-description pdp-tabs_description js-tab-description\">\n<div class=\"pdp-delivery_info\">\n<div class=\"content-asset\">Livraison et d\u00e9laisRetours et remboursements<\/div>\n<\/div>\n<\/div>\n<\/div>\n<\/div>\n<\/div>\n<\/div>\n","protected":false},"excerpt":{"rendered":"<p>Points cl\u00e9s Spray pour l&rsquo;hygi\u00e8ne et le nettoyage des ongles ASP Emp\u00eache la contamination crois\u00e9e&hellip;<\/p>\n","protected":false},"featured_media":28825,"comment_status":"open","ping_status":"closed","template":"","meta":[],"pwb-brand":[626],"product_cat":[567],"product_tag":[458,168,568],"class_list":{"0":"post-28826","1":"product","2":"type-product","3":"status-publish","4":"has-post-thumbnail","6":"pwb-brand-asp","7":"product_cat-hygiene","8":"product_tag-asp","9":"product_tag-equipement-de-salon","10":"product_tag-hygiene","12":"first","13":"instock","14":"taxable","15":"shipping-taxable","16":"purchasable","17":"product-type-simple","18":"layout-style-3","19":"col-md-4 col-sm-4 col-xs-6","20":"col-lg-3","21":"product-style-default"},"aioseo_notices":[],"brands":[{"id":626,"name":"ASP","slug":"asp"}],"_links":{"self":[{"href":"https:\/\/cheveuxluxe.com\/index.php\/wp-json\/wp\/v2\/product\/28826","targetHints":{"allow":["GET"]}}],"collection":[{"href":"https:\/\/cheveuxluxe.com\/index.php\/wp-json\/wp\/v2\/product"}],"about":[{"href":"https:\/\/cheveuxluxe.com\/index.php\/wp-json\/wp\/v2\/types\/product"}],"replies":[{"embeddable":true,"href":"https:\/\/cheveuxluxe.com\/index.php\/wp-json\/wp\/v2\/comments?post=28826"}],"version-history":[{"count":0,"href":"https:\/\/cheveuxluxe.com\/index.php\/wp-json\/wp\/v2\/product\/28826\/revisions"}],"wp:featuredmedia":[{"embeddable":true,"href":"https:\/\/cheveuxluxe.com\/index.php\/wp-json\/wp\/v2\/media\/28825"}],"wp:attachment":[{"href":"https:\/\/cheveuxluxe.com\/index.php\/wp-json\/wp\/v2\/media?parent=28826"}],"wp:term":[{"taxonomy":"pwb-brand","embeddable":true,"href":"https:\/\/cheveuxluxe.com\/index.php\/wp-json\/wp\/v2\/pwb-brand?post=28826"},{"taxonomy":"product_cat","embeddable":true,"href":"https:\/\/cheveuxluxe.com\/index.php\/wp-json\/wp\/v2\/product_cat?post=28826"},{"taxonomy":"product_tag","embeddable":true,"href":"https:\/\/cheveuxluxe.com\/index.php\/wp-json\/wp\/v2\/product_tag?post=28826"}],"curies":[{"name":"wp","href":"https:\/\/api.w.org\/{rel}","templated":true}]}}