{"id":28864,"date":"2024-04-09T21:42:23","date_gmt":"2024-04-09T21:42:23","guid":{"rendered":"https:\/\/cheveuxluxe.com\/index.php\/product\/xp100-shampooing-repair-1l\/"},"modified":"2024-04-13T14:25:29","modified_gmt":"2024-04-13T14:25:29","slug":"xp100-shampooing-repair-1l","status":"publish","type":"product","link":"https:\/\/cheveuxluxe.com\/index.php\/product\/xp100-shampooing-repair-1l\/","title":{"rendered":"XP100 Shampooing Repair 1l"},"content":{"rendered":"<div class=\"product-content_bottom\">\n<div class=\"pdp-info\">\n<div class=\"pdp-tabs tab-container\">\n<div class=\"tab js-tab\">\n<h3 class=\"tab-title pdp-tabs_title js-tab-mobile-title open\"><span>Points cl\u00e9s<\/span><\/h3>\n<div class=\"tab-description pdp-tabs_description js-tab-description open\" itemprop=\"description\">\n<ul>\n<li> Restaure et nourrit le cheveu<\/li>\n<li>Pour cheveux tr\u00e8s secs et ab\u00eem\u00e9s<\/li>\n<li>Huile de romarin<\/li>\n<li>Sans parab\u00e8nes<\/li>\n<li>Propri\u00e9t\u00e9s antibact\u00e9riennes <\/li>\n<\/ul>\n<\/div>\n<\/div>\n<div class=\"tab js-tab\">\n<h3 class=\"tab-title pdp-tabs_title js-tab-mobile-title\"><span>Description<\/span><\/h3>\n<div class=\"tab-description pdp-tabs_description js-tab-description\" itemprop=\"description\">Sp\u00e9cialement formul\u00e9 pour les cheveux tr\u00e8s secs et ab\u00eem\u00e9s, le shampooing Repair de XP100 nettoie en douceur, restaure et nourrit, shampooing apr\u00e8s shampooing.Ce lavant contient de l\u2019huile de romarin aux propri\u00e9t\u00e9s anti-inflammatoires et antibact\u00e9riennes. Il prot\u00e8ge donc le cheveu tout en lui apportant brillance et douceur.Ce shampooing est formul\u00e9 sans parab\u00e8nes et convient pour un usage quotidien.<\/div>\n<\/div>\n<div class=\"tab js-tab\">\n<h3 class=\"tab-title pdp-tabs_title js-tab-mobile-title\"><span>Mode d&#8217;emploi<\/span><\/h3>\n<div class=\"tab-description pdp-tabs_description js-tab-description\">R\u00e9partissez le shampooing Repair de XP100 de mani\u00e8re homog\u00e8ne sur les cheveux humides et le cuir chevelu.Faites mousser, puis rincez abondamment.R\u00e9p\u00e9tez si n\u00e9cessaire.<\/div>\n<\/div>\n<div class=\"tab js-tab\">\n<h3 class=\"tab-title pdp-tabs_title js-tab-mobile-title\"><span>Ingr\u00e9dients<\/span><\/h3>\n<div class=\"tab-description pdp-tabs_description js-tab-description\">Aqua (Water), Sodium Laureth Sulfate, Cocamidopropyl Betaine, Ammonium Lauryl Sulfate, Polyquaternium-7, Glycol Distearate, Panthenol, Rosmarinus Officinalis (Rosemary) Leaf Oil, Cocodimonium Hydroxypropyl Hydrolyzed Wheat Protein, Hydrolyzed Soy Protein, Aloe Barbadensis, Amodimethicone, Guar Hydroxypropyltrimonium Chloride, Tocopheryl Acetate, Sodium Chloride, Cocamide MEA, Parfum (Fragrance), Laureth-10, Citric Acid, Cetrimonium Chloride, Trideceth-12, Linalool, Hexyl Cinnamal, Citronellol, Sodium Benzoate, Methylchloroisothiazolinone, Methylisothiazolinone<\/div>\n<\/div>\n<div class=\"tab js-tab\">\n<h3 class=\"tab-title pdp-tabs_title js-tab-mobile-title\"><span>Livraison et stock<\/span><\/h3>\n<div class=\"tab-description pdp-tabs_description js-tab-description\">\n<div class=\"pdp-delivery_info\">\n<div class=\"content-asset\">Livraison et d\u00e9laisRetours et remboursements<\/div>\n<\/div>\n<\/div>\n<\/div>\n<div class=\"tab js-tab\">\n<h3 class=\"tab-title pdp-tabs_title js-tab-mobile-title\"><span>Pr\u00e9cautions d&#8217;emploi<\/span><\/h3>\n<div class=\"tab-description pdp-tabs_description js-tab-description\">\u00c9viter le contact avec les yeux. En cas de contact, rincer abondamment.<\/div>\n<\/div>\n<\/div>\n<\/div>\n<\/div>\n","protected":false},"excerpt":{"rendered":"<p>Points cl\u00e9s Restaure et nourrit le cheveu Pour cheveux tr\u00e8s secs et ab\u00eem\u00e9s Huile de&hellip;<\/p>\n","protected":false},"featured_media":16117,"comment_status":"open","ping_status":"closed","template":"","meta":[],"pwb-brand":[627],"product_cat":[617],"product_tag":[274,273,360],"class_list":{"0":"post-28864","1":"product","2":"type-product","3":"status-publish","4":"has-post-thumbnail","6":"pwb-brand-xp100","7":"product_cat-coiffure","8":"product_tag-coiffure","9":"product_tag-vegan","10":"product_tag-xp100","12":"first","13":"instock","14":"taxable","15":"shipping-taxable","16":"purchasable","17":"product-type-simple","18":"layout-style-3","19":"col-md-4 col-sm-4 col-xs-6","20":"col-lg-3","21":"product-style-default"},"aioseo_notices":[],"brands":[{"id":627,"name":"XP100","slug":"xp100"}],"_links":{"self":[{"href":"https:\/\/cheveuxluxe.com\/index.php\/wp-json\/wp\/v2\/product\/28864","targetHints":{"allow":["GET"]}}],"collection":[{"href":"https:\/\/cheveuxluxe.com\/index.php\/wp-json\/wp\/v2\/product"}],"about":[{"href":"https:\/\/cheveuxluxe.com\/index.php\/wp-json\/wp\/v2\/types\/product"}],"replies":[{"embeddable":true,"href":"https:\/\/cheveuxluxe.com\/index.php\/wp-json\/wp\/v2\/comments?post=28864"}],"version-history":[{"count":0,"href":"https:\/\/cheveuxluxe.com\/index.php\/wp-json\/wp\/v2\/product\/28864\/revisions"}],"wp:featuredmedia":[{"embeddable":true,"href":"https:\/\/cheveuxluxe.com\/index.php\/wp-json\/wp\/v2\/media\/16117"}],"wp:attachment":[{"href":"https:\/\/cheveuxluxe.com\/index.php\/wp-json\/wp\/v2\/media?parent=28864"}],"wp:term":[{"taxonomy":"pwb-brand","embeddable":true,"href":"https:\/\/cheveuxluxe.com\/index.php\/wp-json\/wp\/v2\/pwb-brand?post=28864"},{"taxonomy":"product_cat","embeddable":true,"href":"https:\/\/cheveuxluxe.com\/index.php\/wp-json\/wp\/v2\/product_cat?post=28864"},{"taxonomy":"product_tag","embeddable":true,"href":"https:\/\/cheveuxluxe.com\/index.php\/wp-json\/wp\/v2\/product_tag?post=28864"}],"curies":[{"name":"wp","href":"https:\/\/api.w.org\/{rel}","templated":true}]}}